{"id":473,"date":"2019-10-18T15:08:54","date_gmt":"2019-10-18T13:08:54","guid":{"rendered":"https:\/\/www.carptigernuts.com\/?page_id=473"},"modified":"2019-10-19T11:53:34","modified_gmt":"2019-10-19T09:53:34","slug":"a-propos-de-nous","status":"publish","type":"page","link":"https:\/\/www.carptigernuts.com\/fr\/a-propos-de-nous\/","title":{"rendered":"A propos"},"content":{"rendered":"\t\t<div data-elementor-type=\"wp-page\" data-elementor-id=\"473\" class=\"elementor elementor-473 elementor-135\" data-elementor-post-type=\"page\">\n\t\t\t\t\t\t<section class=\"elementor-section elementor-top-section elementor-element elementor-element-d9fad48 elementor-section-boxed elementor-section-height-default elementor-section-height-default\" data-id=\"d9fad48\" data-element_type=\"section\" data-e-type=\"section\">\n\t\t\t\t\t\t<div class=\"elementor-container elementor-column-gap-default\">\n\t\t\t\t\t<div class=\"elementor-column elementor-col-100 elementor-top-column elementor-element elementor-element-54dbecec\" data-id=\"54dbecec\" data-element_type=\"column\" data-e-type=\"column\">\n\t\t\t<div class=\"elementor-widget-wrap elementor-element-populated\">\n\t\t\t\t\t\t<div class=\"elementor-element elementor-element-517d768b elementor-widget elementor-widget-heading\" data-id=\"517d768b\" data-element_type=\"widget\" data-e-type=\"widget\" data-widget_type=\"heading.default\">\n\t\t\t\t<div class=\"elementor-widget-container\">\n\t\t\t\t\t<h1 class=\"elementor-heading-title elementor-size-default\">A propos<\/h1>\t\t\t\t<\/div>\n\t\t\t\t<\/div>\n\t\t\t\t\t<\/div>\n\t\t<\/div>\n\t\t\t\t\t<\/div>\n\t\t<\/section>\n\t\t\t\t<section class=\"elementor-section elementor-top-section elementor-element elementor-element-335d18a4 elementor-section-boxed elementor-section-height-default elementor-section-height-default\" data-id=\"335d18a4\" data-element_type=\"section\" data-e-type=\"section\">\n\t\t\t\t\t\t<div class=\"elementor-container elementor-column-gap-default\">\n\t\t\t\t\t<div class=\"elementor-column elementor-col-66 elementor-top-column elementor-element elementor-element-6042e163\" data-id=\"6042e163\" data-element_type=\"column\" data-e-type=\"column\">\n\t\t\t<div class=\"elementor-widget-wrap elementor-element-populated\">\n\t\t\t\t\t\t<div class=\"elementor-element elementor-element-4b2cbc38 elementor-widget elementor-widget-text-editor\" data-id=\"4b2cbc38\" data-element_type=\"widget\" data-e-type=\"widget\" data-widget_type=\"text-editor.default\">\n\t\t\t\t<div class=\"elementor-widget-container\">\n\t\t\t\t\t\t\t\t\t<p align=\"justify\">Apr\u00e8s des ann\u00e9es de travail coude-\u00e2-coude avec certain des p\u00eacheurs et des entreprises plus importantes de l\u2019Europe, notre entreprise, Tigernuts Traders A.S. s\u2019est pench\u00e9 pour d\u00e9velopper un\u00a0<strong>catalogue de produits 100% naturels pour assurer des prises plus efficaces.<\/strong><\/p><p align=\"justify\">Notre sp\u00e9cialit\u00e9 c\u2019est les\u00a0<strong>grains<\/strong>\u00a0et, en particulier, les\u00a0<strong>souchets<\/strong>, probablement le grain plus r\u00e9pandu et efficace qu\u2019on peut trouver en ce moment. Comme la plupart des app\u00e2ts adress\u00e9s \u00e0 la p\u00eache de cette sorte de poissons qui ont la particularit\u00e9 d\u2019avoir une forte consistance, ce n\u2019est jusqu\u2019\u00e0 la popularisation du \u00abhair\u00bb (avant l\u2019apparition du \u00abhair\u00bb l\u2019app\u00e2t se pla\u00e7ait directement sur l\u2019hame\u00e7on, qui perd capacit\u00e9 de p\u00e9n\u00e9tration quand il s\u2019enfonce dans le poisson. L\u2019 \u00abhair\u00bb permet que l\u2019app\u00e2t reste suspendu de l\u2019hame\u00e7on, et ainsi celui-ci n\u2019a aucun \u00e9l\u00e9ment qui lui d\u00e9range au moment de p\u00e9n\u00e9trer) qu\u2019on a commenc\u00e9 \u00e0 employer le souchet comme app\u00e2t et \u00e0 d\u00e9couvrir son bon accueil de la part des carpes.<\/p><p>Les grains qu\u2019on vous offre c\u2019est les suivants: Souchet (tous les mesures); Ma\u00efs g\u00e9ant; Ma\u00efs; Ch\u00e8nevis; Cacahou\u00e8tes; Petits pois rouges; Lupin; F\u00e8ves; Pois chiche.<\/p><p>On dispose aussi de ces grains pr\u00eats pour \u00eatre employer, pr\u00e9par\u00e9s avec un complexe proc\u00e8s qui permet que le produit se conserver longtemps sans perdre aucune de ses propri\u00e9t\u00e9s.<\/p><p>On vous invite \u00e0 conna\u00eetre,\u00a0 \u00e0 travers cette web site, un peu plus sur chacun des produits qu\u2019on offre, comment employer chaque grain selon les conditions et comment faire que les journ\u00e9es de p\u00eache soit le plus satisfaisantes que possible.<\/p>\t\t\t\t\t\t\t\t<\/div>\n\t\t\t\t<\/div>\n\t\t\t\t\t<\/div>\n\t\t<\/div>\n\t\t\t\t<div class=\"elementor-column elementor-col-33 elementor-top-column elementor-element elementor-element-fb9eb08\" data-id=\"fb9eb08\" data-element_type=\"column\" data-e-type=\"column\">\n\t\t\t<div class=\"elementor-widget-wrap elementor-element-populated\">\n\t\t\t\t\t\t<div class=\"elementor-element elementor-element-7a20ef99 elementor-widget elementor-widget-image\" data-id=\"7a20ef99\" data-element_type=\"widget\" data-e-type=\"widget\" data-widget_type=\"image.default\">\n\t\t\t\t<div class=\"elementor-widget-container\">\n\t\t\t\t\t\t\t\t\t\t\t\t\t\t\t<img fetchpriority=\"high\" decoding=\"async\" width=\"670\" height=\"591\" src=\"https:\/\/www.carptigernuts.com\/wp-content\/uploads\/about-us-1.jpg\" class=\"attachment-full size-full wp-image-468\" alt=\"\" srcset=\"https:\/\/www.carptigernuts.com\/wp-content\/uploads\/about-us-1.jpg 670w, https:\/\/www.carptigernuts.com\/wp-content\/uploads\/about-us-1-150x132.jpg 150w, https:\/\/www.carptigernuts.com\/wp-content\/uploads\/about-us-1-600x529.jpg 600w\" sizes=\"(max-width: 670px) 100vw, 670px\" \/>\t\t\t\t\t\t\t\t\t\t\t\t\t\t\t<\/div>\n\t\t\t\t<\/div>\n\t\t\t\t\t<\/div>\n\t\t<\/div>\n\t\t\t\t\t<\/div>\n\t\t<\/section>\n\t\t\t\t<section class=\"elementor-section elementor-top-section elementor-element elementor-element-57236932 elementor-section-boxed elementor-section-height-default elementor-section-height-default\" data-id=\"57236932\" data-element_type=\"section\" data-e-type=\"section\">\n\t\t\t\t\t\t<div class=\"elementor-container elementor-column-gap-default\">\n\t\t\t\t\t<div class=\"elementor-column elementor-col-100 elementor-top-column elementor-element elementor-element-403409a\" data-id=\"403409a\" data-element_type=\"column\" data-e-type=\"column\">\n\t\t\t<div class=\"elementor-widget-wrap elementor-element-populated\">\n\t\t\t\t\t\t<div class=\"elementor-element elementor-element-34392029 elementor-widget elementor-widget-heading\" data-id=\"34392029\" data-element_type=\"widget\" data-e-type=\"widget\" data-widget_type=\"heading.default\">\n\t\t\t\t<div class=\"elementor-widget-container\">\n\t\t\t\t\t<h2 class=\"elementor-heading-title elementor-size-default\">Nouveaut\u00e9 packaging\n\n<\/h2>\t\t\t\t<\/div>\n\t\t\t\t<\/div>\n\t\t\t\t<div class=\"elementor-element elementor-element-6cd2c8eb elementor-widget elementor-widget-text-editor\" data-id=\"6cd2c8eb\" data-element_type=\"widget\" data-e-type=\"widget\" data-widget_type=\"text-editor.default\">\n\t\t\t\t<div class=\"elementor-widget-container\">\n\t\t\t\t\t\t\t\t\t<p>Tigernuts traders a appliqu\u00e9 \u00e0 ses noix tigr\u00e9es un nouveau packaging exclusif jusqu\u00b4\u00e0 lors jamais utilis\u00e9 pour ce type de produit et il offre donc les avantages suivants par rapport aux autres conditionnements traditionnels :<\/p><ul><li>Elimination compl\u00e8te du risque de contamination par des insectes<\/li><li>Aucune condition sp\u00e9cifique de stockage<\/li><li>Aucune fumigation<\/li><li>Protection et s\u00e9curit\u00e9 optimale pour le transport et le stockage<\/li><li>Packaging moderne et innovant<\/li><li>Grande facilit\u00e9 de manipulation<\/li><\/ul>\t\t\t\t\t\t\t\t<\/div>\n\t\t\t\t<\/div>\n\t\t\t\t\t<\/div>\n\t\t<\/div>\n\t\t\t\t\t<\/div>\n\t\t<\/section>\n\t\t\t\t<\/div>\n\t\t","protected":false},"excerpt":{"rendered":"<p>A propos Apr\u00e8s des ann\u00e9es de travail coude-\u00e2-coude avec certain des p\u00eacheurs et des entreprises plus importantes de l\u2019Europe, notre entreprise, Tigernuts Traders A.S. s\u2019est pench\u00e9 pour d\u00e9velopper un\u00a0catalogue de produits 100% naturels pour assurer des prises plus efficaces. Notre sp\u00e9cialit\u00e9 c\u2019est les\u00a0grains\u00a0et, en particulier, les\u00a0souchets, probablement le grain plus r\u00e9pandu et efficace qu\u2019on peut [&hellip;]<\/p>\n","protected":false},"author":2,"featured_media":0,"parent":0,"menu_order":0,"comment_status":"closed","ping_status":"closed","template":"","meta":{"site-sidebar-layout":"no-sidebar","site-content-layout":"page-builder","ast-site-content-layout":"default","site-content-style":"default","site-sidebar-style":"default","ast-global-header-display":"","ast-banner-title-visibility":"","ast-main-header-display":"","ast-hfb-above-header-display":"","ast-hfb-below-header-display":"","ast-hfb-mobile-header-display":"","site-post-title":"disabled","ast-breadcrumbs-content":"","ast-featured-img":"disabled","footer-sml-layout":"","ast-disable-related-posts":"","theme-transparent-header-meta":"default","adv-header-id-meta":"","stick-header-meta":"","header-above-stick-meta":"","header-main-stick-meta":"","header-below-stick-meta":"","astra-migrate-meta-layouts":"default","ast-page-background-enabled":"default","ast-page-background-meta":{"desktop":{"background-color":"","background-image":"","background-repeat":"repeat","background-position":"center center","background-size":"auto","background-attachment":"scroll","background-type":"","background-media":"","overlay-type":"","overlay-color":"","overlay-opacity":"","overlay-gradient":""},"tablet":{"background-color":"","background-image":"","background-repeat":"repeat","background-position":"center center","background-size":"auto","background-attachment":"scroll","background-type":"","background-media":"","overlay-type":"","overlay-color":"","overlay-opacity":"","overlay-gradient":""},"mobile":{"background-color":"","background-image":"","background-repeat":"repeat","background-position":"center center","background-size":"auto","background-attachment":"scroll","background-type":"","background-media":"","overlay-type":"","overlay-color":"","overlay-opacity":"","overlay-gradient":""}},"ast-content-background-meta":{"desktop":{"background-color":"var(--ast-global-color-5)","background-image":"","background-repeat":"repeat","background-position":"center center","background-size":"auto","background-attachment":"scroll","background-type":"","background-media":"","overlay-type":"","overlay-color":"","overlay-opacity":"","overlay-gradient":""},"tablet":{"background-color":"var(--ast-global-color-5)","background-image":"","background-repeat":"repeat","background-position":"center center","background-size":"auto","background-attachment":"scroll","background-type":"","background-media":"","overlay-type":"","overlay-color":"","overlay-opacity":"","overlay-gradient":""},"mobile":{"background-color":"var(--ast-global-color-5)","background-image":"","background-repeat":"repeat","background-position":"center center","background-size":"auto","background-attachment":"scroll","background-type":"","background-media":"","overlay-type":"","overlay-color":"","overlay-opacity":"","overlay-gradient":""}},"footnotes":""},"class_list":["post-473","page","type-page","status-publish","hentry"],"yoast_head":"<!-- This site is optimized with the Yoast SEO plugin v27.3 - https:\/\/yoast.com\/product\/yoast-seo-wordpress\/ -->\n<title>Souchet &amp; Grains \u25b7 pour la p\u00eache de la carpe<\/title>\n<meta name=\"robots\" content=\"index, follow, max-snippet:-1, max-image-preview:large, max-video-preview:-1\" \/>\n<link rel=\"canonical\" href=\"https:\/\/www.carptigernuts.com\/fr\/a-propos-de-nous\/\" \/>\n<meta property=\"og:locale\" content=\"fr_FR\" \/>\n<meta property=\"og:type\" content=\"article\" \/>\n<meta property=\"og:title\" content=\"Souchet &amp; Grains \u25b7 pour la p\u00eache de la carpe\" \/>\n<meta property=\"og:description\" content=\"A propos Apr\u00e8s des ann\u00e9es de travail coude-\u00e2-coude avec certain des p\u00eacheurs et des entreprises plus importantes de l\u2019Europe, notre entreprise, Tigernuts Traders A.S. s\u2019est pench\u00e9 pour d\u00e9velopper un\u00a0catalogue de produits 100% naturels pour assurer des prises plus efficaces. Notre sp\u00e9cialit\u00e9 c\u2019est les\u00a0grains\u00a0et, en particulier, les\u00a0souchets, probablement le grain plus r\u00e9pandu et efficace qu\u2019on peut [&hellip;]\" \/>\n<meta property=\"og:url\" content=\"https:\/\/www.carptigernuts.com\/fr\/a-propos-de-nous\/\" \/>\n<meta property=\"og:site_name\" content=\"CarpTigernuts.com\" \/>\n<meta property=\"article:modified_time\" content=\"2019-10-19T09:53:34+00:00\" \/>\n<meta property=\"og:image\" content=\"https:\/\/www.carptigernuts.com\/wp-content\/uploads\/about-us-1.jpg\" \/>\n<meta name=\"twitter:card\" content=\"summary_large_image\" \/>\n<meta name=\"twitter:label1\" content=\"Dur\u00e9e de lecture estim\u00e9e\" \/>\n\t<meta name=\"twitter:data1\" content=\"2 minutes\" \/>\n<script type=\"application\/ld+json\" class=\"yoast-schema-graph\">{\"@context\":\"https:\\\/\\\/schema.org\",\"@graph\":[{\"@type\":\"WebPage\",\"@id\":\"https:\\\/\\\/www.carptigernuts.com\\\/fr\\\/a-propos-de-nous\\\/\",\"url\":\"https:\\\/\\\/www.carptigernuts.com\\\/fr\\\/a-propos-de-nous\\\/\",\"name\":\"Souchet & Grains \u25b7 pour la p\u00eache de la carpe\",\"isPartOf\":{\"@id\":\"https:\\\/\\\/www.carptigernuts.com\\\/de\\\/#website\"},\"primaryImageOfPage\":{\"@id\":\"https:\\\/\\\/www.carptigernuts.com\\\/fr\\\/a-propos-de-nous\\\/#primaryimage\"},\"image\":{\"@id\":\"https:\\\/\\\/www.carptigernuts.com\\\/fr\\\/a-propos-de-nous\\\/#primaryimage\"},\"thumbnailUrl\":\"https:\\\/\\\/www.carptigernuts.com\\\/wp-content\\\/uploads\\\/about-us-1.jpg\",\"datePublished\":\"2019-10-18T13:08:54+00:00\",\"dateModified\":\"2019-10-19T09:53:34+00:00\",\"breadcrumb\":{\"@id\":\"https:\\\/\\\/www.carptigernuts.com\\\/fr\\\/a-propos-de-nous\\\/#breadcrumb\"},\"inLanguage\":\"fr-FR\",\"potentialAction\":[{\"@type\":\"ReadAction\",\"target\":[\"https:\\\/\\\/www.carptigernuts.com\\\/fr\\\/a-propos-de-nous\\\/\"]}]},{\"@type\":\"ImageObject\",\"inLanguage\":\"fr-FR\",\"@id\":\"https:\\\/\\\/www.carptigernuts.com\\\/fr\\\/a-propos-de-nous\\\/#primaryimage\",\"url\":\"https:\\\/\\\/www.carptigernuts.com\\\/wp-content\\\/uploads\\\/about-us-1.jpg\",\"contentUrl\":\"https:\\\/\\\/www.carptigernuts.com\\\/wp-content\\\/uploads\\\/about-us-1.jpg\"},{\"@type\":\"BreadcrumbList\",\"@id\":\"https:\\\/\\\/www.carptigernuts.com\\\/fr\\\/a-propos-de-nous\\\/#breadcrumb\",\"itemListElement\":[{\"@type\":\"ListItem\",\"position\":1,\"name\":\"Home\",\"item\":\"https:\\\/\\\/www.carptigernuts.com\\\/fr\\\/\"},{\"@type\":\"ListItem\",\"position\":2,\"name\":\"A propos\"}]},{\"@type\":\"WebSite\",\"@id\":\"https:\\\/\\\/www.carptigernuts.com\\\/de\\\/#website\",\"url\":\"https:\\\/\\\/www.carptigernuts.com\\\/de\\\/\",\"name\":\"CarpTigernuts.com\",\"description\":\"The tigernut: The king of the particles\",\"publisher\":{\"@id\":\"https:\\\/\\\/www.carptigernuts.com\\\/de\\\/#organization\"},\"potentialAction\":[{\"@type\":\"SearchAction\",\"target\":{\"@type\":\"EntryPoint\",\"urlTemplate\":\"https:\\\/\\\/www.carptigernuts.com\\\/de\\\/?s={search_term_string}\"},\"query-input\":{\"@type\":\"PropertyValueSpecification\",\"valueRequired\":true,\"valueName\":\"search_term_string\"}}],\"inLanguage\":\"fr-FR\"},{\"@type\":\"Organization\",\"@id\":\"https:\\\/\\\/www.carptigernuts.com\\\/de\\\/#organization\",\"name\":\"CarpTigernuts.com\",\"url\":\"https:\\\/\\\/www.carptigernuts.com\\\/de\\\/\",\"logo\":{\"@type\":\"ImageObject\",\"inLanguage\":\"fr-FR\",\"@id\":\"https:\\\/\\\/www.carptigernuts.com\\\/de\\\/#\\\/schema\\\/logo\\\/image\\\/\",\"url\":\"https:\\\/\\\/www.carptigernuts.com\\\/wp-content\\\/uploads\\\/carptigernuts-logo.png\",\"contentUrl\":\"https:\\\/\\\/www.carptigernuts.com\\\/wp-content\\\/uploads\\\/carptigernuts-logo.png\",\"width\":291,\"height\":150,\"caption\":\"CarpTigernuts.com\"},\"image\":{\"@id\":\"https:\\\/\\\/www.carptigernuts.com\\\/de\\\/#\\\/schema\\\/logo\\\/image\\\/\"}}]}<\/script>\n<!-- \/ Yoast SEO plugin. -->","yoast_head_json":{"title":"Souchet & Grains \u25b7 pour la p\u00eache de la carpe","robots":{"index":"index","follow":"follow","max-snippet":"max-snippet:-1","max-image-preview":"max-image-preview:large","max-video-preview":"max-video-preview:-1"},"canonical":"https:\/\/www.carptigernuts.com\/fr\/a-propos-de-nous\/","og_locale":"fr_FR","og_type":"article","og_title":"Souchet & Grains \u25b7 pour la p\u00eache de la carpe","og_description":"A propos Apr\u00e8s des ann\u00e9es de travail coude-\u00e2-coude avec certain des p\u00eacheurs et des entreprises plus importantes de l\u2019Europe, notre entreprise, Tigernuts Traders A.S. s\u2019est pench\u00e9 pour d\u00e9velopper un\u00a0catalogue de produits 100% naturels pour assurer des prises plus efficaces. Notre sp\u00e9cialit\u00e9 c\u2019est les\u00a0grains\u00a0et, en particulier, les\u00a0souchets, probablement le grain plus r\u00e9pandu et efficace qu\u2019on peut [&hellip;]","og_url":"https:\/\/www.carptigernuts.com\/fr\/a-propos-de-nous\/","og_site_name":"CarpTigernuts.com","article_modified_time":"2019-10-19T09:53:34+00:00","og_image":[{"url":"https:\/\/www.carptigernuts.com\/wp-content\/uploads\/about-us-1.jpg","type":"","width":"","height":""}],"twitter_card":"summary_large_image","twitter_misc":{"Dur\u00e9e de lecture estim\u00e9e":"2 minutes"},"schema":{"@context":"https:\/\/schema.org","@graph":[{"@type":"WebPage","@id":"https:\/\/www.carptigernuts.com\/fr\/a-propos-de-nous\/","url":"https:\/\/www.carptigernuts.com\/fr\/a-propos-de-nous\/","name":"Souchet & Grains \u25b7 pour la p\u00eache de la carpe","isPartOf":{"@id":"https:\/\/www.carptigernuts.com\/de\/#website"},"primaryImageOfPage":{"@id":"https:\/\/www.carptigernuts.com\/fr\/a-propos-de-nous\/#primaryimage"},"image":{"@id":"https:\/\/www.carptigernuts.com\/fr\/a-propos-de-nous\/#primaryimage"},"thumbnailUrl":"https:\/\/www.carptigernuts.com\/wp-content\/uploads\/about-us-1.jpg","datePublished":"2019-10-18T13:08:54+00:00","dateModified":"2019-10-19T09:53:34+00:00","breadcrumb":{"@id":"https:\/\/www.carptigernuts.com\/fr\/a-propos-de-nous\/#breadcrumb"},"inLanguage":"fr-FR","potentialAction":[{"@type":"ReadAction","target":["https:\/\/www.carptigernuts.com\/fr\/a-propos-de-nous\/"]}]},{"@type":"ImageObject","inLanguage":"fr-FR","@id":"https:\/\/www.carptigernuts.com\/fr\/a-propos-de-nous\/#primaryimage","url":"https:\/\/www.carptigernuts.com\/wp-content\/uploads\/about-us-1.jpg","contentUrl":"https:\/\/www.carptigernuts.com\/wp-content\/uploads\/about-us-1.jpg"},{"@type":"BreadcrumbList","@id":"https:\/\/www.carptigernuts.com\/fr\/a-propos-de-nous\/#breadcrumb","itemListElement":[{"@type":"ListItem","position":1,"name":"Home","item":"https:\/\/www.carptigernuts.com\/fr\/"},{"@type":"ListItem","position":2,"name":"A propos"}]},{"@type":"WebSite","@id":"https:\/\/www.carptigernuts.com\/de\/#website","url":"https:\/\/www.carptigernuts.com\/de\/","name":"CarpTigernuts.com","description":"The tigernut: The king of the particles","publisher":{"@id":"https:\/\/www.carptigernuts.com\/de\/#organization"},"potentialAction":[{"@type":"SearchAction","target":{"@type":"EntryPoint","urlTemplate":"https:\/\/www.carptigernuts.com\/de\/?s={search_term_string}"},"query-input":{"@type":"PropertyValueSpecification","valueRequired":true,"valueName":"search_term_string"}}],"inLanguage":"fr-FR"},{"@type":"Organization","@id":"https:\/\/www.carptigernuts.com\/de\/#organization","name":"CarpTigernuts.com","url":"https:\/\/www.carptigernuts.com\/de\/","logo":{"@type":"ImageObject","inLanguage":"fr-FR","@id":"https:\/\/www.carptigernuts.com\/de\/#\/schema\/logo\/image\/","url":"https:\/\/www.carptigernuts.com\/wp-content\/uploads\/carptigernuts-logo.png","contentUrl":"https:\/\/www.carptigernuts.com\/wp-content\/uploads\/carptigernuts-logo.png","width":291,"height":150,"caption":"CarpTigernuts.com"},"image":{"@id":"https:\/\/www.carptigernuts.com\/de\/#\/schema\/logo\/image\/"}}]}},"jetpack_sharing_enabled":true,"_links":{"self":[{"href":"https:\/\/www.carptigernuts.com\/fr\/wp-json\/wp\/v2\/pages\/473","targetHints":{"allow":["GET"]}}],"collection":[{"href":"https:\/\/www.carptigernuts.com\/fr\/wp-json\/wp\/v2\/pages"}],"about":[{"href":"https:\/\/www.carptigernuts.com\/fr\/wp-json\/wp\/v2\/types\/page"}],"author":[{"embeddable":true,"href":"https:\/\/www.carptigernuts.com\/fr\/wp-json\/wp\/v2\/users\/2"}],"replies":[{"embeddable":true,"href":"https:\/\/www.carptigernuts.com\/fr\/wp-json\/wp\/v2\/comments?post=473"}],"version-history":[{"count":3,"href":"https:\/\/www.carptigernuts.com\/fr\/wp-json\/wp\/v2\/pages\/473\/revisions"}],"predecessor-version":[{"id":3764,"href":"https:\/\/www.carptigernuts.com\/fr\/wp-json\/wp\/v2\/pages\/473\/revisions\/3764"}],"wp:attachment":[{"href":"https:\/\/www.carptigernuts.com\/fr\/wp-json\/wp\/v2\/media?parent=473"}],"curies":[{"name":"wp","href":"https:\/\/api.w.org\/{rel}","templated":true}]}}