{"id":3700,"date":"2019-10-18T17:37:09","date_gmt":"2019-10-18T15:37:09","guid":{"rendered":"https:\/\/www.carptigernuts.com\/?page_id=3700"},"modified":"2019-10-19T11:53:39","modified_gmt":"2019-10-19T09:53:39","slug":"mais-geant","status":"publish","type":"page","link":"https:\/\/www.carptigernuts.com\/fr\/grains\/mais-geant\/","title":{"rendered":"Ma\u00efs g\u00e9ant"},"content":{"rendered":"\t\t<div data-elementor-type=\"wp-page\" data-elementor-id=\"3700\" class=\"elementor elementor-3700 elementor-349\" data-elementor-post-type=\"page\">\n\t\t\t\t\t\t<section class=\"elementor-section elementor-top-section elementor-element elementor-element-6b9f4571 elementor-section-boxed elementor-section-height-default elementor-section-height-default\" data-id=\"6b9f4571\" data-element_type=\"section\" data-e-type=\"section\">\n\t\t\t\t\t\t<div class=\"elementor-container elementor-column-gap-default\">\n\t\t\t\t\t<div class=\"elementor-column elementor-col-100 elementor-top-column elementor-element elementor-element-70ecaf40\" data-id=\"70ecaf40\" data-element_type=\"column\" data-e-type=\"column\">\n\t\t\t<div class=\"elementor-widget-wrap elementor-element-populated\">\n\t\t\t\t\t\t<div class=\"elementor-element elementor-element-75a4f3fe elementor-widget elementor-widget-heading\" data-id=\"75a4f3fe\" data-element_type=\"widget\" data-e-type=\"widget\" data-widget_type=\"heading.default\">\n\t\t\t\t<div class=\"elementor-widget-container\">\n\t\t\t\t\t<h1 class=\"elementor-heading-title elementor-size-default\">Ma\u00efs g\u00e9ant<\/h1>\t\t\t\t<\/div>\n\t\t\t\t<\/div>\n\t\t\t\t\t<\/div>\n\t\t<\/div>\n\t\t\t\t\t<\/div>\n\t\t<\/section>\n\t\t\t\t<section class=\"elementor-section elementor-top-section elementor-element elementor-element-b77dbcf elementor-section-boxed elementor-section-height-default elementor-section-height-default\" data-id=\"b77dbcf\" data-element_type=\"section\" data-e-type=\"section\">\n\t\t\t\t\t\t<div class=\"elementor-container elementor-column-gap-default\">\n\t\t\t\t\t<div class=\"elementor-column elementor-col-50 elementor-top-column elementor-element elementor-element-1bfbf80f\" data-id=\"1bfbf80f\" data-element_type=\"column\" data-e-type=\"column\">\n\t\t\t<div class=\"elementor-widget-wrap elementor-element-populated\">\n\t\t\t\t\t\t<div class=\"elementor-element elementor-element-7f9094d3 elementor-widget elementor-widget-image\" data-id=\"7f9094d3\" data-element_type=\"widget\" data-e-type=\"widget\" data-widget_type=\"image.default\">\n\t\t\t\t<div class=\"elementor-widget-container\">\n\t\t\t\t\t\t\t\t\t\t\t\t\t\t\t<img fetchpriority=\"high\" decoding=\"async\" width=\"700\" height=\"460\" src=\"https:\/\/www.carptigernuts.com\/wp-content\/uploads\/particles-giant-maize.jpg\" class=\"attachment-full size-full wp-image-352\" alt=\"\" srcset=\"https:\/\/www.carptigernuts.com\/wp-content\/uploads\/particles-giant-maize.jpg 700w, https:\/\/www.carptigernuts.com\/wp-content\/uploads\/particles-giant-maize-150x99.jpg 150w, https:\/\/www.carptigernuts.com\/wp-content\/uploads\/particles-giant-maize-600x394.jpg 600w\" sizes=\"(max-width: 700px) 100vw, 700px\" \/>\t\t\t\t\t\t\t\t\t\t\t\t\t\t\t<\/div>\n\t\t\t\t<\/div>\n\t\t\t\t\t<\/div>\n\t\t<\/div>\n\t\t\t\t<div class=\"elementor-column elementor-col-50 elementor-top-column elementor-element elementor-element-43791dc5\" data-id=\"43791dc5\" data-element_type=\"column\" data-e-type=\"column\">\n\t\t\t<div class=\"elementor-widget-wrap elementor-element-populated\">\n\t\t\t\t\t\t<div class=\"elementor-element elementor-element-1c37d66f elementor-widget elementor-widget-text-editor\" data-id=\"1c37d66f\" data-element_type=\"widget\" data-e-type=\"widget\" data-widget_type=\"text-editor.default\">\n\t\t\t\t<div class=\"elementor-widget-container\">\n\t\t\t\t\t\t\t\t\t<p>Comme nous avons remarqu\u00e9 avant, c\u2019est tr\u00e8s important cuisiner bien les grains avant de les employer comme app\u00e2ts car un grain cru ou mal cuisin\u00e9 peut \u00eatre tr\u00e8s dangereux pour les carpes. Le ma\u00efs est l\u2019un des cas o\u00f9 il faut faire le plus d\u2019attention \u00e0 la pr\u00e9paration, mais apr\u00e8s il s\u2019agit, peut \u00eatre d\u2019un des plus effectifs. Ce ma\u00efs g\u00e9ant n\u2019est pas un produit qui a \u00e9t\u00e9 modifi\u00e9 par la g\u00e9n\u00e9tique, mais qui provient de la r\u00e9gion andine du P\u00e9rou et sa taille varie entre les 18 et les 24 mm.<\/p><ul><li>Faire tremper le ma\u00efs dans un r\u00e9cipient avec de l\u2019eau ti\u00e8de et fermer avec un bouchon. Laisser comme \u00e7a pendant toute la nuit. Le ma\u00efs grandira gr\u00e2ce \u00e0 la r\u00e9hydratation, donc il est int\u00e9ressant laisser l\u2019eau \u00e0 6 ou 7 centim\u00e8tre au dessus du produit pour qu\u2019il puisse faire la r\u00e9hydratation compl\u00e8te.<\/li><\/ul><p><strong>Temps recommand\u00e9 pour faire tremper\u00a0:<\/strong><span class=\"Apple-converted-space\">\u00a0<\/span>24 h.<\/p><ul><li>A la suite, mettre le produit, qui sera encore un peu dur, dans une marmite pour le cuir. Il faut s\u2019assurer que l\u2019eau bout vigoureusement au moins pendant les premi\u00e8res 30 minutes<\/li><\/ul><p><strong>Temps de cuisson recommand\u00e9\u00a0:<span class=\"Apple-converted-space\">\u00a0<\/span><\/strong>40 minutes.<\/p>\t\t\t\t\t\t\t\t<\/div>\n\t\t\t\t<\/div>\n\t\t\t\t\t<\/div>\n\t\t<\/div>\n\t\t\t\t\t<\/div>\n\t\t<\/section>\n\t\t\t\t<section class=\"elementor-section elementor-top-section elementor-element elementor-element-3834ecb6 elementor-section-boxed elementor-section-height-default elementor-section-height-default\" data-id=\"3834ecb6\" data-element_type=\"section\" data-e-type=\"section\">\n\t\t\t\t\t\t<div class=\"elementor-container elementor-column-gap-default\">\n\t\t\t\t\t<div class=\"elementor-column elementor-col-100 elementor-top-column elementor-element elementor-element-42cafbc0\" data-id=\"42cafbc0\" data-element_type=\"column\" data-e-type=\"column\">\n\t\t\t<div class=\"elementor-widget-wrap elementor-element-populated\">\n\t\t\t\t\t\t<div class=\"elementor-element elementor-element-48f5ff5f elementor-widget elementor-widget-image\" data-id=\"48f5ff5f\" data-element_type=\"widget\" data-e-type=\"widget\" data-widget_type=\"image.default\">\n\t\t\t\t<div class=\"elementor-widget-container\">\n\t\t\t\t\t\t\t\t\t\t\t\t\t\t\t<img decoding=\"async\" width=\"1168\" height=\"876\" src=\"https:\/\/www.carptigernuts.com\/wp-content\/uploads\/carps-caught-with-tigernuts-08.jpg\" class=\"attachment-large size-large wp-image-240\" alt=\"\" srcset=\"https:\/\/www.carptigernuts.com\/wp-content\/uploads\/carps-caught-with-tigernuts-08.jpg 1168w, https:\/\/www.carptigernuts.com\/wp-content\/uploads\/carps-caught-with-tigernuts-08-150x113.jpg 150w, https:\/\/www.carptigernuts.com\/wp-content\/uploads\/carps-caught-with-tigernuts-08-600x450.jpg 600w, https:\/\/www.carptigernuts.com\/wp-content\/uploads\/carps-caught-with-tigernuts-08-768x576.jpg 768w\" sizes=\"(max-width: 1168px) 100vw, 1168px\" \/>\t\t\t\t\t\t\t\t\t\t\t\t\t\t\t<\/div>\n\t\t\t\t<\/div>\n\t\t\t\t\t<\/div>\n\t\t<\/div>\n\t\t\t\t\t<\/div>\n\t\t<\/section>\n\t\t\t\t<\/div>\n\t\t","protected":false},"excerpt":{"rendered":"<p>Ma\u00efs g\u00e9ant Comme nous avons remarqu\u00e9 avant, c\u2019est tr\u00e8s important cuisiner bien les grains avant de les employer comme app\u00e2ts car un grain cru ou mal cuisin\u00e9 peut \u00eatre tr\u00e8s dangereux pour les carpes. Le ma\u00efs est l\u2019un des cas o\u00f9 il faut faire le plus d\u2019attention \u00e0 la pr\u00e9paration, mais apr\u00e8s il s\u2019agit, peut [&hellip;]<\/p>\n","protected":false},"author":2,"featured_media":352,"parent":3464,"menu_order":0,"comment_status":"closed","ping_status":"closed","template":"","meta":{"site-sidebar-layout":"no-sidebar","site-content-layout":"page-builder","ast-site-content-layout":"default","site-content-style":"default","site-sidebar-style":"default","ast-global-header-display":"","ast-banner-title-visibility":"","ast-main-header-display":"","ast-hfb-above-header-display":"","ast-hfb-below-header-display":"","ast-hfb-mobile-header-display":"","site-post-title":"disabled","ast-breadcrumbs-content":"","ast-featured-img":"disabled","footer-sml-layout":"","ast-disable-related-posts":"","theme-transparent-header-meta":"default","adv-header-id-meta":"","stick-header-meta":"","header-above-stick-meta":"","header-main-stick-meta":"","header-below-stick-meta":"","astra-migrate-meta-layouts":"default","ast-page-background-enabled":"default","ast-page-background-meta":{"desktop":{"background-color":"","background-image":"","background-repeat":"repeat","background-position":"center center","background-size":"auto","background-attachment":"scroll","background-type":"","background-media":"","overlay-type":"","overlay-color":"","overlay-opacity":"","overlay-gradient":""},"tablet":{"background-color":"","background-image":"","background-repeat":"repeat","background-position":"center center","background-size":"auto","background-attachment":"scroll","background-type":"","background-media":"","overlay-type":"","overlay-color":"","overlay-opacity":"","overlay-gradient":""},"mobile":{"background-color":"","background-image":"","background-repeat":"repeat","background-position":"center center","background-size":"auto","background-attachment":"scroll","background-type":"","background-media":"","overlay-type":"","overlay-color":"","overlay-opacity":"","overlay-gradient":""}},"ast-content-background-meta":{"desktop":{"background-color":"var(--ast-global-color-5)","background-image":"","background-repeat":"repeat","background-position":"center center","background-size":"auto","background-attachment":"scroll","background-type":"","background-media":"","overlay-type":"","overlay-color":"","overlay-opacity":"","overlay-gradient":""},"tablet":{"background-color":"var(--ast-global-color-5)","background-image":"","background-repeat":"repeat","background-position":"center center","background-size":"auto","background-attachment":"scroll","background-type":"","background-media":"","overlay-type":"","overlay-color":"","overlay-opacity":"","overlay-gradient":""},"mobile":{"background-color":"var(--ast-global-color-5)","background-image":"","background-repeat":"repeat","background-position":"center center","background-size":"auto","background-attachment":"scroll","background-type":"","background-media":"","overlay-type":"","overlay-color":"","overlay-opacity":"","overlay-gradient":""}},"footnotes":""},"class_list":["post-3700","page","type-page","status-publish","has-post-thumbnail","hentry"],"yoast_head":"<!-- This site is optimized with the Yoast SEO plugin v27.3 - https:\/\/yoast.com\/product\/yoast-seo-wordpress\/ -->\n<title>Ma\u00efs g\u00e9ant \u25b7 Grain pour la p\u00eache de la carpe<\/title>\n<meta name=\"robots\" content=\"index, follow, max-snippet:-1, max-image-preview:large, max-video-preview:-1\" \/>\n<link rel=\"canonical\" href=\"https:\/\/www.carptigernuts.com\/fr\/grains\/mais-geant\/\" \/>\n<meta property=\"og:locale\" content=\"fr_FR\" \/>\n<meta property=\"og:type\" content=\"article\" \/>\n<meta property=\"og:title\" content=\"Ma\u00efs g\u00e9ant \u25b7 Grain pour la p\u00eache de la carpe\" \/>\n<meta property=\"og:description\" content=\"Ma\u00efs g\u00e9ant Comme nous avons remarqu\u00e9 avant, c\u2019est tr\u00e8s important cuisiner bien les grains avant de les employer comme app\u00e2ts car un grain cru ou mal cuisin\u00e9 peut \u00eatre tr\u00e8s dangereux pour les carpes. Le ma\u00efs est l\u2019un des cas o\u00f9 il faut faire le plus d\u2019attention \u00e0 la pr\u00e9paration, mais apr\u00e8s il s\u2019agit, peut [&hellip;]\" \/>\n<meta property=\"og:url\" content=\"https:\/\/www.carptigernuts.com\/fr\/grains\/mais-geant\/\" \/>\n<meta property=\"og:site_name\" content=\"CarpTigernuts.com\" \/>\n<meta property=\"article:modified_time\" content=\"2019-10-19T09:53:39+00:00\" \/>\n<meta property=\"og:image\" content=\"https:\/\/www.carptigernuts.com\/wp-content\/uploads\/particles-giant-maize.jpg\" \/>\n\t<meta property=\"og:image:width\" content=\"700\" \/>\n\t<meta property=\"og:image:height\" content=\"460\" \/>\n\t<meta property=\"og:image:type\" content=\"image\/jpeg\" \/>\n<meta name=\"twitter:card\" content=\"summary_large_image\" \/>\n<meta name=\"twitter:label1\" content=\"Dur\u00e9e de lecture estim\u00e9e\" \/>\n\t<meta name=\"twitter:data1\" content=\"1 minute\" \/>\n<script type=\"application\/ld+json\" class=\"yoast-schema-graph\">{\"@context\":\"https:\\\/\\\/schema.org\",\"@graph\":[{\"@type\":\"WebPage\",\"@id\":\"https:\\\/\\\/www.carptigernuts.com\\\/fr\\\/grains\\\/mais-geant\\\/\",\"url\":\"https:\\\/\\\/www.carptigernuts.com\\\/fr\\\/grains\\\/mais-geant\\\/\",\"name\":\"Ma\u00efs g\u00e9ant \u25b7 Grain pour la p\u00eache de la carpe\",\"isPartOf\":{\"@id\":\"https:\\\/\\\/www.carptigernuts.com\\\/de\\\/#website\"},\"primaryImageOfPage\":{\"@id\":\"https:\\\/\\\/www.carptigernuts.com\\\/fr\\\/grains\\\/mais-geant\\\/#primaryimage\"},\"image\":{\"@id\":\"https:\\\/\\\/www.carptigernuts.com\\\/fr\\\/grains\\\/mais-geant\\\/#primaryimage\"},\"thumbnailUrl\":\"https:\\\/\\\/www.carptigernuts.com\\\/wp-content\\\/uploads\\\/particles-giant-maize.jpg\",\"datePublished\":\"2019-10-18T15:37:09+00:00\",\"dateModified\":\"2019-10-19T09:53:39+00:00\",\"breadcrumb\":{\"@id\":\"https:\\\/\\\/www.carptigernuts.com\\\/fr\\\/grains\\\/mais-geant\\\/#breadcrumb\"},\"inLanguage\":\"fr-FR\",\"potentialAction\":[{\"@type\":\"ReadAction\",\"target\":[\"https:\\\/\\\/www.carptigernuts.com\\\/fr\\\/grains\\\/mais-geant\\\/\"]}]},{\"@type\":\"ImageObject\",\"inLanguage\":\"fr-FR\",\"@id\":\"https:\\\/\\\/www.carptigernuts.com\\\/fr\\\/grains\\\/mais-geant\\\/#primaryimage\",\"url\":\"https:\\\/\\\/www.carptigernuts.com\\\/wp-content\\\/uploads\\\/particles-giant-maize.jpg\",\"contentUrl\":\"https:\\\/\\\/www.carptigernuts.com\\\/wp-content\\\/uploads\\\/particles-giant-maize.jpg\",\"width\":700,\"height\":460},{\"@type\":\"BreadcrumbList\",\"@id\":\"https:\\\/\\\/www.carptigernuts.com\\\/fr\\\/grains\\\/mais-geant\\\/#breadcrumb\",\"itemListElement\":[{\"@type\":\"ListItem\",\"position\":1,\"name\":\"Home\",\"item\":\"https:\\\/\\\/www.carptigernuts.com\\\/fr\\\/\"},{\"@type\":\"ListItem\",\"position\":2,\"name\":\"Grains\",\"item\":\"https:\\\/\\\/www.carptigernuts.com\\\/fr\\\/grains\\\/\"},{\"@type\":\"ListItem\",\"position\":3,\"name\":\"Ma\u00efs g\u00e9ant\"}]},{\"@type\":\"WebSite\",\"@id\":\"https:\\\/\\\/www.carptigernuts.com\\\/de\\\/#website\",\"url\":\"https:\\\/\\\/www.carptigernuts.com\\\/de\\\/\",\"name\":\"CarpTigernuts.com\",\"description\":\"The tigernut: The king of the particles\",\"publisher\":{\"@id\":\"https:\\\/\\\/www.carptigernuts.com\\\/de\\\/#organization\"},\"potentialAction\":[{\"@type\":\"SearchAction\",\"target\":{\"@type\":\"EntryPoint\",\"urlTemplate\":\"https:\\\/\\\/www.carptigernuts.com\\\/de\\\/?s={search_term_string}\"},\"query-input\":{\"@type\":\"PropertyValueSpecification\",\"valueRequired\":true,\"valueName\":\"search_term_string\"}}],\"inLanguage\":\"fr-FR\"},{\"@type\":\"Organization\",\"@id\":\"https:\\\/\\\/www.carptigernuts.com\\\/de\\\/#organization\",\"name\":\"CarpTigernuts.com\",\"url\":\"https:\\\/\\\/www.carptigernuts.com\\\/de\\\/\",\"logo\":{\"@type\":\"ImageObject\",\"inLanguage\":\"fr-FR\",\"@id\":\"https:\\\/\\\/www.carptigernuts.com\\\/de\\\/#\\\/schema\\\/logo\\\/image\\\/\",\"url\":\"https:\\\/\\\/www.carptigernuts.com\\\/wp-content\\\/uploads\\\/carptigernuts-logo.png\",\"contentUrl\":\"https:\\\/\\\/www.carptigernuts.com\\\/wp-content\\\/uploads\\\/carptigernuts-logo.png\",\"width\":291,\"height\":150,\"caption\":\"CarpTigernuts.com\"},\"image\":{\"@id\":\"https:\\\/\\\/www.carptigernuts.com\\\/de\\\/#\\\/schema\\\/logo\\\/image\\\/\"}}]}<\/script>\n<!-- \/ Yoast SEO plugin. -->","yoast_head_json":{"title":"Ma\u00efs g\u00e9ant \u25b7 Grain pour la p\u00eache de la carpe","robots":{"index":"index","follow":"follow","max-snippet":"max-snippet:-1","max-image-preview":"max-image-preview:large","max-video-preview":"max-video-preview:-1"},"canonical":"https:\/\/www.carptigernuts.com\/fr\/grains\/mais-geant\/","og_locale":"fr_FR","og_type":"article","og_title":"Ma\u00efs g\u00e9ant \u25b7 Grain pour la p\u00eache de la carpe","og_description":"Ma\u00efs g\u00e9ant Comme nous avons remarqu\u00e9 avant, c\u2019est tr\u00e8s important cuisiner bien les grains avant de les employer comme app\u00e2ts car un grain cru ou mal cuisin\u00e9 peut \u00eatre tr\u00e8s dangereux pour les carpes. Le ma\u00efs est l\u2019un des cas o\u00f9 il faut faire le plus d\u2019attention \u00e0 la pr\u00e9paration, mais apr\u00e8s il s\u2019agit, peut [&hellip;]","og_url":"https:\/\/www.carptigernuts.com\/fr\/grains\/mais-geant\/","og_site_name":"CarpTigernuts.com","article_modified_time":"2019-10-19T09:53:39+00:00","og_image":[{"width":700,"height":460,"url":"https:\/\/www.carptigernuts.com\/wp-content\/uploads\/particles-giant-maize.jpg","type":"image\/jpeg"}],"twitter_card":"summary_large_image","twitter_misc":{"Dur\u00e9e de lecture estim\u00e9e":"1 minute"},"schema":{"@context":"https:\/\/schema.org","@graph":[{"@type":"WebPage","@id":"https:\/\/www.carptigernuts.com\/fr\/grains\/mais-geant\/","url":"https:\/\/www.carptigernuts.com\/fr\/grains\/mais-geant\/","name":"Ma\u00efs g\u00e9ant \u25b7 Grain pour la p\u00eache de la carpe","isPartOf":{"@id":"https:\/\/www.carptigernuts.com\/de\/#website"},"primaryImageOfPage":{"@id":"https:\/\/www.carptigernuts.com\/fr\/grains\/mais-geant\/#primaryimage"},"image":{"@id":"https:\/\/www.carptigernuts.com\/fr\/grains\/mais-geant\/#primaryimage"},"thumbnailUrl":"https:\/\/www.carptigernuts.com\/wp-content\/uploads\/particles-giant-maize.jpg","datePublished":"2019-10-18T15:37:09+00:00","dateModified":"2019-10-19T09:53:39+00:00","breadcrumb":{"@id":"https:\/\/www.carptigernuts.com\/fr\/grains\/mais-geant\/#breadcrumb"},"inLanguage":"fr-FR","potentialAction":[{"@type":"ReadAction","target":["https:\/\/www.carptigernuts.com\/fr\/grains\/mais-geant\/"]}]},{"@type":"ImageObject","inLanguage":"fr-FR","@id":"https:\/\/www.carptigernuts.com\/fr\/grains\/mais-geant\/#primaryimage","url":"https:\/\/www.carptigernuts.com\/wp-content\/uploads\/particles-giant-maize.jpg","contentUrl":"https:\/\/www.carptigernuts.com\/wp-content\/uploads\/particles-giant-maize.jpg","width":700,"height":460},{"@type":"BreadcrumbList","@id":"https:\/\/www.carptigernuts.com\/fr\/grains\/mais-geant\/#breadcrumb","itemListElement":[{"@type":"ListItem","position":1,"name":"Home","item":"https:\/\/www.carptigernuts.com\/fr\/"},{"@type":"ListItem","position":2,"name":"Grains","item":"https:\/\/www.carptigernuts.com\/fr\/grains\/"},{"@type":"ListItem","position":3,"name":"Ma\u00efs g\u00e9ant"}]},{"@type":"WebSite","@id":"https:\/\/www.carptigernuts.com\/de\/#website","url":"https:\/\/www.carptigernuts.com\/de\/","name":"CarpTigernuts.com","description":"The tigernut: The king of the particles","publisher":{"@id":"https:\/\/www.carptigernuts.com\/de\/#organization"},"potentialAction":[{"@type":"SearchAction","target":{"@type":"EntryPoint","urlTemplate":"https:\/\/www.carptigernuts.com\/de\/?s={search_term_string}"},"query-input":{"@type":"PropertyValueSpecification","valueRequired":true,"valueName":"search_term_string"}}],"inLanguage":"fr-FR"},{"@type":"Organization","@id":"https:\/\/www.carptigernuts.com\/de\/#organization","name":"CarpTigernuts.com","url":"https:\/\/www.carptigernuts.com\/de\/","logo":{"@type":"ImageObject","inLanguage":"fr-FR","@id":"https:\/\/www.carptigernuts.com\/de\/#\/schema\/logo\/image\/","url":"https:\/\/www.carptigernuts.com\/wp-content\/uploads\/carptigernuts-logo.png","contentUrl":"https:\/\/www.carptigernuts.com\/wp-content\/uploads\/carptigernuts-logo.png","width":291,"height":150,"caption":"CarpTigernuts.com"},"image":{"@id":"https:\/\/www.carptigernuts.com\/de\/#\/schema\/logo\/image\/"}}]}},"jetpack_sharing_enabled":true,"_links":{"self":[{"href":"https:\/\/www.carptigernuts.com\/fr\/wp-json\/wp\/v2\/pages\/3700","targetHints":{"allow":["GET"]}}],"collection":[{"href":"https:\/\/www.carptigernuts.com\/fr\/wp-json\/wp\/v2\/pages"}],"about":[{"href":"https:\/\/www.carptigernuts.com\/fr\/wp-json\/wp\/v2\/types\/page"}],"author":[{"embeddable":true,"href":"https:\/\/www.carptigernuts.com\/fr\/wp-json\/wp\/v2\/users\/2"}],"replies":[{"embeddable":true,"href":"https:\/\/www.carptigernuts.com\/fr\/wp-json\/wp\/v2\/comments?post=3700"}],"version-history":[{"count":2,"href":"https:\/\/www.carptigernuts.com\/fr\/wp-json\/wp\/v2\/pages\/3700\/revisions"}],"predecessor-version":[{"id":3704,"href":"https:\/\/www.carptigernuts.com\/fr\/wp-json\/wp\/v2\/pages\/3700\/revisions\/3704"}],"up":[{"embeddable":true,"href":"https:\/\/www.carptigernuts.com\/fr\/wp-json\/wp\/v2\/pages\/3464"}],"wp:featuredmedia":[{"embeddable":true,"href":"https:\/\/www.carptigernuts.com\/fr\/wp-json\/wp\/v2\/media\/352"}],"wp:attachment":[{"href":"https:\/\/www.carptigernuts.com\/fr\/wp-json\/wp\/v2\/media?parent=3700"}],"curies":[{"name":"wp","href":"https:\/\/api.w.org\/{rel}","templated":true}]}}