{"id":3627,"date":"2019-10-18T17:25:06","date_gmt":"2019-10-18T15:25:06","guid":{"rendered":"https:\/\/www.carptigernuts.com\/?page_id=3627"},"modified":"2019-10-19T11:53:38","modified_gmt":"2019-10-19T09:53:38","slug":"cacahouete","status":"publish","type":"page","link":"https:\/\/www.carptigernuts.com\/fr\/grains\/cacahouete\/","title":{"rendered":"Cacahou\u00e8te"},"content":{"rendered":"\t\t<div data-elementor-type=\"wp-page\" data-elementor-id=\"3627\" class=\"elementor elementor-3627 elementor-400\" data-elementor-post-type=\"page\">\n\t\t\t\t\t\t<section class=\"elementor-section elementor-top-section elementor-element elementor-element-c80d863 elementor-section-boxed elementor-section-height-default elementor-section-height-default\" data-id=\"c80d863\" data-element_type=\"section\" data-e-type=\"section\">\n\t\t\t\t\t\t<div class=\"elementor-container elementor-column-gap-default\">\n\t\t\t\t\t<div class=\"elementor-column elementor-col-100 elementor-top-column elementor-element elementor-element-4d4c282d\" data-id=\"4d4c282d\" data-element_type=\"column\" data-e-type=\"column\">\n\t\t\t<div class=\"elementor-widget-wrap elementor-element-populated\">\n\t\t\t\t\t\t<div class=\"elementor-element elementor-element-64c1466a elementor-widget elementor-widget-heading\" data-id=\"64c1466a\" data-element_type=\"widget\" data-e-type=\"widget\" data-widget_type=\"heading.default\">\n\t\t\t\t<div class=\"elementor-widget-container\">\n\t\t\t\t\t<h2 class=\"elementor-heading-title elementor-size-default\">Cacahou\u00e8te<\/h2>\t\t\t\t<\/div>\n\t\t\t\t<\/div>\n\t\t\t\t\t<\/div>\n\t\t<\/div>\n\t\t\t\t\t<\/div>\n\t\t<\/section>\n\t\t\t\t<section class=\"elementor-section elementor-top-section elementor-element elementor-element-6857c56a elementor-section-boxed elementor-section-height-default elementor-section-height-default\" data-id=\"6857c56a\" data-element_type=\"section\" data-e-type=\"section\" data-settings=\"{&quot;background_background&quot;:&quot;classic&quot;}\">\n\t\t\t\t\t\t<div class=\"elementor-container elementor-column-gap-default\">\n\t\t\t\t\t<div class=\"elementor-column elementor-col-50 elementor-top-column elementor-element elementor-element-673a93ea\" data-id=\"673a93ea\" data-element_type=\"column\" data-e-type=\"column\">\n\t\t\t<div class=\"elementor-widget-wrap elementor-element-populated\">\n\t\t\t\t\t\t<div class=\"elementor-element elementor-element-7de1ae9e elementor-widget elementor-widget-image\" data-id=\"7de1ae9e\" data-element_type=\"widget\" data-e-type=\"widget\" data-widget_type=\"image.default\">\n\t\t\t\t<div class=\"elementor-widget-container\">\n\t\t\t\t\t\t\t\t\t\t\t\t\t\t\t<img fetchpriority=\"high\" decoding=\"async\" width=\"1024\" height=\"683\" src=\"https:\/\/www.carptigernuts.com\/wp-content\/uploads\/particles-peanuts.jpg\" class=\"attachment-large size-large wp-image-402\" alt=\"\" srcset=\"https:\/\/www.carptigernuts.com\/wp-content\/uploads\/particles-peanuts.jpg 1024w, https:\/\/www.carptigernuts.com\/wp-content\/uploads\/particles-peanuts-150x100.jpg 150w, https:\/\/www.carptigernuts.com\/wp-content\/uploads\/particles-peanuts-600x400.jpg 600w, https:\/\/www.carptigernuts.com\/wp-content\/uploads\/particles-peanuts-768x512.jpg 768w\" sizes=\"(max-width: 1024px) 100vw, 1024px\" \/>\t\t\t\t\t\t\t\t\t\t\t\t\t\t\t<\/div>\n\t\t\t\t<\/div>\n\t\t\t\t\t<\/div>\n\t\t<\/div>\n\t\t\t\t<div class=\"elementor-column elementor-col-50 elementor-top-column elementor-element elementor-element-546b6740\" data-id=\"546b6740\" data-element_type=\"column\" data-e-type=\"column\">\n\t\t\t<div class=\"elementor-widget-wrap elementor-element-populated\">\n\t\t\t\t\t\t<div class=\"elementor-element elementor-element-241f536d elementor-widget elementor-widget-text-editor\" data-id=\"241f536d\" data-element_type=\"widget\" data-e-type=\"widget\" data-widget_type=\"text-editor.default\">\n\t\t\t\t<div class=\"elementor-widget-container\">\n\t\t\t\t\t\t\t\t\t<p>Le cacahou\u00e8te est une l\u00e9gume avec des grains qui peuvent \u00eatre profit\u00e9 et qui sont tr\u00e8s reconnus pour la consommation des personnes. Avec une taille d\u2019environ 18-20 mm., ce produit est enclin aux maladies s\u2019il n\u2019est pas de la meilleure qualit\u00e9, donc il est tr\u00e8s important que le produit ait une qualit\u00e9 alimentaire, tel que celui qu\u2019on offre \u00e0 notre entreprise, pour qu\u2019il ne soit pas indigeste pour les carpes.<\/p><ul><li>Faire tremper les cacahou\u00e8tes dans un r\u00e9cipient avec de l\u2019eau. Les cacahou\u00e8tes se ramollirent \u00e0 cause de la r\u00e9hydratation.<\/li><\/ul><p><strong>Temps recommand\u00e9 pour faire tremper\u00a0:<span class=\"Apple-converted-space\">\u00a0<\/span><\/strong>24 h.<\/p><ul><li>\u00c0 la suite, en ajoutant un peu d\u2019eau \u00e0 celle qui reste au r\u00e9cipient, on remplit une marmite, c\u2019est le proc\u00e8s de cuisson qui changera selon le genre du r\u00e9cipient.<\/li><\/ul><p><strong>Temps de cuisson recommand\u00e9\u00a0:<\/strong><span class=\"Apple-converted-space\">\u00a0<\/span>15-20 minutes.<\/p><ul><li>C\u2019est tr\u00e8s habituel introduire des go\u00fbts et des colorants \u00e0 ce produit.<\/li><\/ul>\t\t\t\t\t\t\t\t<\/div>\n\t\t\t\t<\/div>\n\t\t\t\t\t<\/div>\n\t\t<\/div>\n\t\t\t\t\t<\/div>\n\t\t<\/section>\n\t\t\t\t<section class=\"elementor-section elementor-top-section elementor-element elementor-element-2f02a905 elementor-section-boxed elementor-section-height-default elementor-section-height-default\" data-id=\"2f02a905\" data-element_type=\"section\" data-e-type=\"section\">\n\t\t\t\t\t\t<div class=\"elementor-container elementor-column-gap-default\">\n\t\t\t\t\t<div class=\"elementor-column elementor-col-100 elementor-top-column elementor-element elementor-element-215135b4\" data-id=\"215135b4\" data-element_type=\"column\" data-e-type=\"column\">\n\t\t\t<div class=\"elementor-widget-wrap elementor-element-populated\">\n\t\t\t\t\t\t<div class=\"elementor-element elementor-element-3dc3eb53 elementor-widget elementor-widget-image\" data-id=\"3dc3eb53\" data-element_type=\"widget\" data-e-type=\"widget\" data-widget_type=\"image.default\">\n\t\t\t\t<div class=\"elementor-widget-container\">\n\t\t\t\t\t\t\t\t\t\t\t\t\t\t\t<img decoding=\"async\" width=\"1168\" height=\"876\" src=\"https:\/\/www.carptigernuts.com\/wp-content\/uploads\/carps-caught-with-tigernuts-01.jpg\" class=\"attachment-large size-large wp-image-212\" alt=\"\" srcset=\"https:\/\/www.carptigernuts.com\/wp-content\/uploads\/carps-caught-with-tigernuts-01.jpg 1168w, https:\/\/www.carptigernuts.com\/wp-content\/uploads\/carps-caught-with-tigernuts-01-150x113.jpg 150w, https:\/\/www.carptigernuts.com\/wp-content\/uploads\/carps-caught-with-tigernuts-01-600x450.jpg 600w, https:\/\/www.carptigernuts.com\/wp-content\/uploads\/carps-caught-with-tigernuts-01-768x576.jpg 768w\" sizes=\"(max-width: 1168px) 100vw, 1168px\" \/>\t\t\t\t\t\t\t\t\t\t\t\t\t\t\t<\/div>\n\t\t\t\t<\/div>\n\t\t\t\t\t<\/div>\n\t\t<\/div>\n\t\t\t\t\t<\/div>\n\t\t<\/section>\n\t\t\t\t<\/div>\n\t\t","protected":false},"excerpt":{"rendered":"<p>Cacahou\u00e8te Le cacahou\u00e8te est une l\u00e9gume avec des grains qui peuvent \u00eatre profit\u00e9 et qui sont tr\u00e8s reconnus pour la consommation des personnes. Avec une taille d\u2019environ 18-20 mm., ce produit est enclin aux maladies s\u2019il n\u2019est pas de la meilleure qualit\u00e9, donc il est tr\u00e8s important que le produit ait une qualit\u00e9 alimentaire, tel [&hellip;]<\/p>\n","protected":false},"author":2,"featured_media":402,"parent":3464,"menu_order":0,"comment_status":"closed","ping_status":"closed","template":"","meta":{"site-sidebar-layout":"no-sidebar","site-content-layout":"page-builder","ast-site-content-layout":"default","site-content-style":"default","site-sidebar-style":"default","ast-global-header-display":"","ast-banner-title-visibility":"","ast-main-header-display":"","ast-hfb-above-header-display":"","ast-hfb-below-header-display":"","ast-hfb-mobile-header-display":"","site-post-title":"disabled","ast-breadcrumbs-content":"","ast-featured-img":"disabled","footer-sml-layout":"","ast-disable-related-posts":"","theme-transparent-header-meta":"default","adv-header-id-meta":"","stick-header-meta":"","header-above-stick-meta":"","header-main-stick-meta":"","header-below-stick-meta":"","astra-migrate-meta-layouts":"default","ast-page-background-enabled":"default","ast-page-background-meta":{"desktop":{"background-color":"","background-image":"","background-repeat":"repeat","background-position":"center center","background-size":"auto","background-attachment":"scroll","background-type":"","background-media":"","overlay-type":"","overlay-color":"","overlay-opacity":"","overlay-gradient":""},"tablet":{"background-color":"","background-image":"","background-repeat":"repeat","background-position":"center center","background-size":"auto","background-attachment":"scroll","background-type":"","background-media":"","overlay-type":"","overlay-color":"","overlay-opacity":"","overlay-gradient":""},"mobile":{"background-color":"","background-image":"","background-repeat":"repeat","background-position":"center center","background-size":"auto","background-attachment":"scroll","background-type":"","background-media":"","overlay-type":"","overlay-color":"","overlay-opacity":"","overlay-gradient":""}},"ast-content-background-meta":{"desktop":{"background-color":"var(--ast-global-color-5)","background-image":"","background-repeat":"repeat","background-position":"center center","background-size":"auto","background-attachment":"scroll","background-type":"","background-media":"","overlay-type":"","overlay-color":"","overlay-opacity":"","overlay-gradient":""},"tablet":{"background-color":"var(--ast-global-color-5)","background-image":"","background-repeat":"repeat","background-position":"center center","background-size":"auto","background-attachment":"scroll","background-type":"","background-media":"","overlay-type":"","overlay-color":"","overlay-opacity":"","overlay-gradient":""},"mobile":{"background-color":"var(--ast-global-color-5)","background-image":"","background-repeat":"repeat","background-position":"center center","background-size":"auto","background-attachment":"scroll","background-type":"","background-media":"","overlay-type":"","overlay-color":"","overlay-opacity":"","overlay-gradient":""}},"footnotes":""},"class_list":["post-3627","page","type-page","status-publish","has-post-thumbnail","hentry"],"yoast_head":"<!-- This site is optimized with the Yoast SEO plugin v26.9 - https:\/\/yoast.com\/product\/yoast-seo-wordpress\/ -->\n<title>Cacahou\u00e8te \u25b7 Grain pour la p\u00eache de la carpe<\/title>\n<meta name=\"robots\" content=\"index, follow, max-snippet:-1, max-image-preview:large, max-video-preview:-1\" \/>\n<link rel=\"canonical\" href=\"https:\/\/www.carptigernuts.com\/fr\/grains\/cacahouete\/\" \/>\n<meta property=\"og:locale\" content=\"fr_FR\" \/>\n<meta property=\"og:type\" content=\"article\" \/>\n<meta property=\"og:title\" content=\"Cacahou\u00e8te \u25b7 Grain pour la p\u00eache de la carpe\" \/>\n<meta property=\"og:description\" content=\"Cacahou\u00e8te Le cacahou\u00e8te est une l\u00e9gume avec des grains qui peuvent \u00eatre profit\u00e9 et qui sont tr\u00e8s reconnus pour la consommation des personnes. Avec une taille d\u2019environ 18-20 mm., ce produit est enclin aux maladies s\u2019il n\u2019est pas de la meilleure qualit\u00e9, donc il est tr\u00e8s important que le produit ait une qualit\u00e9 alimentaire, tel [&hellip;]\" \/>\n<meta property=\"og:url\" content=\"https:\/\/www.carptigernuts.com\/fr\/grains\/cacahouete\/\" \/>\n<meta property=\"og:site_name\" content=\"CarpTigernuts.com\" \/>\n<meta property=\"article:modified_time\" content=\"2019-10-19T09:53:38+00:00\" \/>\n<meta property=\"og:image\" content=\"https:\/\/www.carptigernuts.com\/wp-content\/uploads\/particles-peanuts.jpg\" \/>\n\t<meta property=\"og:image:width\" content=\"1024\" \/>\n\t<meta property=\"og:image:height\" content=\"683\" \/>\n\t<meta property=\"og:image:type\" content=\"image\/jpeg\" \/>\n<meta name=\"twitter:card\" content=\"summary_large_image\" \/>\n<meta name=\"twitter:label1\" content=\"Dur\u00e9e de lecture estim\u00e9e\" \/>\n\t<meta name=\"twitter:data1\" content=\"1 minute\" \/>\n<script type=\"application\/ld+json\" class=\"yoast-schema-graph\">{\"@context\":\"https:\/\/schema.org\",\"@graph\":[{\"@type\":\"WebPage\",\"@id\":\"https:\/\/www.carptigernuts.com\/fr\/grains\/cacahouete\/\",\"url\":\"https:\/\/www.carptigernuts.com\/fr\/grains\/cacahouete\/\",\"name\":\"Cacahou\u00e8te \u25b7 Grain pour la p\u00eache de la carpe\",\"isPartOf\":{\"@id\":\"https:\/\/www.carptigernuts.com\/de\/#website\"},\"primaryImageOfPage\":{\"@id\":\"https:\/\/www.carptigernuts.com\/fr\/grains\/cacahouete\/#primaryimage\"},\"image\":{\"@id\":\"https:\/\/www.carptigernuts.com\/fr\/grains\/cacahouete\/#primaryimage\"},\"thumbnailUrl\":\"https:\/\/www.carptigernuts.com\/wp-content\/uploads\/particles-peanuts.jpg\",\"datePublished\":\"2019-10-18T15:25:06+00:00\",\"dateModified\":\"2019-10-19T09:53:38+00:00\",\"breadcrumb\":{\"@id\":\"https:\/\/www.carptigernuts.com\/fr\/grains\/cacahouete\/#breadcrumb\"},\"inLanguage\":\"fr-FR\",\"potentialAction\":[{\"@type\":\"ReadAction\",\"target\":[\"https:\/\/www.carptigernuts.com\/fr\/grains\/cacahouete\/\"]}]},{\"@type\":\"ImageObject\",\"inLanguage\":\"fr-FR\",\"@id\":\"https:\/\/www.carptigernuts.com\/fr\/grains\/cacahouete\/#primaryimage\",\"url\":\"https:\/\/www.carptigernuts.com\/wp-content\/uploads\/particles-peanuts.jpg\",\"contentUrl\":\"https:\/\/www.carptigernuts.com\/wp-content\/uploads\/particles-peanuts.jpg\",\"width\":1024,\"height\":683},{\"@type\":\"BreadcrumbList\",\"@id\":\"https:\/\/www.carptigernuts.com\/fr\/grains\/cacahouete\/#breadcrumb\",\"itemListElement\":[{\"@type\":\"ListItem\",\"position\":1,\"name\":\"Home\",\"item\":\"https:\/\/www.carptigernuts.com\/fr\/\"},{\"@type\":\"ListItem\",\"position\":2,\"name\":\"Grains\",\"item\":\"https:\/\/www.carptigernuts.com\/fr\/grains\/\"},{\"@type\":\"ListItem\",\"position\":3,\"name\":\"Cacahou\u00e8te\"}]},{\"@type\":\"WebSite\",\"@id\":\"https:\/\/www.carptigernuts.com\/de\/#website\",\"url\":\"https:\/\/www.carptigernuts.com\/de\/\",\"name\":\"CarpTigernuts.com\",\"description\":\"The tigernut: The king of the particles\",\"publisher\":{\"@id\":\"https:\/\/www.carptigernuts.com\/de\/#organization\"},\"potentialAction\":[{\"@type\":\"SearchAction\",\"target\":{\"@type\":\"EntryPoint\",\"urlTemplate\":\"https:\/\/www.carptigernuts.com\/de\/?s={search_term_string}\"},\"query-input\":{\"@type\":\"PropertyValueSpecification\",\"valueRequired\":true,\"valueName\":\"search_term_string\"}}],\"inLanguage\":\"fr-FR\"},{\"@type\":\"Organization\",\"@id\":\"https:\/\/www.carptigernuts.com\/de\/#organization\",\"name\":\"CarpTigernuts.com\",\"url\":\"https:\/\/www.carptigernuts.com\/de\/\",\"logo\":{\"@type\":\"ImageObject\",\"inLanguage\":\"fr-FR\",\"@id\":\"https:\/\/www.carptigernuts.com\/de\/#\/schema\/logo\/image\/\",\"url\":\"https:\/\/www.carptigernuts.com\/wp-content\/uploads\/carptigernuts-logo.png\",\"contentUrl\":\"https:\/\/www.carptigernuts.com\/wp-content\/uploads\/carptigernuts-logo.png\",\"width\":291,\"height\":150,\"caption\":\"CarpTigernuts.com\"},\"image\":{\"@id\":\"https:\/\/www.carptigernuts.com\/de\/#\/schema\/logo\/image\/\"}}]}<\/script>\n<!-- \/ Yoast SEO plugin. -->","yoast_head_json":{"title":"Cacahou\u00e8te \u25b7 Grain pour la p\u00eache de la carpe","robots":{"index":"index","follow":"follow","max-snippet":"max-snippet:-1","max-image-preview":"max-image-preview:large","max-video-preview":"max-video-preview:-1"},"canonical":"https:\/\/www.carptigernuts.com\/fr\/grains\/cacahouete\/","og_locale":"fr_FR","og_type":"article","og_title":"Cacahou\u00e8te \u25b7 Grain pour la p\u00eache de la carpe","og_description":"Cacahou\u00e8te Le cacahou\u00e8te est une l\u00e9gume avec des grains qui peuvent \u00eatre profit\u00e9 et qui sont tr\u00e8s reconnus pour la consommation des personnes. Avec une taille d\u2019environ 18-20 mm., ce produit est enclin aux maladies s\u2019il n\u2019est pas de la meilleure qualit\u00e9, donc il est tr\u00e8s important que le produit ait une qualit\u00e9 alimentaire, tel [&hellip;]","og_url":"https:\/\/www.carptigernuts.com\/fr\/grains\/cacahouete\/","og_site_name":"CarpTigernuts.com","article_modified_time":"2019-10-19T09:53:38+00:00","og_image":[{"width":1024,"height":683,"url":"https:\/\/www.carptigernuts.com\/wp-content\/uploads\/particles-peanuts.jpg","type":"image\/jpeg"}],"twitter_card":"summary_large_image","twitter_misc":{"Dur\u00e9e de lecture estim\u00e9e":"1 minute"},"schema":{"@context":"https:\/\/schema.org","@graph":[{"@type":"WebPage","@id":"https:\/\/www.carptigernuts.com\/fr\/grains\/cacahouete\/","url":"https:\/\/www.carptigernuts.com\/fr\/grains\/cacahouete\/","name":"Cacahou\u00e8te \u25b7 Grain pour la p\u00eache de la carpe","isPartOf":{"@id":"https:\/\/www.carptigernuts.com\/de\/#website"},"primaryImageOfPage":{"@id":"https:\/\/www.carptigernuts.com\/fr\/grains\/cacahouete\/#primaryimage"},"image":{"@id":"https:\/\/www.carptigernuts.com\/fr\/grains\/cacahouete\/#primaryimage"},"thumbnailUrl":"https:\/\/www.carptigernuts.com\/wp-content\/uploads\/particles-peanuts.jpg","datePublished":"2019-10-18T15:25:06+00:00","dateModified":"2019-10-19T09:53:38+00:00","breadcrumb":{"@id":"https:\/\/www.carptigernuts.com\/fr\/grains\/cacahouete\/#breadcrumb"},"inLanguage":"fr-FR","potentialAction":[{"@type":"ReadAction","target":["https:\/\/www.carptigernuts.com\/fr\/grains\/cacahouete\/"]}]},{"@type":"ImageObject","inLanguage":"fr-FR","@id":"https:\/\/www.carptigernuts.com\/fr\/grains\/cacahouete\/#primaryimage","url":"https:\/\/www.carptigernuts.com\/wp-content\/uploads\/particles-peanuts.jpg","contentUrl":"https:\/\/www.carptigernuts.com\/wp-content\/uploads\/particles-peanuts.jpg","width":1024,"height":683},{"@type":"BreadcrumbList","@id":"https:\/\/www.carptigernuts.com\/fr\/grains\/cacahouete\/#breadcrumb","itemListElement":[{"@type":"ListItem","position":1,"name":"Home","item":"https:\/\/www.carptigernuts.com\/fr\/"},{"@type":"ListItem","position":2,"name":"Grains","item":"https:\/\/www.carptigernuts.com\/fr\/grains\/"},{"@type":"ListItem","position":3,"name":"Cacahou\u00e8te"}]},{"@type":"WebSite","@id":"https:\/\/www.carptigernuts.com\/de\/#website","url":"https:\/\/www.carptigernuts.com\/de\/","name":"CarpTigernuts.com","description":"The tigernut: The king of the particles","publisher":{"@id":"https:\/\/www.carptigernuts.com\/de\/#organization"},"potentialAction":[{"@type":"SearchAction","target":{"@type":"EntryPoint","urlTemplate":"https:\/\/www.carptigernuts.com\/de\/?s={search_term_string}"},"query-input":{"@type":"PropertyValueSpecification","valueRequired":true,"valueName":"search_term_string"}}],"inLanguage":"fr-FR"},{"@type":"Organization","@id":"https:\/\/www.carptigernuts.com\/de\/#organization","name":"CarpTigernuts.com","url":"https:\/\/www.carptigernuts.com\/de\/","logo":{"@type":"ImageObject","inLanguage":"fr-FR","@id":"https:\/\/www.carptigernuts.com\/de\/#\/schema\/logo\/image\/","url":"https:\/\/www.carptigernuts.com\/wp-content\/uploads\/carptigernuts-logo.png","contentUrl":"https:\/\/www.carptigernuts.com\/wp-content\/uploads\/carptigernuts-logo.png","width":291,"height":150,"caption":"CarpTigernuts.com"},"image":{"@id":"https:\/\/www.carptigernuts.com\/de\/#\/schema\/logo\/image\/"}}]}},"jetpack_sharing_enabled":true,"_links":{"self":[{"href":"https:\/\/www.carptigernuts.com\/fr\/wp-json\/wp\/v2\/pages\/3627","targetHints":{"allow":["GET"]}}],"collection":[{"href":"https:\/\/www.carptigernuts.com\/fr\/wp-json\/wp\/v2\/pages"}],"about":[{"href":"https:\/\/www.carptigernuts.com\/fr\/wp-json\/wp\/v2\/types\/page"}],"author":[{"embeddable":true,"href":"https:\/\/www.carptigernuts.com\/fr\/wp-json\/wp\/v2\/users\/2"}],"replies":[{"embeddable":true,"href":"https:\/\/www.carptigernuts.com\/fr\/wp-json\/wp\/v2\/comments?post=3627"}],"version-history":[{"count":2,"href":"https:\/\/www.carptigernuts.com\/fr\/wp-json\/wp\/v2\/pages\/3627\/revisions"}],"predecessor-version":[{"id":3659,"href":"https:\/\/www.carptigernuts.com\/fr\/wp-json\/wp\/v2\/pages\/3627\/revisions\/3659"}],"up":[{"embeddable":true,"href":"https:\/\/www.carptigernuts.com\/fr\/wp-json\/wp\/v2\/pages\/3464"}],"wp:featuredmedia":[{"embeddable":true,"href":"https:\/\/www.carptigernuts.com\/fr\/wp-json\/wp\/v2\/media\/402"}],"wp:attachment":[{"href":"https:\/\/www.carptigernuts.com\/fr\/wp-json\/wp\/v2\/media?parent=3627"}],"curies":[{"name":"wp","href":"https:\/\/api.w.org\/{rel}","templated":true}]}}