{"id":3619,"date":"2019-10-18T17:17:09","date_gmt":"2019-10-18T15:17:09","guid":{"rendered":"https:\/\/www.carptigernuts.com\/?page_id=3619"},"modified":"2019-10-19T11:53:38","modified_gmt":"2019-10-19T09:53:38","slug":"feves","status":"publish","type":"page","link":"https:\/\/www.carptigernuts.com\/fr\/grains\/feves\/","title":{"rendered":"F\u00e8ves"},"content":{"rendered":"\t\t<div data-elementor-type=\"wp-page\" data-elementor-id=\"3619\" class=\"elementor elementor-3619 elementor-386\" data-elementor-post-type=\"page\">\n\t\t\t\t\t\t<section class=\"elementor-section elementor-top-section elementor-element elementor-element-665285c9 elementor-section-boxed elementor-section-height-default elementor-section-height-default\" data-id=\"665285c9\" data-element_type=\"section\" data-e-type=\"section\">\n\t\t\t\t\t\t<div class=\"elementor-container elementor-column-gap-default\">\n\t\t\t\t\t<div class=\"elementor-column elementor-col-100 elementor-top-column elementor-element elementor-element-454449d0\" data-id=\"454449d0\" data-element_type=\"column\" data-e-type=\"column\">\n\t\t\t<div class=\"elementor-widget-wrap elementor-element-populated\">\n\t\t\t\t\t\t<div class=\"elementor-element elementor-element-211962ce elementor-widget elementor-widget-heading\" data-id=\"211962ce\" data-element_type=\"widget\" data-e-type=\"widget\" data-widget_type=\"heading.default\">\n\t\t\t\t<div class=\"elementor-widget-container\">\n\t\t\t\t\t<h2 class=\"elementor-heading-title elementor-size-default\">F\u00e8ves<\/h2>\t\t\t\t<\/div>\n\t\t\t\t<\/div>\n\t\t\t\t\t<\/div>\n\t\t<\/div>\n\t\t\t\t\t<\/div>\n\t\t<\/section>\n\t\t\t\t<section class=\"elementor-section elementor-top-section elementor-element elementor-element-c69f577 elementor-section-boxed elementor-section-height-default elementor-section-height-default\" data-id=\"c69f577\" data-element_type=\"section\" data-e-type=\"section\" data-settings=\"{&quot;background_background&quot;:&quot;classic&quot;}\">\n\t\t\t\t\t\t<div class=\"elementor-container elementor-column-gap-default\">\n\t\t\t\t\t<div class=\"elementor-column elementor-col-50 elementor-top-column elementor-element elementor-element-3dce5116\" data-id=\"3dce5116\" data-element_type=\"column\" data-e-type=\"column\">\n\t\t\t<div class=\"elementor-widget-wrap elementor-element-populated\">\n\t\t\t\t\t\t<div class=\"elementor-element elementor-element-52e991a elementor-widget elementor-widget-image\" data-id=\"52e991a\" data-element_type=\"widget\" data-e-type=\"widget\" data-widget_type=\"image.default\">\n\t\t\t\t<div class=\"elementor-widget-container\">\n\t\t\t\t\t\t\t\t\t\t\t\t\t\t\t<img fetchpriority=\"high\" decoding=\"async\" width=\"1024\" height=\"683\" src=\"https:\/\/www.carptigernuts.com\/wp-content\/uploads\/particles-broad-beans.jpg\" class=\"attachment-large size-large wp-image-388\" alt=\"\" srcset=\"https:\/\/www.carptigernuts.com\/wp-content\/uploads\/particles-broad-beans.jpg 1024w, https:\/\/www.carptigernuts.com\/wp-content\/uploads\/particles-broad-beans-150x100.jpg 150w, https:\/\/www.carptigernuts.com\/wp-content\/uploads\/particles-broad-beans-600x400.jpg 600w, https:\/\/www.carptigernuts.com\/wp-content\/uploads\/particles-broad-beans-768x512.jpg 768w\" sizes=\"(max-width: 1024px) 100vw, 1024px\" \/>\t\t\t\t\t\t\t\t\t\t\t\t\t\t\t<\/div>\n\t\t\t\t<\/div>\n\t\t\t\t\t<\/div>\n\t\t<\/div>\n\t\t\t\t<div class=\"elementor-column elementor-col-50 elementor-top-column elementor-element elementor-element-78a42d22\" data-id=\"78a42d22\" data-element_type=\"column\" data-e-type=\"column\">\n\t\t\t<div class=\"elementor-widget-wrap elementor-element-populated\">\n\t\t\t\t\t\t<div class=\"elementor-element elementor-element-1a3bc430 elementor-widget elementor-widget-text-editor\" data-id=\"1a3bc430\" data-element_type=\"widget\" data-e-type=\"widget\" data-widget_type=\"text-editor.default\">\n\t\t\t\t<div class=\"elementor-widget-container\">\n\t\t\t\t\t\t\t\t\t<p>Grain tr\u00e8s recommand\u00e9 pour la p\u00eache en raison de sa grande taille et les fantastiques propri\u00e9t\u00e9s que les carpes savent reconna\u00eetre. Sa taille varie entre les 21 et les 26 mm.<\/p><ul><li>Faire tremper les f\u00e8ves dans un r\u00e9cipient avec de l\u2019eau ti\u00e8de et fermer avec un bouchon. Laisser comme \u00e7a pendant toute la nuit. Les f\u00e8ves grandiront gr\u00e2ce \u00e0 la r\u00e9hydratation, donc il est int\u00e9ressant laisser l\u2019eau \u00e0 6 ou 7 centim\u00e8tre au dessus du produit pour qu\u2019il puisse faire la r\u00e9hydratation compl\u00e8te.<\/li><\/ul><p><strong>Temps recommand\u00e9 pour faire tremper\u00a0:<\/strong><span class=\"Apple-converted-space\">\u00a0<\/span>12 a 18 h.<\/p><ul><li>A la suite, mettre le produit, qui sera encore un peu dur, dans une marmite pour le cuir.<\/li><\/ul><p><strong>Temps de cuisson recommand\u00e9\u00a0:<\/strong><span class=\"Apple-converted-space\">\u00a0<\/span>30 minutes.<\/p><ul><li>Lorsqu\u2019il aura repos\u00e9 et les f\u00e8ves seront \u00e0 la temp\u00e9rature de l\u2019ext\u00e9rieur, on l\u2019introduit dans un r\u00e9cipient herm\u00e9tique o\u00f9 l\u2019on laissera reposer pendant toute la nuit, ce qui favorise le principe de germination et commencera la fermentation du grain. Il est n\u00e9cessaire \u00e0 peu pr\u00e8s 48 heures pour que la fermentation soit bonne.<\/li><\/ul>\t\t\t\t\t\t\t\t<\/div>\n\t\t\t\t<\/div>\n\t\t\t\t\t<\/div>\n\t\t<\/div>\n\t\t\t\t\t<\/div>\n\t\t<\/section>\n\t\t\t\t<section class=\"elementor-section elementor-top-section elementor-element elementor-element-3455ae79 elementor-section-boxed elementor-section-height-default elementor-section-height-default\" data-id=\"3455ae79\" data-element_type=\"section\" data-e-type=\"section\">\n\t\t\t\t\t\t<div class=\"elementor-container elementor-column-gap-default\">\n\t\t\t\t\t<div class=\"elementor-column elementor-col-100 elementor-top-column elementor-element elementor-element-1913073\" data-id=\"1913073\" data-element_type=\"column\" data-e-type=\"column\">\n\t\t\t<div class=\"elementor-widget-wrap elementor-element-populated\">\n\t\t\t\t\t\t<div class=\"elementor-element elementor-element-63470e22 elementor-widget elementor-widget-image\" data-id=\"63470e22\" data-element_type=\"widget\" data-e-type=\"widget\" data-widget_type=\"image.default\">\n\t\t\t\t<div class=\"elementor-widget-container\">\n\t\t\t\t\t\t\t\t\t\t\t\t\t\t\t<img decoding=\"async\" width=\"1168\" height=\"876\" src=\"https:\/\/www.carptigernuts.com\/wp-content\/uploads\/carps-caught-with-tigernuts-06.jpg\" class=\"attachment-large size-large wp-image-232\" alt=\"\" srcset=\"https:\/\/www.carptigernuts.com\/wp-content\/uploads\/carps-caught-with-tigernuts-06.jpg 1168w, https:\/\/www.carptigernuts.com\/wp-content\/uploads\/carps-caught-with-tigernuts-06-150x113.jpg 150w, https:\/\/www.carptigernuts.com\/wp-content\/uploads\/carps-caught-with-tigernuts-06-600x450.jpg 600w, https:\/\/www.carptigernuts.com\/wp-content\/uploads\/carps-caught-with-tigernuts-06-768x576.jpg 768w\" sizes=\"(max-width: 1168px) 100vw, 1168px\" \/>\t\t\t\t\t\t\t\t\t\t\t\t\t\t\t<\/div>\n\t\t\t\t<\/div>\n\t\t\t\t\t<\/div>\n\t\t<\/div>\n\t\t\t\t\t<\/div>\n\t\t<\/section>\n\t\t\t\t<\/div>\n\t\t","protected":false},"excerpt":{"rendered":"<p>F\u00e8ves Grain tr\u00e8s recommand\u00e9 pour la p\u00eache en raison de sa grande taille et les fantastiques propri\u00e9t\u00e9s que les carpes savent reconna\u00eetre. Sa taille varie entre les 21 et les 26 mm. Faire tremper les f\u00e8ves dans un r\u00e9cipient avec de l\u2019eau ti\u00e8de et fermer avec un bouchon. Laisser comme \u00e7a pendant toute la nuit. [&hellip;]<\/p>\n","protected":false},"author":2,"featured_media":388,"parent":3464,"menu_order":0,"comment_status":"closed","ping_status":"closed","template":"","meta":{"site-sidebar-layout":"no-sidebar","site-content-layout":"page-builder","ast-site-content-layout":"default","site-content-style":"default","site-sidebar-style":"default","ast-global-header-display":"","ast-banner-title-visibility":"","ast-main-header-display":"","ast-hfb-above-header-display":"","ast-hfb-below-header-display":"","ast-hfb-mobile-header-display":"","site-post-title":"disabled","ast-breadcrumbs-content":"","ast-featured-img":"disabled","footer-sml-layout":"","ast-disable-related-posts":"","theme-transparent-header-meta":"default","adv-header-id-meta":"","stick-header-meta":"","header-above-stick-meta":"","header-main-stick-meta":"","header-below-stick-meta":"","astra-migrate-meta-layouts":"default","ast-page-background-enabled":"default","ast-page-background-meta":{"desktop":{"background-color":"","background-image":"","background-repeat":"repeat","background-position":"center center","background-size":"auto","background-attachment":"scroll","background-type":"","background-media":"","overlay-type":"","overlay-color":"","overlay-opacity":"","overlay-gradient":""},"tablet":{"background-color":"","background-image":"","background-repeat":"repeat","background-position":"center center","background-size":"auto","background-attachment":"scroll","background-type":"","background-media":"","overlay-type":"","overlay-color":"","overlay-opacity":"","overlay-gradient":""},"mobile":{"background-color":"","background-image":"","background-repeat":"repeat","background-position":"center center","background-size":"auto","background-attachment":"scroll","background-type":"","background-media":"","overlay-type":"","overlay-color":"","overlay-opacity":"","overlay-gradient":""}},"ast-content-background-meta":{"desktop":{"background-color":"var(--ast-global-color-5)","background-image":"","background-repeat":"repeat","background-position":"center center","background-size":"auto","background-attachment":"scroll","background-type":"","background-media":"","overlay-type":"","overlay-color":"","overlay-opacity":"","overlay-gradient":""},"tablet":{"background-color":"var(--ast-global-color-5)","background-image":"","background-repeat":"repeat","background-position":"center center","background-size":"auto","background-attachment":"scroll","background-type":"","background-media":"","overlay-type":"","overlay-color":"","overlay-opacity":"","overlay-gradient":""},"mobile":{"background-color":"var(--ast-global-color-5)","background-image":"","background-repeat":"repeat","background-position":"center center","background-size":"auto","background-attachment":"scroll","background-type":"","background-media":"","overlay-type":"","overlay-color":"","overlay-opacity":"","overlay-gradient":""}},"footnotes":""},"class_list":["post-3619","page","type-page","status-publish","has-post-thumbnail","hentry"],"yoast_head":"<!-- This site is optimized with the Yoast SEO plugin v27.3 - https:\/\/yoast.com\/product\/yoast-seo-wordpress\/ -->\n<title>F\u00e8ves \u25b7 Grain pour la p\u00eache de la carpe<\/title>\n<meta name=\"robots\" content=\"index, follow, max-snippet:-1, max-image-preview:large, max-video-preview:-1\" \/>\n<link rel=\"canonical\" href=\"https:\/\/www.carptigernuts.com\/fr\/grains\/feves\/\" \/>\n<meta property=\"og:locale\" content=\"fr_FR\" \/>\n<meta property=\"og:type\" content=\"article\" \/>\n<meta property=\"og:title\" content=\"F\u00e8ves \u25b7 Grain pour la p\u00eache de la carpe\" \/>\n<meta property=\"og:description\" content=\"F\u00e8ves Grain tr\u00e8s recommand\u00e9 pour la p\u00eache en raison de sa grande taille et les fantastiques propri\u00e9t\u00e9s que les carpes savent reconna\u00eetre. Sa taille varie entre les 21 et les 26 mm. Faire tremper les f\u00e8ves dans un r\u00e9cipient avec de l\u2019eau ti\u00e8de et fermer avec un bouchon. Laisser comme \u00e7a pendant toute la nuit. [&hellip;]\" \/>\n<meta property=\"og:url\" content=\"https:\/\/www.carptigernuts.com\/fr\/grains\/feves\/\" \/>\n<meta property=\"og:site_name\" content=\"CarpTigernuts.com\" \/>\n<meta property=\"article:modified_time\" content=\"2019-10-19T09:53:38+00:00\" \/>\n<meta property=\"og:image\" content=\"https:\/\/www.carptigernuts.com\/wp-content\/uploads\/particles-broad-beans.jpg\" \/>\n\t<meta property=\"og:image:width\" content=\"1024\" \/>\n\t<meta property=\"og:image:height\" content=\"683\" \/>\n\t<meta property=\"og:image:type\" content=\"image\/jpeg\" \/>\n<meta name=\"twitter:card\" content=\"summary_large_image\" \/>\n<meta name=\"twitter:label1\" content=\"Dur\u00e9e de lecture estim\u00e9e\" \/>\n\t<meta name=\"twitter:data1\" content=\"1 minute\" \/>\n<script type=\"application\/ld+json\" class=\"yoast-schema-graph\">{\"@context\":\"https:\\\/\\\/schema.org\",\"@graph\":[{\"@type\":\"WebPage\",\"@id\":\"https:\\\/\\\/www.carptigernuts.com\\\/fr\\\/grains\\\/feves\\\/\",\"url\":\"https:\\\/\\\/www.carptigernuts.com\\\/fr\\\/grains\\\/feves\\\/\",\"name\":\"F\u00e8ves \u25b7 Grain pour la p\u00eache de la carpe\",\"isPartOf\":{\"@id\":\"https:\\\/\\\/www.carptigernuts.com\\\/de\\\/#website\"},\"primaryImageOfPage\":{\"@id\":\"https:\\\/\\\/www.carptigernuts.com\\\/fr\\\/grains\\\/feves\\\/#primaryimage\"},\"image\":{\"@id\":\"https:\\\/\\\/www.carptigernuts.com\\\/fr\\\/grains\\\/feves\\\/#primaryimage\"},\"thumbnailUrl\":\"https:\\\/\\\/www.carptigernuts.com\\\/wp-content\\\/uploads\\\/particles-broad-beans.jpg\",\"datePublished\":\"2019-10-18T15:17:09+00:00\",\"dateModified\":\"2019-10-19T09:53:38+00:00\",\"breadcrumb\":{\"@id\":\"https:\\\/\\\/www.carptigernuts.com\\\/fr\\\/grains\\\/feves\\\/#breadcrumb\"},\"inLanguage\":\"fr-FR\",\"potentialAction\":[{\"@type\":\"ReadAction\",\"target\":[\"https:\\\/\\\/www.carptigernuts.com\\\/fr\\\/grains\\\/feves\\\/\"]}]},{\"@type\":\"ImageObject\",\"inLanguage\":\"fr-FR\",\"@id\":\"https:\\\/\\\/www.carptigernuts.com\\\/fr\\\/grains\\\/feves\\\/#primaryimage\",\"url\":\"https:\\\/\\\/www.carptigernuts.com\\\/wp-content\\\/uploads\\\/particles-broad-beans.jpg\",\"contentUrl\":\"https:\\\/\\\/www.carptigernuts.com\\\/wp-content\\\/uploads\\\/particles-broad-beans.jpg\",\"width\":1024,\"height\":683},{\"@type\":\"BreadcrumbList\",\"@id\":\"https:\\\/\\\/www.carptigernuts.com\\\/fr\\\/grains\\\/feves\\\/#breadcrumb\",\"itemListElement\":[{\"@type\":\"ListItem\",\"position\":1,\"name\":\"Home\",\"item\":\"https:\\\/\\\/www.carptigernuts.com\\\/fr\\\/\"},{\"@type\":\"ListItem\",\"position\":2,\"name\":\"Grains\",\"item\":\"https:\\\/\\\/www.carptigernuts.com\\\/fr\\\/grains\\\/\"},{\"@type\":\"ListItem\",\"position\":3,\"name\":\"F\u00e8ves\"}]},{\"@type\":\"WebSite\",\"@id\":\"https:\\\/\\\/www.carptigernuts.com\\\/de\\\/#website\",\"url\":\"https:\\\/\\\/www.carptigernuts.com\\\/de\\\/\",\"name\":\"CarpTigernuts.com\",\"description\":\"The tigernut: The king of the particles\",\"publisher\":{\"@id\":\"https:\\\/\\\/www.carptigernuts.com\\\/de\\\/#organization\"},\"potentialAction\":[{\"@type\":\"SearchAction\",\"target\":{\"@type\":\"EntryPoint\",\"urlTemplate\":\"https:\\\/\\\/www.carptigernuts.com\\\/de\\\/?s={search_term_string}\"},\"query-input\":{\"@type\":\"PropertyValueSpecification\",\"valueRequired\":true,\"valueName\":\"search_term_string\"}}],\"inLanguage\":\"fr-FR\"},{\"@type\":\"Organization\",\"@id\":\"https:\\\/\\\/www.carptigernuts.com\\\/de\\\/#organization\",\"name\":\"CarpTigernuts.com\",\"url\":\"https:\\\/\\\/www.carptigernuts.com\\\/de\\\/\",\"logo\":{\"@type\":\"ImageObject\",\"inLanguage\":\"fr-FR\",\"@id\":\"https:\\\/\\\/www.carptigernuts.com\\\/de\\\/#\\\/schema\\\/logo\\\/image\\\/\",\"url\":\"https:\\\/\\\/www.carptigernuts.com\\\/wp-content\\\/uploads\\\/carptigernuts-logo.png\",\"contentUrl\":\"https:\\\/\\\/www.carptigernuts.com\\\/wp-content\\\/uploads\\\/carptigernuts-logo.png\",\"width\":291,\"height\":150,\"caption\":\"CarpTigernuts.com\"},\"image\":{\"@id\":\"https:\\\/\\\/www.carptigernuts.com\\\/de\\\/#\\\/schema\\\/logo\\\/image\\\/\"}}]}<\/script>\n<!-- \/ Yoast SEO plugin. -->","yoast_head_json":{"title":"F\u00e8ves \u25b7 Grain pour la p\u00eache de la carpe","robots":{"index":"index","follow":"follow","max-snippet":"max-snippet:-1","max-image-preview":"max-image-preview:large","max-video-preview":"max-video-preview:-1"},"canonical":"https:\/\/www.carptigernuts.com\/fr\/grains\/feves\/","og_locale":"fr_FR","og_type":"article","og_title":"F\u00e8ves \u25b7 Grain pour la p\u00eache de la carpe","og_description":"F\u00e8ves Grain tr\u00e8s recommand\u00e9 pour la p\u00eache en raison de sa grande taille et les fantastiques propri\u00e9t\u00e9s que les carpes savent reconna\u00eetre. Sa taille varie entre les 21 et les 26 mm. Faire tremper les f\u00e8ves dans un r\u00e9cipient avec de l\u2019eau ti\u00e8de et fermer avec un bouchon. Laisser comme \u00e7a pendant toute la nuit. [&hellip;]","og_url":"https:\/\/www.carptigernuts.com\/fr\/grains\/feves\/","og_site_name":"CarpTigernuts.com","article_modified_time":"2019-10-19T09:53:38+00:00","og_image":[{"width":1024,"height":683,"url":"https:\/\/www.carptigernuts.com\/wp-content\/uploads\/particles-broad-beans.jpg","type":"image\/jpeg"}],"twitter_card":"summary_large_image","twitter_misc":{"Dur\u00e9e de lecture estim\u00e9e":"1 minute"},"schema":{"@context":"https:\/\/schema.org","@graph":[{"@type":"WebPage","@id":"https:\/\/www.carptigernuts.com\/fr\/grains\/feves\/","url":"https:\/\/www.carptigernuts.com\/fr\/grains\/feves\/","name":"F\u00e8ves \u25b7 Grain pour la p\u00eache de la carpe","isPartOf":{"@id":"https:\/\/www.carptigernuts.com\/de\/#website"},"primaryImageOfPage":{"@id":"https:\/\/www.carptigernuts.com\/fr\/grains\/feves\/#primaryimage"},"image":{"@id":"https:\/\/www.carptigernuts.com\/fr\/grains\/feves\/#primaryimage"},"thumbnailUrl":"https:\/\/www.carptigernuts.com\/wp-content\/uploads\/particles-broad-beans.jpg","datePublished":"2019-10-18T15:17:09+00:00","dateModified":"2019-10-19T09:53:38+00:00","breadcrumb":{"@id":"https:\/\/www.carptigernuts.com\/fr\/grains\/feves\/#breadcrumb"},"inLanguage":"fr-FR","potentialAction":[{"@type":"ReadAction","target":["https:\/\/www.carptigernuts.com\/fr\/grains\/feves\/"]}]},{"@type":"ImageObject","inLanguage":"fr-FR","@id":"https:\/\/www.carptigernuts.com\/fr\/grains\/feves\/#primaryimage","url":"https:\/\/www.carptigernuts.com\/wp-content\/uploads\/particles-broad-beans.jpg","contentUrl":"https:\/\/www.carptigernuts.com\/wp-content\/uploads\/particles-broad-beans.jpg","width":1024,"height":683},{"@type":"BreadcrumbList","@id":"https:\/\/www.carptigernuts.com\/fr\/grains\/feves\/#breadcrumb","itemListElement":[{"@type":"ListItem","position":1,"name":"Home","item":"https:\/\/www.carptigernuts.com\/fr\/"},{"@type":"ListItem","position":2,"name":"Grains","item":"https:\/\/www.carptigernuts.com\/fr\/grains\/"},{"@type":"ListItem","position":3,"name":"F\u00e8ves"}]},{"@type":"WebSite","@id":"https:\/\/www.carptigernuts.com\/de\/#website","url":"https:\/\/www.carptigernuts.com\/de\/","name":"CarpTigernuts.com","description":"The tigernut: The king of the particles","publisher":{"@id":"https:\/\/www.carptigernuts.com\/de\/#organization"},"potentialAction":[{"@type":"SearchAction","target":{"@type":"EntryPoint","urlTemplate":"https:\/\/www.carptigernuts.com\/de\/?s={search_term_string}"},"query-input":{"@type":"PropertyValueSpecification","valueRequired":true,"valueName":"search_term_string"}}],"inLanguage":"fr-FR"},{"@type":"Organization","@id":"https:\/\/www.carptigernuts.com\/de\/#organization","name":"CarpTigernuts.com","url":"https:\/\/www.carptigernuts.com\/de\/","logo":{"@type":"ImageObject","inLanguage":"fr-FR","@id":"https:\/\/www.carptigernuts.com\/de\/#\/schema\/logo\/image\/","url":"https:\/\/www.carptigernuts.com\/wp-content\/uploads\/carptigernuts-logo.png","contentUrl":"https:\/\/www.carptigernuts.com\/wp-content\/uploads\/carptigernuts-logo.png","width":291,"height":150,"caption":"CarpTigernuts.com"},"image":{"@id":"https:\/\/www.carptigernuts.com\/de\/#\/schema\/logo\/image\/"}}]}},"jetpack_sharing_enabled":true,"_links":{"self":[{"href":"https:\/\/www.carptigernuts.com\/fr\/wp-json\/wp\/v2\/pages\/3619","targetHints":{"allow":["GET"]}}],"collection":[{"href":"https:\/\/www.carptigernuts.com\/fr\/wp-json\/wp\/v2\/pages"}],"about":[{"href":"https:\/\/www.carptigernuts.com\/fr\/wp-json\/wp\/v2\/types\/page"}],"author":[{"embeddable":true,"href":"https:\/\/www.carptigernuts.com\/fr\/wp-json\/wp\/v2\/users\/2"}],"replies":[{"embeddable":true,"href":"https:\/\/www.carptigernuts.com\/fr\/wp-json\/wp\/v2\/comments?post=3619"}],"version-history":[{"count":2,"href":"https:\/\/www.carptigernuts.com\/fr\/wp-json\/wp\/v2\/pages\/3619\/revisions"}],"predecessor-version":[{"id":3623,"href":"https:\/\/www.carptigernuts.com\/fr\/wp-json\/wp\/v2\/pages\/3619\/revisions\/3623"}],"up":[{"embeddable":true,"href":"https:\/\/www.carptigernuts.com\/fr\/wp-json\/wp\/v2\/pages\/3464"}],"wp:featuredmedia":[{"embeddable":true,"href":"https:\/\/www.carptigernuts.com\/fr\/wp-json\/wp\/v2\/media\/388"}],"wp:attachment":[{"href":"https:\/\/www.carptigernuts.com\/fr\/wp-json\/wp\/v2\/media?parent=3619"}],"curies":[{"name":"wp","href":"https:\/\/api.w.org\/{rel}","templated":true}]}}