{"id":3556,"date":"2019-10-18T16:53:53","date_gmt":"2019-10-18T14:53:53","guid":{"rendered":"https:\/\/www.carptigernuts.com\/?page_id=3556"},"modified":"2019-10-19T11:53:45","modified_gmt":"2019-10-19T09:53:45","slug":"farine-de-souchet","status":"publish","type":"page","link":"https:\/\/www.carptigernuts.com\/fr\/produits-derives\/farine-de-souchet\/","title":{"rendered":"Farine de souchet"},"content":{"rendered":"\t\t<div data-elementor-type=\"wp-page\" data-elementor-id=\"3556\" class=\"elementor elementor-3556 elementor-308\" data-elementor-post-type=\"page\">\n\t\t\t\t\t\t<section class=\"elementor-section elementor-top-section elementor-element elementor-element-3e2085e9 elementor-section-boxed elementor-section-height-default elementor-section-height-default\" data-id=\"3e2085e9\" data-element_type=\"section\" data-e-type=\"section\">\n\t\t\t\t\t\t<div class=\"elementor-container elementor-column-gap-default\">\n\t\t\t\t\t<div class=\"elementor-column elementor-col-100 elementor-top-column elementor-element elementor-element-1562e51a\" data-id=\"1562e51a\" data-element_type=\"column\" data-e-type=\"column\">\n\t\t\t<div class=\"elementor-widget-wrap elementor-element-populated\">\n\t\t\t\t\t\t<div class=\"elementor-element elementor-element-51a57415 elementor-widget elementor-widget-heading\" data-id=\"51a57415\" data-element_type=\"widget\" data-e-type=\"widget\" data-widget_type=\"heading.default\">\n\t\t\t\t<div class=\"elementor-widget-container\">\n\t\t\t\t\t<h1 class=\"elementor-heading-title elementor-size-default\">Farine de souchet<\/h1>\t\t\t\t<\/div>\n\t\t\t\t<\/div>\n\t\t\t\t\t<\/div>\n\t\t<\/div>\n\t\t\t\t\t<\/div>\n\t\t<\/section>\n\t\t\t\t<section class=\"elementor-section elementor-top-section elementor-element elementor-element-d708a2f elementor-section-boxed elementor-section-height-default elementor-section-height-default\" data-id=\"d708a2f\" data-element_type=\"section\" data-e-type=\"section\" data-settings=\"{&quot;background_background&quot;:&quot;classic&quot;}\">\n\t\t\t\t\t\t<div class=\"elementor-container elementor-column-gap-default\">\n\t\t\t\t\t<div class=\"elementor-column elementor-col-50 elementor-top-column elementor-element elementor-element-1c37e062\" data-id=\"1c37e062\" data-element_type=\"column\" data-e-type=\"column\">\n\t\t\t<div class=\"elementor-widget-wrap elementor-element-populated\">\n\t\t\t\t\t\t<div class=\"elementor-element elementor-element-3af9e0f8 elementor-widget elementor-widget-image\" data-id=\"3af9e0f8\" data-element_type=\"widget\" data-e-type=\"widget\" data-widget_type=\"image.default\">\n\t\t\t\t<div class=\"elementor-widget-container\">\n\t\t\t\t\t\t\t\t\t\t\t\t\t\t\t<img fetchpriority=\"high\" decoding=\"async\" width=\"1024\" height=\"683\" src=\"https:\/\/www.carptigernuts.com\/wp-content\/uploads\/tigernuts-derivatives-tigernuts-flour.jpg\" class=\"attachment-large size-large wp-image-311\" alt=\"\" srcset=\"https:\/\/www.carptigernuts.com\/wp-content\/uploads\/tigernuts-derivatives-tigernuts-flour.jpg 1024w, https:\/\/www.carptigernuts.com\/wp-content\/uploads\/tigernuts-derivatives-tigernuts-flour-150x100.jpg 150w, https:\/\/www.carptigernuts.com\/wp-content\/uploads\/tigernuts-derivatives-tigernuts-flour-600x400.jpg 600w, https:\/\/www.carptigernuts.com\/wp-content\/uploads\/tigernuts-derivatives-tigernuts-flour-768x512.jpg 768w\" sizes=\"(max-width: 1024px) 100vw, 1024px\" \/>\t\t\t\t\t\t\t\t\t\t\t\t\t\t\t<\/div>\n\t\t\t\t<\/div>\n\t\t\t\t\t<\/div>\n\t\t<\/div>\n\t\t\t\t<div class=\"elementor-column elementor-col-50 elementor-top-column elementor-element elementor-element-460b2fb7\" data-id=\"460b2fb7\" data-element_type=\"column\" data-e-type=\"column\">\n\t\t\t<div class=\"elementor-widget-wrap elementor-element-populated\">\n\t\t\t\t\t\t<div class=\"elementor-element elementor-element-38731893 elementor-widget elementor-widget-text-editor\" data-id=\"38731893\" data-element_type=\"widget\" data-e-type=\"widget\" data-widget_type=\"text-editor.default\">\n\t\t\t\t<div class=\"elementor-widget-container\">\n\t\t\t\t\t\t\t\t\t<p>Cet exceptionnel produit, d\u00e9velopp\u00e9 apr\u00e8s des longues recherches, car ce n\u2019est pas facile de r\u00e9aliser un produit avec un niveau de gras aussi \u00e9lev\u00e9 sans modifier ses propri\u00e9t\u00e9s, est devenu tr\u00e8s populaire entre les p\u00eacheurs qui cherchent une nouvelle texture douce et cr\u00e9meuse pour ses cr\u00e9ations, en profitant en m\u00eame temps du distinctif ar\u00f4me qui pla\u00eet autant aux carpes. Il peut \u00eatre employer comme un ingr\u00e9dient base pour des diff\u00e9rentes m\u00e9langes, \u00e9tant donn\u00e9 que, gr\u00e2ce \u00e0 son grand contenu en gras, il permet de conserver l\u2019humidit\u00e9 des autres ingr\u00e9dients et fait qu\u2019ils semblent plus frais longtemps apr\u00e8s.<\/p><p>La farine de souchet est probablement la forme la plus efficace d\u2019introduire les souchets dans les zones o\u00f9 on n\u2019emploie pas beaucoup de grains, \u00e9tant donn\u00e9 que les carpes ont besoin de moins de temps pour les ing\u00e9rer et il peut \u00eatre m\u00e9langer avec pratiquement tous les ingr\u00e9dients.<\/p>\t\t\t\t\t\t\t\t<\/div>\n\t\t\t\t<\/div>\n\t\t\t\t\t<\/div>\n\t\t<\/div>\n\t\t\t\t\t<\/div>\n\t\t<\/section>\n\t\t\t\t<section class=\"elementor-section elementor-top-section elementor-element elementor-element-710e286d elementor-section-boxed elementor-section-height-default elementor-section-height-default\" data-id=\"710e286d\" data-element_type=\"section\" data-e-type=\"section\">\n\t\t\t\t\t\t<div class=\"elementor-container elementor-column-gap-default\">\n\t\t\t\t\t<div class=\"elementor-column elementor-col-100 elementor-top-column elementor-element elementor-element-68d3679b\" data-id=\"68d3679b\" data-element_type=\"column\" data-e-type=\"column\">\n\t\t\t<div class=\"elementor-widget-wrap elementor-element-populated\">\n\t\t\t\t\t\t<div class=\"elementor-element elementor-element-1c78c63a elementor-widget elementor-widget-image\" data-id=\"1c78c63a\" data-element_type=\"widget\" data-e-type=\"widget\" data-widget_type=\"image.default\">\n\t\t\t\t<div class=\"elementor-widget-container\">\n\t\t\t\t\t\t\t\t\t\t\t\t\t\t\t<img decoding=\"async\" width=\"1168\" height=\"876\" src=\"https:\/\/www.carptigernuts.com\/wp-content\/uploads\/carps-caught-with-tigernuts-12.jpg\" class=\"attachment-full size-full wp-image-256\" alt=\"\" srcset=\"https:\/\/www.carptigernuts.com\/wp-content\/uploads\/carps-caught-with-tigernuts-12.jpg 1168w, https:\/\/www.carptigernuts.com\/wp-content\/uploads\/carps-caught-with-tigernuts-12-150x113.jpg 150w, https:\/\/www.carptigernuts.com\/wp-content\/uploads\/carps-caught-with-tigernuts-12-600x450.jpg 600w, https:\/\/www.carptigernuts.com\/wp-content\/uploads\/carps-caught-with-tigernuts-12-768x576.jpg 768w\" sizes=\"(max-width: 1168px) 100vw, 1168px\" \/>\t\t\t\t\t\t\t\t\t\t\t\t\t\t\t<\/div>\n\t\t\t\t<\/div>\n\t\t\t\t\t<\/div>\n\t\t<\/div>\n\t\t\t\t\t<\/div>\n\t\t<\/section>\n\t\t\t\t<\/div>\n\t\t","protected":false},"excerpt":{"rendered":"<p>Farine de souchet Cet exceptionnel produit, d\u00e9velopp\u00e9 apr\u00e8s des longues recherches, car ce n\u2019est pas facile de r\u00e9aliser un produit avec un niveau de gras aussi \u00e9lev\u00e9 sans modifier ses propri\u00e9t\u00e9s, est devenu tr\u00e8s populaire entre les p\u00eacheurs qui cherchent une nouvelle texture douce et cr\u00e9meuse pour ses cr\u00e9ations, en profitant en m\u00eame temps du [&hellip;]<\/p>\n","protected":false},"author":2,"featured_media":311,"parent":3483,"menu_order":0,"comment_status":"closed","ping_status":"closed","template":"","meta":{"site-sidebar-layout":"no-sidebar","site-content-layout":"page-builder","ast-site-content-layout":"default","site-content-style":"default","site-sidebar-style":"default","ast-global-header-display":"","ast-banner-title-visibility":"","ast-main-header-display":"","ast-hfb-above-header-display":"","ast-hfb-below-header-display":"","ast-hfb-mobile-header-display":"","site-post-title":"disabled","ast-breadcrumbs-content":"","ast-featured-img":"disabled","footer-sml-layout":"","ast-disable-related-posts":"","theme-transparent-header-meta":"default","adv-header-id-meta":"","stick-header-meta":"","header-above-stick-meta":"","header-main-stick-meta":"","header-below-stick-meta":"","astra-migrate-meta-layouts":"default","ast-page-background-enabled":"default","ast-page-background-meta":{"desktop":{"background-color":"","background-image":"","background-repeat":"repeat","background-position":"center center","background-size":"auto","background-attachment":"scroll","background-type":"","background-media":"","overlay-type":"","overlay-color":"","overlay-opacity":"","overlay-gradient":""},"tablet":{"background-color":"","background-image":"","background-repeat":"repeat","background-position":"center center","background-size":"auto","background-attachment":"scroll","background-type":"","background-media":"","overlay-type":"","overlay-color":"","overlay-opacity":"","overlay-gradient":""},"mobile":{"background-color":"","background-image":"","background-repeat":"repeat","background-position":"center center","background-size":"auto","background-attachment":"scroll","background-type":"","background-media":"","overlay-type":"","overlay-color":"","overlay-opacity":"","overlay-gradient":""}},"ast-content-background-meta":{"desktop":{"background-color":"var(--ast-global-color-5)","background-image":"","background-repeat":"repeat","background-position":"center center","background-size":"auto","background-attachment":"scroll","background-type":"","background-media":"","overlay-type":"","overlay-color":"","overlay-opacity":"","overlay-gradient":""},"tablet":{"background-color":"var(--ast-global-color-5)","background-image":"","background-repeat":"repeat","background-position":"center center","background-size":"auto","background-attachment":"scroll","background-type":"","background-media":"","overlay-type":"","overlay-color":"","overlay-opacity":"","overlay-gradient":""},"mobile":{"background-color":"var(--ast-global-color-5)","background-image":"","background-repeat":"repeat","background-position":"center center","background-size":"auto","background-attachment":"scroll","background-type":"","background-media":"","overlay-type":"","overlay-color":"","overlay-opacity":"","overlay-gradient":""}},"footnotes":""},"class_list":["post-3556","page","type-page","status-publish","has-post-thumbnail","hentry"],"yoast_head":"<!-- This site is optimized with the Yoast SEO plugin v27.3 - https:\/\/yoast.com\/product\/yoast-seo-wordpress\/ -->\n<title>Farine de souchet \u25b7 pour la p\u00eache de la carpe<\/title>\n<meta name=\"robots\" content=\"index, follow, max-snippet:-1, max-image-preview:large, max-video-preview:-1\" \/>\n<link rel=\"canonical\" href=\"https:\/\/www.carptigernuts.com\/fr\/produits-derives\/farine-de-souchet\/\" \/>\n<meta property=\"og:locale\" content=\"fr_FR\" \/>\n<meta property=\"og:type\" content=\"article\" \/>\n<meta property=\"og:title\" content=\"Farine de souchet \u25b7 pour la p\u00eache de la carpe\" \/>\n<meta property=\"og:description\" content=\"Farine de souchet Cet exceptionnel produit, d\u00e9velopp\u00e9 apr\u00e8s des longues recherches, car ce n\u2019est pas facile de r\u00e9aliser un produit avec un niveau de gras aussi \u00e9lev\u00e9 sans modifier ses propri\u00e9t\u00e9s, est devenu tr\u00e8s populaire entre les p\u00eacheurs qui cherchent une nouvelle texture douce et cr\u00e9meuse pour ses cr\u00e9ations, en profitant en m\u00eame temps du [&hellip;]\" \/>\n<meta property=\"og:url\" content=\"https:\/\/www.carptigernuts.com\/fr\/produits-derives\/farine-de-souchet\/\" \/>\n<meta property=\"og:site_name\" content=\"CarpTigernuts.com\" \/>\n<meta property=\"article:modified_time\" content=\"2019-10-19T09:53:45+00:00\" \/>\n<meta property=\"og:image\" content=\"https:\/\/www.carptigernuts.com\/wp-content\/uploads\/tigernuts-derivatives-tigernuts-flour.jpg\" \/>\n\t<meta property=\"og:image:width\" content=\"1024\" \/>\n\t<meta property=\"og:image:height\" content=\"683\" \/>\n\t<meta property=\"og:image:type\" content=\"image\/jpeg\" \/>\n<meta name=\"twitter:card\" content=\"summary_large_image\" \/>\n<meta name=\"twitter:label1\" content=\"Dur\u00e9e de lecture estim\u00e9e\" \/>\n\t<meta name=\"twitter:data1\" content=\"1 minute\" \/>\n<script type=\"application\/ld+json\" class=\"yoast-schema-graph\">{\"@context\":\"https:\\\/\\\/schema.org\",\"@graph\":[{\"@type\":\"WebPage\",\"@id\":\"https:\\\/\\\/www.carptigernuts.com\\\/fr\\\/produits-derives\\\/farine-de-souchet\\\/\",\"url\":\"https:\\\/\\\/www.carptigernuts.com\\\/fr\\\/produits-derives\\\/farine-de-souchet\\\/\",\"name\":\"Farine de souchet \u25b7 pour la p\u00eache de la carpe\",\"isPartOf\":{\"@id\":\"https:\\\/\\\/www.carptigernuts.com\\\/de\\\/#website\"},\"primaryImageOfPage\":{\"@id\":\"https:\\\/\\\/www.carptigernuts.com\\\/fr\\\/produits-derives\\\/farine-de-souchet\\\/#primaryimage\"},\"image\":{\"@id\":\"https:\\\/\\\/www.carptigernuts.com\\\/fr\\\/produits-derives\\\/farine-de-souchet\\\/#primaryimage\"},\"thumbnailUrl\":\"https:\\\/\\\/www.carptigernuts.com\\\/wp-content\\\/uploads\\\/tigernuts-derivatives-tigernuts-flour.jpg\",\"datePublished\":\"2019-10-18T14:53:53+00:00\",\"dateModified\":\"2019-10-19T09:53:45+00:00\",\"breadcrumb\":{\"@id\":\"https:\\\/\\\/www.carptigernuts.com\\\/fr\\\/produits-derives\\\/farine-de-souchet\\\/#breadcrumb\"},\"inLanguage\":\"fr-FR\",\"potentialAction\":[{\"@type\":\"ReadAction\",\"target\":[\"https:\\\/\\\/www.carptigernuts.com\\\/fr\\\/produits-derives\\\/farine-de-souchet\\\/\"]}]},{\"@type\":\"ImageObject\",\"inLanguage\":\"fr-FR\",\"@id\":\"https:\\\/\\\/www.carptigernuts.com\\\/fr\\\/produits-derives\\\/farine-de-souchet\\\/#primaryimage\",\"url\":\"https:\\\/\\\/www.carptigernuts.com\\\/wp-content\\\/uploads\\\/tigernuts-derivatives-tigernuts-flour.jpg\",\"contentUrl\":\"https:\\\/\\\/www.carptigernuts.com\\\/wp-content\\\/uploads\\\/tigernuts-derivatives-tigernuts-flour.jpg\",\"width\":1024,\"height\":683},{\"@type\":\"BreadcrumbList\",\"@id\":\"https:\\\/\\\/www.carptigernuts.com\\\/fr\\\/produits-derives\\\/farine-de-souchet\\\/#breadcrumb\",\"itemListElement\":[{\"@type\":\"ListItem\",\"position\":1,\"name\":\"Home\",\"item\":\"https:\\\/\\\/www.carptigernuts.com\\\/fr\\\/\"},{\"@type\":\"ListItem\",\"position\":2,\"name\":\"Produits d\u00e9riv\u00e9s\",\"item\":\"https:\\\/\\\/www.carptigernuts.com\\\/fr\\\/produits-derives\\\/\"},{\"@type\":\"ListItem\",\"position\":3,\"name\":\"Farine de souchet\"}]},{\"@type\":\"WebSite\",\"@id\":\"https:\\\/\\\/www.carptigernuts.com\\\/de\\\/#website\",\"url\":\"https:\\\/\\\/www.carptigernuts.com\\\/de\\\/\",\"name\":\"CarpTigernuts.com\",\"description\":\"The tigernut: The king of the particles\",\"publisher\":{\"@id\":\"https:\\\/\\\/www.carptigernuts.com\\\/de\\\/#organization\"},\"potentialAction\":[{\"@type\":\"SearchAction\",\"target\":{\"@type\":\"EntryPoint\",\"urlTemplate\":\"https:\\\/\\\/www.carptigernuts.com\\\/de\\\/?s={search_term_string}\"},\"query-input\":{\"@type\":\"PropertyValueSpecification\",\"valueRequired\":true,\"valueName\":\"search_term_string\"}}],\"inLanguage\":\"fr-FR\"},{\"@type\":\"Organization\",\"@id\":\"https:\\\/\\\/www.carptigernuts.com\\\/de\\\/#organization\",\"name\":\"CarpTigernuts.com\",\"url\":\"https:\\\/\\\/www.carptigernuts.com\\\/de\\\/\",\"logo\":{\"@type\":\"ImageObject\",\"inLanguage\":\"fr-FR\",\"@id\":\"https:\\\/\\\/www.carptigernuts.com\\\/de\\\/#\\\/schema\\\/logo\\\/image\\\/\",\"url\":\"https:\\\/\\\/www.carptigernuts.com\\\/wp-content\\\/uploads\\\/carptigernuts-logo.png\",\"contentUrl\":\"https:\\\/\\\/www.carptigernuts.com\\\/wp-content\\\/uploads\\\/carptigernuts-logo.png\",\"width\":291,\"height\":150,\"caption\":\"CarpTigernuts.com\"},\"image\":{\"@id\":\"https:\\\/\\\/www.carptigernuts.com\\\/de\\\/#\\\/schema\\\/logo\\\/image\\\/\"}}]}<\/script>\n<!-- \/ Yoast SEO plugin. -->","yoast_head_json":{"title":"Farine de souchet \u25b7 pour la p\u00eache de la carpe","robots":{"index":"index","follow":"follow","max-snippet":"max-snippet:-1","max-image-preview":"max-image-preview:large","max-video-preview":"max-video-preview:-1"},"canonical":"https:\/\/www.carptigernuts.com\/fr\/produits-derives\/farine-de-souchet\/","og_locale":"fr_FR","og_type":"article","og_title":"Farine de souchet \u25b7 pour la p\u00eache de la carpe","og_description":"Farine de souchet Cet exceptionnel produit, d\u00e9velopp\u00e9 apr\u00e8s des longues recherches, car ce n\u2019est pas facile de r\u00e9aliser un produit avec un niveau de gras aussi \u00e9lev\u00e9 sans modifier ses propri\u00e9t\u00e9s, est devenu tr\u00e8s populaire entre les p\u00eacheurs qui cherchent une nouvelle texture douce et cr\u00e9meuse pour ses cr\u00e9ations, en profitant en m\u00eame temps du [&hellip;]","og_url":"https:\/\/www.carptigernuts.com\/fr\/produits-derives\/farine-de-souchet\/","og_site_name":"CarpTigernuts.com","article_modified_time":"2019-10-19T09:53:45+00:00","og_image":[{"width":1024,"height":683,"url":"https:\/\/www.carptigernuts.com\/wp-content\/uploads\/tigernuts-derivatives-tigernuts-flour.jpg","type":"image\/jpeg"}],"twitter_card":"summary_large_image","twitter_misc":{"Dur\u00e9e de lecture estim\u00e9e":"1 minute"},"schema":{"@context":"https:\/\/schema.org","@graph":[{"@type":"WebPage","@id":"https:\/\/www.carptigernuts.com\/fr\/produits-derives\/farine-de-souchet\/","url":"https:\/\/www.carptigernuts.com\/fr\/produits-derives\/farine-de-souchet\/","name":"Farine de souchet \u25b7 pour la p\u00eache de la carpe","isPartOf":{"@id":"https:\/\/www.carptigernuts.com\/de\/#website"},"primaryImageOfPage":{"@id":"https:\/\/www.carptigernuts.com\/fr\/produits-derives\/farine-de-souchet\/#primaryimage"},"image":{"@id":"https:\/\/www.carptigernuts.com\/fr\/produits-derives\/farine-de-souchet\/#primaryimage"},"thumbnailUrl":"https:\/\/www.carptigernuts.com\/wp-content\/uploads\/tigernuts-derivatives-tigernuts-flour.jpg","datePublished":"2019-10-18T14:53:53+00:00","dateModified":"2019-10-19T09:53:45+00:00","breadcrumb":{"@id":"https:\/\/www.carptigernuts.com\/fr\/produits-derives\/farine-de-souchet\/#breadcrumb"},"inLanguage":"fr-FR","potentialAction":[{"@type":"ReadAction","target":["https:\/\/www.carptigernuts.com\/fr\/produits-derives\/farine-de-souchet\/"]}]},{"@type":"ImageObject","inLanguage":"fr-FR","@id":"https:\/\/www.carptigernuts.com\/fr\/produits-derives\/farine-de-souchet\/#primaryimage","url":"https:\/\/www.carptigernuts.com\/wp-content\/uploads\/tigernuts-derivatives-tigernuts-flour.jpg","contentUrl":"https:\/\/www.carptigernuts.com\/wp-content\/uploads\/tigernuts-derivatives-tigernuts-flour.jpg","width":1024,"height":683},{"@type":"BreadcrumbList","@id":"https:\/\/www.carptigernuts.com\/fr\/produits-derives\/farine-de-souchet\/#breadcrumb","itemListElement":[{"@type":"ListItem","position":1,"name":"Home","item":"https:\/\/www.carptigernuts.com\/fr\/"},{"@type":"ListItem","position":2,"name":"Produits d\u00e9riv\u00e9s","item":"https:\/\/www.carptigernuts.com\/fr\/produits-derives\/"},{"@type":"ListItem","position":3,"name":"Farine de souchet"}]},{"@type":"WebSite","@id":"https:\/\/www.carptigernuts.com\/de\/#website","url":"https:\/\/www.carptigernuts.com\/de\/","name":"CarpTigernuts.com","description":"The tigernut: The king of the particles","publisher":{"@id":"https:\/\/www.carptigernuts.com\/de\/#organization"},"potentialAction":[{"@type":"SearchAction","target":{"@type":"EntryPoint","urlTemplate":"https:\/\/www.carptigernuts.com\/de\/?s={search_term_string}"},"query-input":{"@type":"PropertyValueSpecification","valueRequired":true,"valueName":"search_term_string"}}],"inLanguage":"fr-FR"},{"@type":"Organization","@id":"https:\/\/www.carptigernuts.com\/de\/#organization","name":"CarpTigernuts.com","url":"https:\/\/www.carptigernuts.com\/de\/","logo":{"@type":"ImageObject","inLanguage":"fr-FR","@id":"https:\/\/www.carptigernuts.com\/de\/#\/schema\/logo\/image\/","url":"https:\/\/www.carptigernuts.com\/wp-content\/uploads\/carptigernuts-logo.png","contentUrl":"https:\/\/www.carptigernuts.com\/wp-content\/uploads\/carptigernuts-logo.png","width":291,"height":150,"caption":"CarpTigernuts.com"},"image":{"@id":"https:\/\/www.carptigernuts.com\/de\/#\/schema\/logo\/image\/"}}]}},"jetpack_sharing_enabled":true,"_links":{"self":[{"href":"https:\/\/www.carptigernuts.com\/fr\/wp-json\/wp\/v2\/pages\/3556","targetHints":{"allow":["GET"]}}],"collection":[{"href":"https:\/\/www.carptigernuts.com\/fr\/wp-json\/wp\/v2\/pages"}],"about":[{"href":"https:\/\/www.carptigernuts.com\/fr\/wp-json\/wp\/v2\/types\/page"}],"author":[{"embeddable":true,"href":"https:\/\/www.carptigernuts.com\/fr\/wp-json\/wp\/v2\/users\/2"}],"replies":[{"embeddable":true,"href":"https:\/\/www.carptigernuts.com\/fr\/wp-json\/wp\/v2\/comments?post=3556"}],"version-history":[{"count":2,"href":"https:\/\/www.carptigernuts.com\/fr\/wp-json\/wp\/v2\/pages\/3556\/revisions"}],"predecessor-version":[{"id":3558,"href":"https:\/\/www.carptigernuts.com\/fr\/wp-json\/wp\/v2\/pages\/3556\/revisions\/3558"}],"up":[{"embeddable":true,"href":"https:\/\/www.carptigernuts.com\/fr\/wp-json\/wp\/v2\/pages\/3483"}],"wp:featuredmedia":[{"embeddable":true,"href":"https:\/\/www.carptigernuts.com\/fr\/wp-json\/wp\/v2\/media\/311"}],"wp:attachment":[{"href":"https:\/\/www.carptigernuts.com\/fr\/wp-json\/wp\/v2\/media?parent=3556"}],"curies":[{"name":"wp","href":"https:\/\/api.w.org\/{rel}","templated":true}]}}