{"id":3546,"date":"2019-10-18T16:48:39","date_gmt":"2019-10-18T14:48:39","guid":{"rendered":"https:\/\/www.carptigernuts.com\/?page_id=3546"},"modified":"2019-10-19T11:53:46","modified_gmt":"2019-10-19T09:53:46","slug":"skinned-tigernuts","status":"publish","type":"page","link":"https:\/\/www.carptigernuts.com\/fr\/produits-derives\/skinned-tigernuts\/","title":{"rendered":"Skinned Tigernuts"},"content":{"rendered":"\t\t<div data-elementor-type=\"wp-page\" data-elementor-id=\"3546\" class=\"elementor elementor-3546 elementor-281\" data-elementor-post-type=\"page\">\n\t\t\t\t\t\t<section class=\"elementor-section elementor-top-section elementor-element elementor-element-6cfd2577 elementor-section-boxed elementor-section-height-default elementor-section-height-default\" data-id=\"6cfd2577\" data-element_type=\"section\" data-e-type=\"section\">\n\t\t\t\t\t\t<div class=\"elementor-container elementor-column-gap-default\">\n\t\t\t\t\t<div class=\"elementor-column elementor-col-100 elementor-top-column elementor-element elementor-element-7855b32f\" data-id=\"7855b32f\" data-element_type=\"column\" data-e-type=\"column\">\n\t\t\t<div class=\"elementor-widget-wrap elementor-element-populated\">\n\t\t\t\t\t\t<div class=\"elementor-element elementor-element-8934126 elementor-widget elementor-widget-heading\" data-id=\"8934126\" data-element_type=\"widget\" data-e-type=\"widget\" data-widget_type=\"heading.default\">\n\t\t\t\t<div class=\"elementor-widget-container\">\n\t\t\t\t\t<h1 class=\"elementor-heading-title elementor-size-default\">Skinned Tigernuts<\/h1>\t\t\t\t<\/div>\n\t\t\t\t<\/div>\n\t\t\t\t\t<\/div>\n\t\t<\/div>\n\t\t\t\t\t<\/div>\n\t\t<\/section>\n\t\t\t\t<section class=\"elementor-section elementor-top-section elementor-element elementor-element-5bb420da elementor-section-boxed elementor-section-height-default elementor-section-height-default\" data-id=\"5bb420da\" data-element_type=\"section\" data-e-type=\"section\" data-settings=\"{&quot;background_background&quot;:&quot;classic&quot;}\">\n\t\t\t\t\t\t<div class=\"elementor-container elementor-column-gap-default\">\n\t\t\t\t\t<div class=\"elementor-column elementor-col-50 elementor-top-column elementor-element elementor-element-613d985c\" data-id=\"613d985c\" data-element_type=\"column\" data-e-type=\"column\">\n\t\t\t<div class=\"elementor-widget-wrap elementor-element-populated\">\n\t\t\t\t\t\t<div class=\"elementor-element elementor-element-338fd443 elementor-widget elementor-widget-image\" data-id=\"338fd443\" data-element_type=\"widget\" data-e-type=\"widget\" data-widget_type=\"image.default\">\n\t\t\t\t<div class=\"elementor-widget-container\">\n\t\t\t\t\t\t\t\t\t\t\t\t\t\t\t<img fetchpriority=\"high\" decoding=\"async\" width=\"1024\" height=\"683\" src=\"https:\/\/www.carptigernuts.com\/wp-content\/uploads\/tigernuts-derivatives-skinned-tigernuts.jpg\" class=\"attachment-large size-large wp-image-284\" alt=\"\" srcset=\"https:\/\/www.carptigernuts.com\/wp-content\/uploads\/tigernuts-derivatives-skinned-tigernuts.jpg 1024w, https:\/\/www.carptigernuts.com\/wp-content\/uploads\/tigernuts-derivatives-skinned-tigernuts-150x100.jpg 150w, https:\/\/www.carptigernuts.com\/wp-content\/uploads\/tigernuts-derivatives-skinned-tigernuts-600x400.jpg 600w, https:\/\/www.carptigernuts.com\/wp-content\/uploads\/tigernuts-derivatives-skinned-tigernuts-768x512.jpg 768w\" sizes=\"(max-width: 1024px) 100vw, 1024px\" \/>\t\t\t\t\t\t\t\t\t\t\t\t\t\t\t<\/div>\n\t\t\t\t<\/div>\n\t\t\t\t\t<\/div>\n\t\t<\/div>\n\t\t\t\t<div class=\"elementor-column elementor-col-50 elementor-top-column elementor-element elementor-element-3521b85b\" data-id=\"3521b85b\" data-element_type=\"column\" data-e-type=\"column\">\n\t\t\t<div class=\"elementor-widget-wrap elementor-element-populated\">\n\t\t\t\t\t\t<div class=\"elementor-element elementor-element-b8cfcc8 elementor-widget elementor-widget-text-editor\" data-id=\"b8cfcc8\" data-element_type=\"widget\" data-e-type=\"widget\" data-widget_type=\"text-editor.default\">\n\t\t\t\t<div class=\"elementor-widget-container\">\n\t\t\t\t\t\t\t\t\t<p>Notre produit unique (sans peau pour une meilleure puissance et efficacit\u00e9) a \u00e9t\u00e9 \u00e9labor\u00e9 et d\u00e9pos\u00e9\/brevet\u00e9 par Tigernuts Traders SL<\/p><p>A ce jour,\u00a0<strong>les Skinned Tigernuts sont encore inconnues pour la majorit\u00e9 des p\u00eacheurs et donc elles surprennent par leur efficacit\u00e9 d\u00e8s leurs premi\u00e8res utilisations<\/strong>. Du fait que notre produit est sans peau, cela lui permet une meilleure absorption des aromes et des pigments par rapport aux noix tigr\u00e9es conventionnelles. De plus Il offre de multiples possibilit\u00e9s de pr\u00e9sentation et d\u00b4utilisation.<\/p><p>Avec une m\u00e9thode et un temps de cuisson \u00a0optimis\u00e9s, cet app\u00e2t est excellent pour les carpes. De plus il a d\u00e9montr\u00e9 qu\u00b4en \u00e9tant utilis\u00e9 conjointement avec des noix du Br\u00e9sil, c\u00b4est l\u00b4app\u00e2t favori et le plus appr\u00e9ci\u00e9s par les carpes.<\/p>\t\t\t\t\t\t\t\t<\/div>\n\t\t\t\t<\/div>\n\t\t\t\t\t<\/div>\n\t\t<\/div>\n\t\t\t\t\t<\/div>\n\t\t<\/section>\n\t\t\t\t<section class=\"elementor-section elementor-top-section elementor-element elementor-element-62d3ecfb elementor-section-boxed elementor-section-height-default elementor-section-height-default\" data-id=\"62d3ecfb\" data-element_type=\"section\" data-e-type=\"section\">\n\t\t\t\t\t\t<div class=\"elementor-container elementor-column-gap-default\">\n\t\t\t\t\t<div class=\"elementor-column elementor-col-100 elementor-top-column elementor-element elementor-element-8162865\" data-id=\"8162865\" data-element_type=\"column\" data-e-type=\"column\">\n\t\t\t<div class=\"elementor-widget-wrap elementor-element-populated\">\n\t\t\t\t\t\t<div class=\"elementor-element elementor-element-65ba0f13 elementor-widget elementor-widget-image\" data-id=\"65ba0f13\" data-element_type=\"widget\" data-e-type=\"widget\" data-widget_type=\"image.default\">\n\t\t\t\t<div class=\"elementor-widget-container\">\n\t\t\t\t\t\t\t\t\t\t\t\t\t\t\t<img decoding=\"async\" width=\"1168\" height=\"876\" src=\"https:\/\/www.carptigernuts.com\/wp-content\/uploads\/carps-caught-with-tigernuts-13.jpg\" class=\"attachment-large size-large wp-image-260\" alt=\"\" srcset=\"https:\/\/www.carptigernuts.com\/wp-content\/uploads\/carps-caught-with-tigernuts-13.jpg 1168w, https:\/\/www.carptigernuts.com\/wp-content\/uploads\/carps-caught-with-tigernuts-13-150x113.jpg 150w, https:\/\/www.carptigernuts.com\/wp-content\/uploads\/carps-caught-with-tigernuts-13-600x450.jpg 600w, https:\/\/www.carptigernuts.com\/wp-content\/uploads\/carps-caught-with-tigernuts-13-768x576.jpg 768w\" sizes=\"(max-width: 1168px) 100vw, 1168px\" \/>\t\t\t\t\t\t\t\t\t\t\t\t\t\t\t<\/div>\n\t\t\t\t<\/div>\n\t\t\t\t\t<\/div>\n\t\t<\/div>\n\t\t\t\t\t<\/div>\n\t\t<\/section>\n\t\t\t\t<\/div>\n\t\t","protected":false},"excerpt":{"rendered":"<p>Skinned Tigernuts Notre produit unique (sans peau pour une meilleure puissance et efficacit\u00e9) a \u00e9t\u00e9 \u00e9labor\u00e9 et d\u00e9pos\u00e9\/brevet\u00e9 par Tigernuts Traders SL A ce jour,\u00a0les Skinned Tigernuts sont encore inconnues pour la majorit\u00e9 des p\u00eacheurs et donc elles surprennent par leur efficacit\u00e9 d\u00e8s leurs premi\u00e8res utilisations. Du fait que notre produit est sans peau, cela [&hellip;]<\/p>\n","protected":false},"author":2,"featured_media":284,"parent":3483,"menu_order":0,"comment_status":"closed","ping_status":"closed","template":"","meta":{"site-sidebar-layout":"no-sidebar","site-content-layout":"page-builder","ast-site-content-layout":"default","site-content-style":"default","site-sidebar-style":"default","ast-global-header-display":"","ast-banner-title-visibility":"","ast-main-header-display":"","ast-hfb-above-header-display":"","ast-hfb-below-header-display":"","ast-hfb-mobile-header-display":"","site-post-title":"disabled","ast-breadcrumbs-content":"","ast-featured-img":"disabled","footer-sml-layout":"","ast-disable-related-posts":"","theme-transparent-header-meta":"default","adv-header-id-meta":"","stick-header-meta":"","header-above-stick-meta":"","header-main-stick-meta":"","header-below-stick-meta":"","astra-migrate-meta-layouts":"default","ast-page-background-enabled":"default","ast-page-background-meta":{"desktop":{"background-color":"","background-image":"","background-repeat":"repeat","background-position":"center center","background-size":"auto","background-attachment":"scroll","background-type":"","background-media":"","overlay-type":"","overlay-color":"","overlay-opacity":"","overlay-gradient":""},"tablet":{"background-color":"","background-image":"","background-repeat":"repeat","background-position":"center center","background-size":"auto","background-attachment":"scroll","background-type":"","background-media":"","overlay-type":"","overlay-color":"","overlay-opacity":"","overlay-gradient":""},"mobile":{"background-color":"","background-image":"","background-repeat":"repeat","background-position":"center center","background-size":"auto","background-attachment":"scroll","background-type":"","background-media":"","overlay-type":"","overlay-color":"","overlay-opacity":"","overlay-gradient":""}},"ast-content-background-meta":{"desktop":{"background-color":"var(--ast-global-color-5)","background-image":"","background-repeat":"repeat","background-position":"center center","background-size":"auto","background-attachment":"scroll","background-type":"","background-media":"","overlay-type":"","overlay-color":"","overlay-opacity":"","overlay-gradient":""},"tablet":{"background-color":"var(--ast-global-color-5)","background-image":"","background-repeat":"repeat","background-position":"center center","background-size":"auto","background-attachment":"scroll","background-type":"","background-media":"","overlay-type":"","overlay-color":"","overlay-opacity":"","overlay-gradient":""},"mobile":{"background-color":"var(--ast-global-color-5)","background-image":"","background-repeat":"repeat","background-position":"center center","background-size":"auto","background-attachment":"scroll","background-type":"","background-media":"","overlay-type":"","overlay-color":"","overlay-opacity":"","overlay-gradient":""}},"footnotes":""},"class_list":["post-3546","page","type-page","status-publish","has-post-thumbnail","hentry"],"yoast_head":"<!-- This site is optimized with the Yoast SEO plugin v27.3 - https:\/\/yoast.com\/product\/yoast-seo-wordpress\/ -->\n<title>Souchet skinned \u25b7 pour la p\u00eache de la carpe<\/title>\n<meta name=\"robots\" content=\"index, follow, max-snippet:-1, max-image-preview:large, max-video-preview:-1\" \/>\n<link rel=\"canonical\" href=\"https:\/\/www.carptigernuts.com\/fr\/produits-derives\/skinned-tigernuts\/\" \/>\n<meta property=\"og:locale\" content=\"fr_FR\" \/>\n<meta property=\"og:type\" content=\"article\" \/>\n<meta property=\"og:title\" content=\"Souchet skinned \u25b7 pour la p\u00eache de la carpe\" \/>\n<meta property=\"og:description\" content=\"Skinned Tigernuts Notre produit unique (sans peau pour une meilleure puissance et efficacit\u00e9) a \u00e9t\u00e9 \u00e9labor\u00e9 et d\u00e9pos\u00e9\/brevet\u00e9 par Tigernuts Traders SL A ce jour,\u00a0les Skinned Tigernuts sont encore inconnues pour la majorit\u00e9 des p\u00eacheurs et donc elles surprennent par leur efficacit\u00e9 d\u00e8s leurs premi\u00e8res utilisations. Du fait que notre produit est sans peau, cela [&hellip;]\" \/>\n<meta property=\"og:url\" content=\"https:\/\/www.carptigernuts.com\/fr\/produits-derives\/skinned-tigernuts\/\" \/>\n<meta property=\"og:site_name\" content=\"CarpTigernuts.com\" \/>\n<meta property=\"article:modified_time\" content=\"2019-10-19T09:53:46+00:00\" \/>\n<meta property=\"og:image\" content=\"https:\/\/www.carptigernuts.com\/wp-content\/uploads\/tigernuts-derivatives-skinned-tigernuts.jpg\" \/>\n\t<meta property=\"og:image:width\" content=\"1024\" \/>\n\t<meta property=\"og:image:height\" content=\"683\" \/>\n\t<meta property=\"og:image:type\" content=\"image\/jpeg\" \/>\n<meta name=\"twitter:card\" content=\"summary_large_image\" \/>\n<meta name=\"twitter:label1\" content=\"Dur\u00e9e de lecture estim\u00e9e\" \/>\n\t<meta name=\"twitter:data1\" content=\"1 minute\" \/>\n<script type=\"application\/ld+json\" class=\"yoast-schema-graph\">{\"@context\":\"https:\\\/\\\/schema.org\",\"@graph\":[{\"@type\":\"WebPage\",\"@id\":\"https:\\\/\\\/www.carptigernuts.com\\\/fr\\\/produits-derives\\\/skinned-tigernuts\\\/\",\"url\":\"https:\\\/\\\/www.carptigernuts.com\\\/fr\\\/produits-derives\\\/skinned-tigernuts\\\/\",\"name\":\"Souchet skinned \u25b7 pour la p\u00eache de la carpe\",\"isPartOf\":{\"@id\":\"https:\\\/\\\/www.carptigernuts.com\\\/de\\\/#website\"},\"primaryImageOfPage\":{\"@id\":\"https:\\\/\\\/www.carptigernuts.com\\\/fr\\\/produits-derives\\\/skinned-tigernuts\\\/#primaryimage\"},\"image\":{\"@id\":\"https:\\\/\\\/www.carptigernuts.com\\\/fr\\\/produits-derives\\\/skinned-tigernuts\\\/#primaryimage\"},\"thumbnailUrl\":\"https:\\\/\\\/www.carptigernuts.com\\\/wp-content\\\/uploads\\\/tigernuts-derivatives-skinned-tigernuts.jpg\",\"datePublished\":\"2019-10-18T14:48:39+00:00\",\"dateModified\":\"2019-10-19T09:53:46+00:00\",\"breadcrumb\":{\"@id\":\"https:\\\/\\\/www.carptigernuts.com\\\/fr\\\/produits-derives\\\/skinned-tigernuts\\\/#breadcrumb\"},\"inLanguage\":\"fr-FR\",\"potentialAction\":[{\"@type\":\"ReadAction\",\"target\":[\"https:\\\/\\\/www.carptigernuts.com\\\/fr\\\/produits-derives\\\/skinned-tigernuts\\\/\"]}]},{\"@type\":\"ImageObject\",\"inLanguage\":\"fr-FR\",\"@id\":\"https:\\\/\\\/www.carptigernuts.com\\\/fr\\\/produits-derives\\\/skinned-tigernuts\\\/#primaryimage\",\"url\":\"https:\\\/\\\/www.carptigernuts.com\\\/wp-content\\\/uploads\\\/tigernuts-derivatives-skinned-tigernuts.jpg\",\"contentUrl\":\"https:\\\/\\\/www.carptigernuts.com\\\/wp-content\\\/uploads\\\/tigernuts-derivatives-skinned-tigernuts.jpg\",\"width\":1024,\"height\":683},{\"@type\":\"BreadcrumbList\",\"@id\":\"https:\\\/\\\/www.carptigernuts.com\\\/fr\\\/produits-derives\\\/skinned-tigernuts\\\/#breadcrumb\",\"itemListElement\":[{\"@type\":\"ListItem\",\"position\":1,\"name\":\"Home\",\"item\":\"https:\\\/\\\/www.carptigernuts.com\\\/fr\\\/\"},{\"@type\":\"ListItem\",\"position\":2,\"name\":\"Produits d\u00e9riv\u00e9s\",\"item\":\"https:\\\/\\\/www.carptigernuts.com\\\/fr\\\/produits-derives\\\/\"},{\"@type\":\"ListItem\",\"position\":3,\"name\":\"Skinned Tigernuts\"}]},{\"@type\":\"WebSite\",\"@id\":\"https:\\\/\\\/www.carptigernuts.com\\\/de\\\/#website\",\"url\":\"https:\\\/\\\/www.carptigernuts.com\\\/de\\\/\",\"name\":\"CarpTigernuts.com\",\"description\":\"The tigernut: The king of the particles\",\"publisher\":{\"@id\":\"https:\\\/\\\/www.carptigernuts.com\\\/de\\\/#organization\"},\"potentialAction\":[{\"@type\":\"SearchAction\",\"target\":{\"@type\":\"EntryPoint\",\"urlTemplate\":\"https:\\\/\\\/www.carptigernuts.com\\\/de\\\/?s={search_term_string}\"},\"query-input\":{\"@type\":\"PropertyValueSpecification\",\"valueRequired\":true,\"valueName\":\"search_term_string\"}}],\"inLanguage\":\"fr-FR\"},{\"@type\":\"Organization\",\"@id\":\"https:\\\/\\\/www.carptigernuts.com\\\/de\\\/#organization\",\"name\":\"CarpTigernuts.com\",\"url\":\"https:\\\/\\\/www.carptigernuts.com\\\/de\\\/\",\"logo\":{\"@type\":\"ImageObject\",\"inLanguage\":\"fr-FR\",\"@id\":\"https:\\\/\\\/www.carptigernuts.com\\\/de\\\/#\\\/schema\\\/logo\\\/image\\\/\",\"url\":\"https:\\\/\\\/www.carptigernuts.com\\\/wp-content\\\/uploads\\\/carptigernuts-logo.png\",\"contentUrl\":\"https:\\\/\\\/www.carptigernuts.com\\\/wp-content\\\/uploads\\\/carptigernuts-logo.png\",\"width\":291,\"height\":150,\"caption\":\"CarpTigernuts.com\"},\"image\":{\"@id\":\"https:\\\/\\\/www.carptigernuts.com\\\/de\\\/#\\\/schema\\\/logo\\\/image\\\/\"}}]}<\/script>\n<!-- \/ Yoast SEO plugin. -->","yoast_head_json":{"title":"Souchet skinned \u25b7 pour la p\u00eache de la carpe","robots":{"index":"index","follow":"follow","max-snippet":"max-snippet:-1","max-image-preview":"max-image-preview:large","max-video-preview":"max-video-preview:-1"},"canonical":"https:\/\/www.carptigernuts.com\/fr\/produits-derives\/skinned-tigernuts\/","og_locale":"fr_FR","og_type":"article","og_title":"Souchet skinned \u25b7 pour la p\u00eache de la carpe","og_description":"Skinned Tigernuts Notre produit unique (sans peau pour une meilleure puissance et efficacit\u00e9) a \u00e9t\u00e9 \u00e9labor\u00e9 et d\u00e9pos\u00e9\/brevet\u00e9 par Tigernuts Traders SL A ce jour,\u00a0les Skinned Tigernuts sont encore inconnues pour la majorit\u00e9 des p\u00eacheurs et donc elles surprennent par leur efficacit\u00e9 d\u00e8s leurs premi\u00e8res utilisations. Du fait que notre produit est sans peau, cela [&hellip;]","og_url":"https:\/\/www.carptigernuts.com\/fr\/produits-derives\/skinned-tigernuts\/","og_site_name":"CarpTigernuts.com","article_modified_time":"2019-10-19T09:53:46+00:00","og_image":[{"width":1024,"height":683,"url":"https:\/\/www.carptigernuts.com\/wp-content\/uploads\/tigernuts-derivatives-skinned-tigernuts.jpg","type":"image\/jpeg"}],"twitter_card":"summary_large_image","twitter_misc":{"Dur\u00e9e de lecture estim\u00e9e":"1 minute"},"schema":{"@context":"https:\/\/schema.org","@graph":[{"@type":"WebPage","@id":"https:\/\/www.carptigernuts.com\/fr\/produits-derives\/skinned-tigernuts\/","url":"https:\/\/www.carptigernuts.com\/fr\/produits-derives\/skinned-tigernuts\/","name":"Souchet skinned \u25b7 pour la p\u00eache de la carpe","isPartOf":{"@id":"https:\/\/www.carptigernuts.com\/de\/#website"},"primaryImageOfPage":{"@id":"https:\/\/www.carptigernuts.com\/fr\/produits-derives\/skinned-tigernuts\/#primaryimage"},"image":{"@id":"https:\/\/www.carptigernuts.com\/fr\/produits-derives\/skinned-tigernuts\/#primaryimage"},"thumbnailUrl":"https:\/\/www.carptigernuts.com\/wp-content\/uploads\/tigernuts-derivatives-skinned-tigernuts.jpg","datePublished":"2019-10-18T14:48:39+00:00","dateModified":"2019-10-19T09:53:46+00:00","breadcrumb":{"@id":"https:\/\/www.carptigernuts.com\/fr\/produits-derives\/skinned-tigernuts\/#breadcrumb"},"inLanguage":"fr-FR","potentialAction":[{"@type":"ReadAction","target":["https:\/\/www.carptigernuts.com\/fr\/produits-derives\/skinned-tigernuts\/"]}]},{"@type":"ImageObject","inLanguage":"fr-FR","@id":"https:\/\/www.carptigernuts.com\/fr\/produits-derives\/skinned-tigernuts\/#primaryimage","url":"https:\/\/www.carptigernuts.com\/wp-content\/uploads\/tigernuts-derivatives-skinned-tigernuts.jpg","contentUrl":"https:\/\/www.carptigernuts.com\/wp-content\/uploads\/tigernuts-derivatives-skinned-tigernuts.jpg","width":1024,"height":683},{"@type":"BreadcrumbList","@id":"https:\/\/www.carptigernuts.com\/fr\/produits-derives\/skinned-tigernuts\/#breadcrumb","itemListElement":[{"@type":"ListItem","position":1,"name":"Home","item":"https:\/\/www.carptigernuts.com\/fr\/"},{"@type":"ListItem","position":2,"name":"Produits d\u00e9riv\u00e9s","item":"https:\/\/www.carptigernuts.com\/fr\/produits-derives\/"},{"@type":"ListItem","position":3,"name":"Skinned Tigernuts"}]},{"@type":"WebSite","@id":"https:\/\/www.carptigernuts.com\/de\/#website","url":"https:\/\/www.carptigernuts.com\/de\/","name":"CarpTigernuts.com","description":"The tigernut: The king of the particles","publisher":{"@id":"https:\/\/www.carptigernuts.com\/de\/#organization"},"potentialAction":[{"@type":"SearchAction","target":{"@type":"EntryPoint","urlTemplate":"https:\/\/www.carptigernuts.com\/de\/?s={search_term_string}"},"query-input":{"@type":"PropertyValueSpecification","valueRequired":true,"valueName":"search_term_string"}}],"inLanguage":"fr-FR"},{"@type":"Organization","@id":"https:\/\/www.carptigernuts.com\/de\/#organization","name":"CarpTigernuts.com","url":"https:\/\/www.carptigernuts.com\/de\/","logo":{"@type":"ImageObject","inLanguage":"fr-FR","@id":"https:\/\/www.carptigernuts.com\/de\/#\/schema\/logo\/image\/","url":"https:\/\/www.carptigernuts.com\/wp-content\/uploads\/carptigernuts-logo.png","contentUrl":"https:\/\/www.carptigernuts.com\/wp-content\/uploads\/carptigernuts-logo.png","width":291,"height":150,"caption":"CarpTigernuts.com"},"image":{"@id":"https:\/\/www.carptigernuts.com\/de\/#\/schema\/logo\/image\/"}}]}},"jetpack_sharing_enabled":true,"_links":{"self":[{"href":"https:\/\/www.carptigernuts.com\/fr\/wp-json\/wp\/v2\/pages\/3546","targetHints":{"allow":["GET"]}}],"collection":[{"href":"https:\/\/www.carptigernuts.com\/fr\/wp-json\/wp\/v2\/pages"}],"about":[{"href":"https:\/\/www.carptigernuts.com\/fr\/wp-json\/wp\/v2\/types\/page"}],"author":[{"embeddable":true,"href":"https:\/\/www.carptigernuts.com\/fr\/wp-json\/wp\/v2\/users\/2"}],"replies":[{"embeddable":true,"href":"https:\/\/www.carptigernuts.com\/fr\/wp-json\/wp\/v2\/comments?post=3546"}],"version-history":[{"count":2,"href":"https:\/\/www.carptigernuts.com\/fr\/wp-json\/wp\/v2\/pages\/3546\/revisions"}],"predecessor-version":[{"id":3548,"href":"https:\/\/www.carptigernuts.com\/fr\/wp-json\/wp\/v2\/pages\/3546\/revisions\/3548"}],"up":[{"embeddable":true,"href":"https:\/\/www.carptigernuts.com\/fr\/wp-json\/wp\/v2\/pages\/3483"}],"wp:featuredmedia":[{"embeddable":true,"href":"https:\/\/www.carptigernuts.com\/fr\/wp-json\/wp\/v2\/media\/284"}],"wp:attachment":[{"href":"https:\/\/www.carptigernuts.com\/fr\/wp-json\/wp\/v2\/media?parent=3546"}],"curies":[{"name":"wp","href":"https:\/\/api.w.org\/{rel}","templated":true}]}}