{"id":3698,"date":"2019-10-18T17:37:23","date_gmt":"2019-10-18T15:37:23","guid":{"rendered":"https:\/\/www.carptigernuts.com\/?page_id=3698"},"modified":"2019-10-19T11:53:40","modified_gmt":"2019-10-19T09:53:40","slug":"maiz-gigante","status":"publish","type":"page","link":"https:\/\/www.carptigernuts.com\/es\/granos\/maiz-gigante\/","title":{"rendered":"Ma\u00edz gigante"},"content":{"rendered":"\t\t<div data-elementor-type=\"wp-page\" data-elementor-id=\"3698\" class=\"elementor elementor-3698 elementor-349\" data-elementor-post-type=\"page\">\n\t\t\t\t\t\t<section class=\"elementor-section elementor-top-section elementor-element elementor-element-4af46e02 elementor-section-boxed elementor-section-height-default elementor-section-height-default\" data-id=\"4af46e02\" data-element_type=\"section\" data-e-type=\"section\">\n\t\t\t\t\t\t<div class=\"elementor-container elementor-column-gap-default\">\n\t\t\t\t\t<div class=\"elementor-column elementor-col-100 elementor-top-column elementor-element elementor-element-2500144c\" data-id=\"2500144c\" data-element_type=\"column\" data-e-type=\"column\">\n\t\t\t<div class=\"elementor-widget-wrap elementor-element-populated\">\n\t\t\t\t\t\t<div class=\"elementor-element elementor-element-55cbbe54 elementor-widget elementor-widget-heading\" data-id=\"55cbbe54\" data-element_type=\"widget\" data-e-type=\"widget\" data-widget_type=\"heading.default\">\n\t\t\t\t<div class=\"elementor-widget-container\">\n\t\t\t\t\t<h1 class=\"elementor-heading-title elementor-size-default\">Ma\u00edz gigante<\/h1>\t\t\t\t<\/div>\n\t\t\t\t<\/div>\n\t\t\t\t\t<\/div>\n\t\t<\/div>\n\t\t\t\t\t<\/div>\n\t\t<\/section>\n\t\t\t\t<section class=\"elementor-section elementor-top-section elementor-element elementor-element-354aa101 elementor-section-boxed elementor-section-height-default elementor-section-height-default\" data-id=\"354aa101\" data-element_type=\"section\" data-e-type=\"section\">\n\t\t\t\t\t\t<div class=\"elementor-container elementor-column-gap-default\">\n\t\t\t\t\t<div class=\"elementor-column elementor-col-50 elementor-top-column elementor-element elementor-element-257449ad\" data-id=\"257449ad\" data-element_type=\"column\" data-e-type=\"column\">\n\t\t\t<div class=\"elementor-widget-wrap elementor-element-populated\">\n\t\t\t\t\t\t<div class=\"elementor-element elementor-element-99462dc elementor-widget elementor-widget-image\" data-id=\"99462dc\" data-element_type=\"widget\" data-e-type=\"widget\" data-widget_type=\"image.default\">\n\t\t\t\t<div class=\"elementor-widget-container\">\n\t\t\t\t\t\t\t\t\t\t\t\t\t\t\t<img fetchpriority=\"high\" decoding=\"async\" width=\"700\" height=\"460\" src=\"https:\/\/www.carptigernuts.com\/wp-content\/uploads\/particles-giant-maize.jpg\" class=\"attachment-full size-full wp-image-354\" alt=\"\" srcset=\"https:\/\/www.carptigernuts.com\/wp-content\/uploads\/particles-giant-maize.jpg 700w, https:\/\/www.carptigernuts.com\/wp-content\/uploads\/particles-giant-maize-150x99.jpg 150w, https:\/\/www.carptigernuts.com\/wp-content\/uploads\/particles-giant-maize-600x394.jpg 600w\" sizes=\"(max-width: 700px) 100vw, 700px\" \/>\t\t\t\t\t\t\t\t\t\t\t\t\t\t\t<\/div>\n\t\t\t\t<\/div>\n\t\t\t\t\t<\/div>\n\t\t<\/div>\n\t\t\t\t<div class=\"elementor-column elementor-col-50 elementor-top-column elementor-element elementor-element-6c18fa14\" data-id=\"6c18fa14\" data-element_type=\"column\" data-e-type=\"column\">\n\t\t\t<div class=\"elementor-widget-wrap elementor-element-populated\">\n\t\t\t\t\t\t<div class=\"elementor-element elementor-element-385e6b90 elementor-widget elementor-widget-text-editor\" data-id=\"385e6b90\" data-element_type=\"widget\" data-e-type=\"widget\" data-widget_type=\"text-editor.default\">\n\t\t\t\t<div class=\"elementor-widget-container\">\n\t\t\t\t\t\t\t\t\t<p>Como hemos advertido previamente, es muy importante cocinar bien los granos antes de utilizarlos como cebo, dado que un grano crudo o mal cocinado puede ser especialmente da\u00f1ino para las carpas. El ma\u00edz es uno de los casos donde m\u00e1s concienzudamente se debe hacer la preparaci\u00f3n, pero posteriormente es posiblemente uno de los m\u00e1s eficaces. Este ma\u00edz gigante no es un producto gen\u00e9ticamente modificado, sino que procede de la regi\u00f3n Andina de Per\u00fa y su tama\u00f1o oscila entre 18 mm \u2013 24 mm.<\/p><ul type=\"circle\"><li>Poner el ma\u00edz en remojo en un recipiente con agua templada y cerrarlo con una tapa. Dejar as\u00ed durante toda la noche. El ma\u00edz ganar\u00e1 tama\u00f1o debido a su rehidrataci\u00f3n, por lo que es interesante dejar que el agua este unos 6 o 7 cent\u00edmetros por encima del producto para que se pueda hacer la rehidrataci\u00f3n completa.<\/li><\/ul><p><strong>Tiempo de remojo recomendado:<\/strong>\u00a024 horas<\/p><ul><li>A continuaci\u00f3n meter el producto, que a\u00fan seguir\u00e1 un poco duro, en una olla a presi\u00f3n con agua, para cocerlo. Asegurarse que el agua hierve vigorosamente al menos los primeros 30 minutos.<\/li><\/ul><p><strong>Tiempo de cocci\u00f3n recomendado:<\/strong>\u00a040 minutos<\/p><ul><li>Una vez dejado reposar y el ma\u00edz est\u00e9 a temperatura ambiente, lo introducimos en un recipiente herm\u00e9tico donde lo dejaremos reposar durante toda la noche, favoreciendo as\u00ed el principio de germinaci\u00f3n y empezando con la fermentaci\u00f3n del grano. Se requieren aproximadamente 48 horas para la fermentaci\u00f3n \u00f3ptima.<\/li><\/ul>\t\t\t\t\t\t\t\t<\/div>\n\t\t\t\t<\/div>\n\t\t\t\t\t<\/div>\n\t\t<\/div>\n\t\t\t\t\t<\/div>\n\t\t<\/section>\n\t\t\t\t<section class=\"elementor-section elementor-top-section elementor-element elementor-element-58725922 elementor-section-boxed elementor-section-height-default elementor-section-height-default\" data-id=\"58725922\" data-element_type=\"section\" data-e-type=\"section\">\n\t\t\t\t\t\t<div class=\"elementor-container elementor-column-gap-default\">\n\t\t\t\t\t<div class=\"elementor-column elementor-col-100 elementor-top-column elementor-element elementor-element-51519448\" data-id=\"51519448\" data-element_type=\"column\" data-e-type=\"column\">\n\t\t\t<div class=\"elementor-widget-wrap elementor-element-populated\">\n\t\t\t\t\t\t<div class=\"elementor-element elementor-element-3cf0085 elementor-widget elementor-widget-image\" data-id=\"3cf0085\" data-element_type=\"widget\" data-e-type=\"widget\" data-widget_type=\"image.default\">\n\t\t\t\t<div class=\"elementor-widget-container\">\n\t\t\t\t\t\t\t\t\t\t\t\t\t\t\t<img decoding=\"async\" width=\"1168\" height=\"876\" src=\"https:\/\/www.carptigernuts.com\/wp-content\/uploads\/carps-caught-with-tigernuts-08.jpg\" class=\"attachment-large size-large wp-image-242\" alt=\"\" srcset=\"https:\/\/www.carptigernuts.com\/wp-content\/uploads\/carps-caught-with-tigernuts-08.jpg 1168w, https:\/\/www.carptigernuts.com\/wp-content\/uploads\/carps-caught-with-tigernuts-08-150x113.jpg 150w, https:\/\/www.carptigernuts.com\/wp-content\/uploads\/carps-caught-with-tigernuts-08-600x450.jpg 600w, https:\/\/www.carptigernuts.com\/wp-content\/uploads\/carps-caught-with-tigernuts-08-768x576.jpg 768w\" sizes=\"(max-width: 1168px) 100vw, 1168px\" \/>\t\t\t\t\t\t\t\t\t\t\t\t\t\t\t<\/div>\n\t\t\t\t<\/div>\n\t\t\t\t\t<\/div>\n\t\t<\/div>\n\t\t\t\t\t<\/div>\n\t\t<\/section>\n\t\t\t\t<\/div>\n\t\t","protected":false},"excerpt":{"rendered":"<p>Ma\u00edz gigante Como hemos advertido previamente, es muy importante cocinar bien los granos antes de utilizarlos como cebo, dado que un grano crudo o mal cocinado puede ser especialmente da\u00f1ino para las carpas. El ma\u00edz es uno de los casos donde m\u00e1s concienzudamente se debe hacer la preparaci\u00f3n, pero posteriormente es posiblemente uno de los [&hellip;]<\/p>\n","protected":false},"author":2,"featured_media":354,"parent":3454,"menu_order":0,"comment_status":"closed","ping_status":"closed","template":"","meta":{"site-sidebar-layout":"no-sidebar","site-content-layout":"page-builder","ast-site-content-layout":"default","site-content-style":"default","site-sidebar-style":"default","ast-global-header-display":"","ast-banner-title-visibility":"","ast-main-header-display":"","ast-hfb-above-header-display":"","ast-hfb-below-header-display":"","ast-hfb-mobile-header-display":"","site-post-title":"disabled","ast-breadcrumbs-content":"","ast-featured-img":"disabled","footer-sml-layout":"","ast-disable-related-posts":"","theme-transparent-header-meta":"default","adv-header-id-meta":"","stick-header-meta":"","header-above-stick-meta":"","header-main-stick-meta":"","header-below-stick-meta":"","astra-migrate-meta-layouts":"default","ast-page-background-enabled":"default","ast-page-background-meta":{"desktop":{"background-color":"","background-image":"","background-repeat":"repeat","background-position":"center center","background-size":"auto","background-attachment":"scroll","background-type":"","background-media":"","overlay-type":"","overlay-color":"","overlay-opacity":"","overlay-gradient":""},"tablet":{"background-color":"","background-image":"","background-repeat":"repeat","background-position":"center center","background-size":"auto","background-attachment":"scroll","background-type":"","background-media":"","overlay-type":"","overlay-color":"","overlay-opacity":"","overlay-gradient":""},"mobile":{"background-color":"","background-image":"","background-repeat":"repeat","background-position":"center center","background-size":"auto","background-attachment":"scroll","background-type":"","background-media":"","overlay-type":"","overlay-color":"","overlay-opacity":"","overlay-gradient":""}},"ast-content-background-meta":{"desktop":{"background-color":"var(--ast-global-color-5)","background-image":"","background-repeat":"repeat","background-position":"center center","background-size":"auto","background-attachment":"scroll","background-type":"","background-media":"","overlay-type":"","overlay-color":"","overlay-opacity":"","overlay-gradient":""},"tablet":{"background-color":"var(--ast-global-color-5)","background-image":"","background-repeat":"repeat","background-position":"center center","background-size":"auto","background-attachment":"scroll","background-type":"","background-media":"","overlay-type":"","overlay-color":"","overlay-opacity":"","overlay-gradient":""},"mobile":{"background-color":"var(--ast-global-color-5)","background-image":"","background-repeat":"repeat","background-position":"center center","background-size":"auto","background-attachment":"scroll","background-type":"","background-media":"","overlay-type":"","overlay-color":"","overlay-opacity":"","overlay-gradient":""}},"footnotes":""},"class_list":["post-3698","page","type-page","status-publish","has-post-thumbnail","hentry"],"yoast_head":"<!-- This site is optimized with the Yoast SEO plugin v27.3 - https:\/\/yoast.com\/product\/yoast-seo-wordpress\/ -->\n<title>Maiz gigante \u25b7 Grano para la pesca de la carpa<\/title>\n<meta name=\"robots\" content=\"index, follow, max-snippet:-1, max-image-preview:large, max-video-preview:-1\" \/>\n<link rel=\"canonical\" href=\"https:\/\/www.carptigernuts.com\/es\/granos\/maiz-gigante\/\" \/>\n<meta property=\"og:locale\" content=\"es_ES\" \/>\n<meta property=\"og:type\" content=\"article\" \/>\n<meta property=\"og:title\" content=\"Maiz gigante \u25b7 Grano para la pesca de la carpa\" \/>\n<meta property=\"og:description\" content=\"Ma\u00edz gigante Como hemos advertido previamente, es muy importante cocinar bien los granos antes de utilizarlos como cebo, dado que un grano crudo o mal cocinado puede ser especialmente da\u00f1ino para las carpas. El ma\u00edz es uno de los casos donde m\u00e1s concienzudamente se debe hacer la preparaci\u00f3n, pero posteriormente es posiblemente uno de los [&hellip;]\" \/>\n<meta property=\"og:url\" content=\"https:\/\/www.carptigernuts.com\/es\/granos\/maiz-gigante\/\" \/>\n<meta property=\"og:site_name\" content=\"CarpTigernuts.com\" \/>\n<meta property=\"article:modified_time\" content=\"2019-10-19T09:53:40+00:00\" \/>\n<meta property=\"og:image\" content=\"https:\/\/www.carptigernuts.com\/wp-content\/uploads\/particles-giant-maize.jpg\" \/>\n\t<meta property=\"og:image:width\" content=\"700\" \/>\n\t<meta property=\"og:image:height\" content=\"460\" \/>\n\t<meta property=\"og:image:type\" content=\"image\/jpeg\" \/>\n<meta name=\"twitter:card\" content=\"summary_large_image\" \/>\n<meta name=\"twitter:label1\" content=\"Tiempo de lectura\" \/>\n\t<meta name=\"twitter:data1\" content=\"1 minuto\" \/>\n<script type=\"application\/ld+json\" class=\"yoast-schema-graph\">{\"@context\":\"https:\\\/\\\/schema.org\",\"@graph\":[{\"@type\":\"WebPage\",\"@id\":\"https:\\\/\\\/www.carptigernuts.com\\\/es\\\/granos\\\/maiz-gigante\\\/\",\"url\":\"https:\\\/\\\/www.carptigernuts.com\\\/es\\\/granos\\\/maiz-gigante\\\/\",\"name\":\"Maiz gigante \u25b7 Grano para la pesca de la carpa\",\"isPartOf\":{\"@id\":\"https:\\\/\\\/www.carptigernuts.com\\\/de\\\/#website\"},\"primaryImageOfPage\":{\"@id\":\"https:\\\/\\\/www.carptigernuts.com\\\/es\\\/granos\\\/maiz-gigante\\\/#primaryimage\"},\"image\":{\"@id\":\"https:\\\/\\\/www.carptigernuts.com\\\/es\\\/granos\\\/maiz-gigante\\\/#primaryimage\"},\"thumbnailUrl\":\"https:\\\/\\\/www.carptigernuts.com\\\/wp-content\\\/uploads\\\/particles-giant-maize.jpg\",\"datePublished\":\"2019-10-18T15:37:23+00:00\",\"dateModified\":\"2019-10-19T09:53:40+00:00\",\"breadcrumb\":{\"@id\":\"https:\\\/\\\/www.carptigernuts.com\\\/es\\\/granos\\\/maiz-gigante\\\/#breadcrumb\"},\"inLanguage\":\"es\",\"potentialAction\":[{\"@type\":\"ReadAction\",\"target\":[\"https:\\\/\\\/www.carptigernuts.com\\\/es\\\/granos\\\/maiz-gigante\\\/\"]}]},{\"@type\":\"ImageObject\",\"inLanguage\":\"es\",\"@id\":\"https:\\\/\\\/www.carptigernuts.com\\\/es\\\/granos\\\/maiz-gigante\\\/#primaryimage\",\"url\":\"https:\\\/\\\/www.carptigernuts.com\\\/wp-content\\\/uploads\\\/particles-giant-maize.jpg\",\"contentUrl\":\"https:\\\/\\\/www.carptigernuts.com\\\/wp-content\\\/uploads\\\/particles-giant-maize.jpg\",\"width\":700,\"height\":460},{\"@type\":\"BreadcrumbList\",\"@id\":\"https:\\\/\\\/www.carptigernuts.com\\\/es\\\/granos\\\/maiz-gigante\\\/#breadcrumb\",\"itemListElement\":[{\"@type\":\"ListItem\",\"position\":1,\"name\":\"Home\",\"item\":\"https:\\\/\\\/www.carptigernuts.com\\\/es\\\/\"},{\"@type\":\"ListItem\",\"position\":2,\"name\":\"Granos\",\"item\":\"https:\\\/\\\/www.carptigernuts.com\\\/es\\\/granos\\\/\"},{\"@type\":\"ListItem\",\"position\":3,\"name\":\"Ma\u00edz gigante\"}]},{\"@type\":\"WebSite\",\"@id\":\"https:\\\/\\\/www.carptigernuts.com\\\/de\\\/#website\",\"url\":\"https:\\\/\\\/www.carptigernuts.com\\\/de\\\/\",\"name\":\"CarpTigernuts.com\",\"description\":\"The tigernut: The king of the particles\",\"publisher\":{\"@id\":\"https:\\\/\\\/www.carptigernuts.com\\\/de\\\/#organization\"},\"potentialAction\":[{\"@type\":\"SearchAction\",\"target\":{\"@type\":\"EntryPoint\",\"urlTemplate\":\"https:\\\/\\\/www.carptigernuts.com\\\/de\\\/?s={search_term_string}\"},\"query-input\":{\"@type\":\"PropertyValueSpecification\",\"valueRequired\":true,\"valueName\":\"search_term_string\"}}],\"inLanguage\":\"es\"},{\"@type\":\"Organization\",\"@id\":\"https:\\\/\\\/www.carptigernuts.com\\\/de\\\/#organization\",\"name\":\"CarpTigernuts.com\",\"url\":\"https:\\\/\\\/www.carptigernuts.com\\\/de\\\/\",\"logo\":{\"@type\":\"ImageObject\",\"inLanguage\":\"es\",\"@id\":\"https:\\\/\\\/www.carptigernuts.com\\\/de\\\/#\\\/schema\\\/logo\\\/image\\\/\",\"url\":\"https:\\\/\\\/www.carptigernuts.com\\\/wp-content\\\/uploads\\\/carptigernuts-logo.png\",\"contentUrl\":\"https:\\\/\\\/www.carptigernuts.com\\\/wp-content\\\/uploads\\\/carptigernuts-logo.png\",\"width\":291,\"height\":150,\"caption\":\"CarpTigernuts.com\"},\"image\":{\"@id\":\"https:\\\/\\\/www.carptigernuts.com\\\/de\\\/#\\\/schema\\\/logo\\\/image\\\/\"}}]}<\/script>\n<!-- \/ Yoast SEO plugin. -->","yoast_head_json":{"title":"Maiz gigante \u25b7 Grano para la pesca de la carpa","robots":{"index":"index","follow":"follow","max-snippet":"max-snippet:-1","max-image-preview":"max-image-preview:large","max-video-preview":"max-video-preview:-1"},"canonical":"https:\/\/www.carptigernuts.com\/es\/granos\/maiz-gigante\/","og_locale":"es_ES","og_type":"article","og_title":"Maiz gigante \u25b7 Grano para la pesca de la carpa","og_description":"Ma\u00edz gigante Como hemos advertido previamente, es muy importante cocinar bien los granos antes de utilizarlos como cebo, dado que un grano crudo o mal cocinado puede ser especialmente da\u00f1ino para las carpas. El ma\u00edz es uno de los casos donde m\u00e1s concienzudamente se debe hacer la preparaci\u00f3n, pero posteriormente es posiblemente uno de los [&hellip;]","og_url":"https:\/\/www.carptigernuts.com\/es\/granos\/maiz-gigante\/","og_site_name":"CarpTigernuts.com","article_modified_time":"2019-10-19T09:53:40+00:00","og_image":[{"width":700,"height":460,"url":"https:\/\/www.carptigernuts.com\/wp-content\/uploads\/particles-giant-maize.jpg","type":"image\/jpeg"}],"twitter_card":"summary_large_image","twitter_misc":{"Tiempo de lectura":"1 minuto"},"schema":{"@context":"https:\/\/schema.org","@graph":[{"@type":"WebPage","@id":"https:\/\/www.carptigernuts.com\/es\/granos\/maiz-gigante\/","url":"https:\/\/www.carptigernuts.com\/es\/granos\/maiz-gigante\/","name":"Maiz gigante \u25b7 Grano para la pesca de la carpa","isPartOf":{"@id":"https:\/\/www.carptigernuts.com\/de\/#website"},"primaryImageOfPage":{"@id":"https:\/\/www.carptigernuts.com\/es\/granos\/maiz-gigante\/#primaryimage"},"image":{"@id":"https:\/\/www.carptigernuts.com\/es\/granos\/maiz-gigante\/#primaryimage"},"thumbnailUrl":"https:\/\/www.carptigernuts.com\/wp-content\/uploads\/particles-giant-maize.jpg","datePublished":"2019-10-18T15:37:23+00:00","dateModified":"2019-10-19T09:53:40+00:00","breadcrumb":{"@id":"https:\/\/www.carptigernuts.com\/es\/granos\/maiz-gigante\/#breadcrumb"},"inLanguage":"es","potentialAction":[{"@type":"ReadAction","target":["https:\/\/www.carptigernuts.com\/es\/granos\/maiz-gigante\/"]}]},{"@type":"ImageObject","inLanguage":"es","@id":"https:\/\/www.carptigernuts.com\/es\/granos\/maiz-gigante\/#primaryimage","url":"https:\/\/www.carptigernuts.com\/wp-content\/uploads\/particles-giant-maize.jpg","contentUrl":"https:\/\/www.carptigernuts.com\/wp-content\/uploads\/particles-giant-maize.jpg","width":700,"height":460},{"@type":"BreadcrumbList","@id":"https:\/\/www.carptigernuts.com\/es\/granos\/maiz-gigante\/#breadcrumb","itemListElement":[{"@type":"ListItem","position":1,"name":"Home","item":"https:\/\/www.carptigernuts.com\/es\/"},{"@type":"ListItem","position":2,"name":"Granos","item":"https:\/\/www.carptigernuts.com\/es\/granos\/"},{"@type":"ListItem","position":3,"name":"Ma\u00edz gigante"}]},{"@type":"WebSite","@id":"https:\/\/www.carptigernuts.com\/de\/#website","url":"https:\/\/www.carptigernuts.com\/de\/","name":"CarpTigernuts.com","description":"The tigernut: The king of the particles","publisher":{"@id":"https:\/\/www.carptigernuts.com\/de\/#organization"},"potentialAction":[{"@type":"SearchAction","target":{"@type":"EntryPoint","urlTemplate":"https:\/\/www.carptigernuts.com\/de\/?s={search_term_string}"},"query-input":{"@type":"PropertyValueSpecification","valueRequired":true,"valueName":"search_term_string"}}],"inLanguage":"es"},{"@type":"Organization","@id":"https:\/\/www.carptigernuts.com\/de\/#organization","name":"CarpTigernuts.com","url":"https:\/\/www.carptigernuts.com\/de\/","logo":{"@type":"ImageObject","inLanguage":"es","@id":"https:\/\/www.carptigernuts.com\/de\/#\/schema\/logo\/image\/","url":"https:\/\/www.carptigernuts.com\/wp-content\/uploads\/carptigernuts-logo.png","contentUrl":"https:\/\/www.carptigernuts.com\/wp-content\/uploads\/carptigernuts-logo.png","width":291,"height":150,"caption":"CarpTigernuts.com"},"image":{"@id":"https:\/\/www.carptigernuts.com\/de\/#\/schema\/logo\/image\/"}}]}},"jetpack_sharing_enabled":true,"_links":{"self":[{"href":"https:\/\/www.carptigernuts.com\/es\/wp-json\/wp\/v2\/pages\/3698","targetHints":{"allow":["GET"]}}],"collection":[{"href":"https:\/\/www.carptigernuts.com\/es\/wp-json\/wp\/v2\/pages"}],"about":[{"href":"https:\/\/www.carptigernuts.com\/es\/wp-json\/wp\/v2\/types\/page"}],"author":[{"embeddable":true,"href":"https:\/\/www.carptigernuts.com\/es\/wp-json\/wp\/v2\/users\/2"}],"replies":[{"embeddable":true,"href":"https:\/\/www.carptigernuts.com\/es\/wp-json\/wp\/v2\/comments?post=3698"}],"version-history":[{"count":2,"href":"https:\/\/www.carptigernuts.com\/es\/wp-json\/wp\/v2\/pages\/3698\/revisions"}],"predecessor-version":[{"id":3706,"href":"https:\/\/www.carptigernuts.com\/es\/wp-json\/wp\/v2\/pages\/3698\/revisions\/3706"}],"up":[{"embeddable":true,"href":"https:\/\/www.carptigernuts.com\/es\/wp-json\/wp\/v2\/pages\/3454"}],"wp:featuredmedia":[{"embeddable":true,"href":"https:\/\/www.carptigernuts.com\/es\/wp-json\/wp\/v2\/media\/354"}],"wp:attachment":[{"href":"https:\/\/www.carptigernuts.com\/es\/wp-json\/wp\/v2\/media?parent=3698"}],"curies":[{"name":"wp","href":"https:\/\/api.w.org\/{rel}","templated":true}]}}