{"id":3607,"date":"2019-10-18T17:14:57","date_gmt":"2019-10-18T15:14:57","guid":{"rendered":"https:\/\/www.carptigernuts.com\/?page_id=3607"},"modified":"2019-10-19T11:53:40","modified_gmt":"2019-10-19T09:53:40","slug":"habas","status":"publish","type":"page","link":"https:\/\/www.carptigernuts.com\/es\/granos\/habas\/","title":{"rendered":"Habas"},"content":{"rendered":"\t\t<div data-elementor-type=\"wp-page\" data-elementor-id=\"3607\" class=\"elementor elementor-3607 elementor-386\" data-elementor-post-type=\"page\">\n\t\t\t\t\t\t<section class=\"elementor-section elementor-top-section elementor-element elementor-element-61163c7c elementor-section-boxed elementor-section-height-default elementor-section-height-default\" data-id=\"61163c7c\" data-element_type=\"section\" data-e-type=\"section\">\n\t\t\t\t\t\t<div class=\"elementor-container elementor-column-gap-default\">\n\t\t\t\t\t<div class=\"elementor-column elementor-col-100 elementor-top-column elementor-element elementor-element-6bf4dd8\" data-id=\"6bf4dd8\" data-element_type=\"column\" data-e-type=\"column\">\n\t\t\t<div class=\"elementor-widget-wrap elementor-element-populated\">\n\t\t\t\t\t\t<div class=\"elementor-element elementor-element-4194e361 elementor-widget elementor-widget-heading\" data-id=\"4194e361\" data-element_type=\"widget\" data-e-type=\"widget\" data-widget_type=\"heading.default\">\n\t\t\t\t<div class=\"elementor-widget-container\">\n\t\t\t\t\t<h2 class=\"elementor-heading-title elementor-size-default\">Habas<\/h2>\t\t\t\t<\/div>\n\t\t\t\t<\/div>\n\t\t\t\t\t<\/div>\n\t\t<\/div>\n\t\t\t\t\t<\/div>\n\t\t<\/section>\n\t\t\t\t<section class=\"elementor-section elementor-top-section elementor-element elementor-element-3ec243ae elementor-section-boxed elementor-section-height-default elementor-section-height-default\" data-id=\"3ec243ae\" data-element_type=\"section\" data-e-type=\"section\" data-settings=\"{&quot;background_background&quot;:&quot;classic&quot;}\">\n\t\t\t\t\t\t<div class=\"elementor-container elementor-column-gap-default\">\n\t\t\t\t\t<div class=\"elementor-column elementor-col-50 elementor-top-column elementor-element elementor-element-6ed27873\" data-id=\"6ed27873\" data-element_type=\"column\" data-e-type=\"column\">\n\t\t\t<div class=\"elementor-widget-wrap elementor-element-populated\">\n\t\t\t\t\t\t<div class=\"elementor-element elementor-element-1e082b37 elementor-widget elementor-widget-image\" data-id=\"1e082b37\" data-element_type=\"widget\" data-e-type=\"widget\" data-widget_type=\"image.default\">\n\t\t\t\t<div class=\"elementor-widget-container\">\n\t\t\t\t\t\t\t\t\t\t\t\t\t\t\t<img fetchpriority=\"high\" decoding=\"async\" width=\"1024\" height=\"683\" src=\"https:\/\/www.carptigernuts.com\/wp-content\/uploads\/particles-broad-beans.jpg\" class=\"attachment-large size-large wp-image-390\" alt=\"\" srcset=\"https:\/\/www.carptigernuts.com\/wp-content\/uploads\/particles-broad-beans.jpg 1024w, https:\/\/www.carptigernuts.com\/wp-content\/uploads\/particles-broad-beans-150x100.jpg 150w, https:\/\/www.carptigernuts.com\/wp-content\/uploads\/particles-broad-beans-600x400.jpg 600w, https:\/\/www.carptigernuts.com\/wp-content\/uploads\/particles-broad-beans-768x512.jpg 768w\" sizes=\"(max-width: 1024px) 100vw, 1024px\" \/>\t\t\t\t\t\t\t\t\t\t\t\t\t\t\t<\/div>\n\t\t\t\t<\/div>\n\t\t\t\t\t<\/div>\n\t\t<\/div>\n\t\t\t\t<div class=\"elementor-column elementor-col-50 elementor-top-column elementor-element elementor-element-ea49df8\" data-id=\"ea49df8\" data-element_type=\"column\" data-e-type=\"column\">\n\t\t\t<div class=\"elementor-widget-wrap elementor-element-populated\">\n\t\t\t\t\t\t<div class=\"elementor-element elementor-element-7cd192c3 elementor-widget elementor-widget-text-editor\" data-id=\"7cd192c3\" data-element_type=\"widget\" data-e-type=\"widget\" data-widget_type=\"text-editor.default\">\n\t\t\t\t<div class=\"elementor-widget-container\">\n\t\t\t\t\t\t\t\t\t<p>Un grano altamente recomendado para la pesca debido a su gran tama\u00f1o y a sus fant\u00e1sticas propiedades que las carpas bien saben apreciar. Su tama\u00f1o oscila entre 21 mm \u2013 26 mm.<\/p><ul type=\"circle\"><li>Poner las habas en remojo en un recipiente con agua templada y cerrarlo con una tapa. Dejar as\u00ed durante toda la noche. Las habas ganar\u00e1n tama\u00f1o debido a su rehidrataci\u00f3n, por lo que es interesante dejar que el agua este unos 6 o 7 cent\u00edmetros por encima del producto para que se pueda hacer la rehidrataci\u00f3n completa.<\/li><\/ul><p><strong>Tiempo de remojo recomendado:<\/strong>\u00a012 a 18 horas<\/p><ul><li>A continuaci\u00f3n meter el producto, que a\u00fan seguir\u00e1 un poco duro, en una olla a presi\u00f3n con agua, para cocerlo.<\/li><\/ul><p><strong>Tiempo de cocci\u00f3n recomendado:<\/strong>\u00a030 minutos<\/p><ul><li>Una vez dejado reposar y las habas est\u00e9n a temperatura ambiente, lo introducimos en un recipiente herm\u00e9tico donde lo dejaremos reposar durante toda la noche, favoreciendo as\u00ed el principio de germinaci\u00f3n y empezando con la fermentaci\u00f3n del grano. Se requieren aproximadamente 48 horas para la fermentaci\u00f3n \u00f3ptima.<\/li><\/ul>\t\t\t\t\t\t\t\t<\/div>\n\t\t\t\t<\/div>\n\t\t\t\t\t<\/div>\n\t\t<\/div>\n\t\t\t\t\t<\/div>\n\t\t<\/section>\n\t\t\t\t<section class=\"elementor-section elementor-top-section elementor-element elementor-element-111656de elementor-section-boxed elementor-section-height-default elementor-section-height-default\" data-id=\"111656de\" data-element_type=\"section\" data-e-type=\"section\">\n\t\t\t\t\t\t<div class=\"elementor-container elementor-column-gap-default\">\n\t\t\t\t\t<div class=\"elementor-column elementor-col-100 elementor-top-column elementor-element elementor-element-5507d05b\" data-id=\"5507d05b\" data-element_type=\"column\" data-e-type=\"column\">\n\t\t\t<div class=\"elementor-widget-wrap elementor-element-populated\">\n\t\t\t\t\t\t<div class=\"elementor-element elementor-element-6a791291 elementor-widget elementor-widget-image\" data-id=\"6a791291\" data-element_type=\"widget\" data-e-type=\"widget\" data-widget_type=\"image.default\">\n\t\t\t\t<div class=\"elementor-widget-container\">\n\t\t\t\t\t\t\t\t\t\t\t\t\t\t\t<img decoding=\"async\" width=\"1168\" height=\"876\" src=\"https:\/\/www.carptigernuts.com\/wp-content\/uploads\/carps-caught-with-tigernuts-06.jpg\" class=\"attachment-large size-large wp-image-234\" alt=\"\" srcset=\"https:\/\/www.carptigernuts.com\/wp-content\/uploads\/carps-caught-with-tigernuts-06.jpg 1168w, https:\/\/www.carptigernuts.com\/wp-content\/uploads\/carps-caught-with-tigernuts-06-150x113.jpg 150w, https:\/\/www.carptigernuts.com\/wp-content\/uploads\/carps-caught-with-tigernuts-06-600x450.jpg 600w, https:\/\/www.carptigernuts.com\/wp-content\/uploads\/carps-caught-with-tigernuts-06-768x576.jpg 768w\" sizes=\"(max-width: 1168px) 100vw, 1168px\" \/>\t\t\t\t\t\t\t\t\t\t\t\t\t\t\t<\/div>\n\t\t\t\t<\/div>\n\t\t\t\t\t<\/div>\n\t\t<\/div>\n\t\t\t\t\t<\/div>\n\t\t<\/section>\n\t\t\t\t<\/div>\n\t\t","protected":false},"excerpt":{"rendered":"<p>Habas Un grano altamente recomendado para la pesca debido a su gran tama\u00f1o y a sus fant\u00e1sticas propiedades que las carpas bien saben apreciar. Su tama\u00f1o oscila entre 21 mm \u2013 26 mm. Poner las habas en remojo en un recipiente con agua templada y cerrarlo con una tapa. Dejar as\u00ed durante toda la noche. [&hellip;]<\/p>\n","protected":false},"author":2,"featured_media":390,"parent":3454,"menu_order":0,"comment_status":"closed","ping_status":"closed","template":"","meta":{"site-sidebar-layout":"no-sidebar","site-content-layout":"page-builder","ast-site-content-layout":"default","site-content-style":"default","site-sidebar-style":"default","ast-global-header-display":"","ast-banner-title-visibility":"","ast-main-header-display":"","ast-hfb-above-header-display":"","ast-hfb-below-header-display":"","ast-hfb-mobile-header-display":"","site-post-title":"disabled","ast-breadcrumbs-content":"","ast-featured-img":"disabled","footer-sml-layout":"","ast-disable-related-posts":"","theme-transparent-header-meta":"default","adv-header-id-meta":"","stick-header-meta":"","header-above-stick-meta":"","header-main-stick-meta":"","header-below-stick-meta":"","astra-migrate-meta-layouts":"default","ast-page-background-enabled":"default","ast-page-background-meta":{"desktop":{"background-color":"","background-image":"","background-repeat":"repeat","background-position":"center center","background-size":"auto","background-attachment":"scroll","background-type":"","background-media":"","overlay-type":"","overlay-color":"","overlay-opacity":"","overlay-gradient":""},"tablet":{"background-color":"","background-image":"","background-repeat":"repeat","background-position":"center center","background-size":"auto","background-attachment":"scroll","background-type":"","background-media":"","overlay-type":"","overlay-color":"","overlay-opacity":"","overlay-gradient":""},"mobile":{"background-color":"","background-image":"","background-repeat":"repeat","background-position":"center center","background-size":"auto","background-attachment":"scroll","background-type":"","background-media":"","overlay-type":"","overlay-color":"","overlay-opacity":"","overlay-gradient":""}},"ast-content-background-meta":{"desktop":{"background-color":"var(--ast-global-color-5)","background-image":"","background-repeat":"repeat","background-position":"center center","background-size":"auto","background-attachment":"scroll","background-type":"","background-media":"","overlay-type":"","overlay-color":"","overlay-opacity":"","overlay-gradient":""},"tablet":{"background-color":"var(--ast-global-color-5)","background-image":"","background-repeat":"repeat","background-position":"center center","background-size":"auto","background-attachment":"scroll","background-type":"","background-media":"","overlay-type":"","overlay-color":"","overlay-opacity":"","overlay-gradient":""},"mobile":{"background-color":"var(--ast-global-color-5)","background-image":"","background-repeat":"repeat","background-position":"center center","background-size":"auto","background-attachment":"scroll","background-type":"","background-media":"","overlay-type":"","overlay-color":"","overlay-opacity":"","overlay-gradient":""}},"footnotes":""},"class_list":["post-3607","page","type-page","status-publish","has-post-thumbnail","hentry"],"yoast_head":"<!-- This site is optimized with the Yoast SEO plugin v27.3 - https:\/\/yoast.com\/product\/yoast-seo-wordpress\/ -->\n<title>Habas \u25b7 Grano para la pesca de la carpa<\/title>\n<meta name=\"robots\" content=\"index, follow, max-snippet:-1, max-image-preview:large, max-video-preview:-1\" \/>\n<link rel=\"canonical\" href=\"https:\/\/www.carptigernuts.com\/es\/granos\/habas\/\" \/>\n<meta property=\"og:locale\" content=\"es_ES\" \/>\n<meta property=\"og:type\" content=\"article\" \/>\n<meta property=\"og:title\" content=\"Habas \u25b7 Grano para la pesca de la carpa\" \/>\n<meta property=\"og:description\" content=\"Habas Un grano altamente recomendado para la pesca debido a su gran tama\u00f1o y a sus fant\u00e1sticas propiedades que las carpas bien saben apreciar. Su tama\u00f1o oscila entre 21 mm \u2013 26 mm. Poner las habas en remojo en un recipiente con agua templada y cerrarlo con una tapa. Dejar as\u00ed durante toda la noche. [&hellip;]\" \/>\n<meta property=\"og:url\" content=\"https:\/\/www.carptigernuts.com\/es\/granos\/habas\/\" \/>\n<meta property=\"og:site_name\" content=\"CarpTigernuts.com\" \/>\n<meta property=\"article:modified_time\" content=\"2019-10-19T09:53:40+00:00\" \/>\n<meta property=\"og:image\" content=\"https:\/\/www.carptigernuts.com\/wp-content\/uploads\/particles-broad-beans.jpg\" \/>\n\t<meta property=\"og:image:width\" content=\"1024\" \/>\n\t<meta property=\"og:image:height\" content=\"683\" \/>\n\t<meta property=\"og:image:type\" content=\"image\/jpeg\" \/>\n<meta name=\"twitter:card\" content=\"summary_large_image\" \/>\n<meta name=\"twitter:label1\" content=\"Tiempo de lectura\" \/>\n\t<meta name=\"twitter:data1\" content=\"1 minuto\" \/>\n<script type=\"application\/ld+json\" class=\"yoast-schema-graph\">{\"@context\":\"https:\\\/\\\/schema.org\",\"@graph\":[{\"@type\":\"WebPage\",\"@id\":\"https:\\\/\\\/www.carptigernuts.com\\\/es\\\/granos\\\/habas\\\/\",\"url\":\"https:\\\/\\\/www.carptigernuts.com\\\/es\\\/granos\\\/habas\\\/\",\"name\":\"Habas \u25b7 Grano para la pesca de la carpa\",\"isPartOf\":{\"@id\":\"https:\\\/\\\/www.carptigernuts.com\\\/de\\\/#website\"},\"primaryImageOfPage\":{\"@id\":\"https:\\\/\\\/www.carptigernuts.com\\\/es\\\/granos\\\/habas\\\/#primaryimage\"},\"image\":{\"@id\":\"https:\\\/\\\/www.carptigernuts.com\\\/es\\\/granos\\\/habas\\\/#primaryimage\"},\"thumbnailUrl\":\"https:\\\/\\\/www.carptigernuts.com\\\/wp-content\\\/uploads\\\/particles-broad-beans.jpg\",\"datePublished\":\"2019-10-18T15:14:57+00:00\",\"dateModified\":\"2019-10-19T09:53:40+00:00\",\"breadcrumb\":{\"@id\":\"https:\\\/\\\/www.carptigernuts.com\\\/es\\\/granos\\\/habas\\\/#breadcrumb\"},\"inLanguage\":\"es\",\"potentialAction\":[{\"@type\":\"ReadAction\",\"target\":[\"https:\\\/\\\/www.carptigernuts.com\\\/es\\\/granos\\\/habas\\\/\"]}]},{\"@type\":\"ImageObject\",\"inLanguage\":\"es\",\"@id\":\"https:\\\/\\\/www.carptigernuts.com\\\/es\\\/granos\\\/habas\\\/#primaryimage\",\"url\":\"https:\\\/\\\/www.carptigernuts.com\\\/wp-content\\\/uploads\\\/particles-broad-beans.jpg\",\"contentUrl\":\"https:\\\/\\\/www.carptigernuts.com\\\/wp-content\\\/uploads\\\/particles-broad-beans.jpg\",\"width\":1024,\"height\":683},{\"@type\":\"BreadcrumbList\",\"@id\":\"https:\\\/\\\/www.carptigernuts.com\\\/es\\\/granos\\\/habas\\\/#breadcrumb\",\"itemListElement\":[{\"@type\":\"ListItem\",\"position\":1,\"name\":\"Home\",\"item\":\"https:\\\/\\\/www.carptigernuts.com\\\/es\\\/\"},{\"@type\":\"ListItem\",\"position\":2,\"name\":\"Granos\",\"item\":\"https:\\\/\\\/www.carptigernuts.com\\\/es\\\/granos\\\/\"},{\"@type\":\"ListItem\",\"position\":3,\"name\":\"Habas\"}]},{\"@type\":\"WebSite\",\"@id\":\"https:\\\/\\\/www.carptigernuts.com\\\/de\\\/#website\",\"url\":\"https:\\\/\\\/www.carptigernuts.com\\\/de\\\/\",\"name\":\"CarpTigernuts.com\",\"description\":\"The tigernut: The king of the particles\",\"publisher\":{\"@id\":\"https:\\\/\\\/www.carptigernuts.com\\\/de\\\/#organization\"},\"potentialAction\":[{\"@type\":\"SearchAction\",\"target\":{\"@type\":\"EntryPoint\",\"urlTemplate\":\"https:\\\/\\\/www.carptigernuts.com\\\/de\\\/?s={search_term_string}\"},\"query-input\":{\"@type\":\"PropertyValueSpecification\",\"valueRequired\":true,\"valueName\":\"search_term_string\"}}],\"inLanguage\":\"es\"},{\"@type\":\"Organization\",\"@id\":\"https:\\\/\\\/www.carptigernuts.com\\\/de\\\/#organization\",\"name\":\"CarpTigernuts.com\",\"url\":\"https:\\\/\\\/www.carptigernuts.com\\\/de\\\/\",\"logo\":{\"@type\":\"ImageObject\",\"inLanguage\":\"es\",\"@id\":\"https:\\\/\\\/www.carptigernuts.com\\\/de\\\/#\\\/schema\\\/logo\\\/image\\\/\",\"url\":\"https:\\\/\\\/www.carptigernuts.com\\\/wp-content\\\/uploads\\\/carptigernuts-logo.png\",\"contentUrl\":\"https:\\\/\\\/www.carptigernuts.com\\\/wp-content\\\/uploads\\\/carptigernuts-logo.png\",\"width\":291,\"height\":150,\"caption\":\"CarpTigernuts.com\"},\"image\":{\"@id\":\"https:\\\/\\\/www.carptigernuts.com\\\/de\\\/#\\\/schema\\\/logo\\\/image\\\/\"}}]}<\/script>\n<!-- \/ Yoast SEO plugin. -->","yoast_head_json":{"title":"Habas \u25b7 Grano para la pesca de la carpa","robots":{"index":"index","follow":"follow","max-snippet":"max-snippet:-1","max-image-preview":"max-image-preview:large","max-video-preview":"max-video-preview:-1"},"canonical":"https:\/\/www.carptigernuts.com\/es\/granos\/habas\/","og_locale":"es_ES","og_type":"article","og_title":"Habas \u25b7 Grano para la pesca de la carpa","og_description":"Habas Un grano altamente recomendado para la pesca debido a su gran tama\u00f1o y a sus fant\u00e1sticas propiedades que las carpas bien saben apreciar. Su tama\u00f1o oscila entre 21 mm \u2013 26 mm. Poner las habas en remojo en un recipiente con agua templada y cerrarlo con una tapa. Dejar as\u00ed durante toda la noche. [&hellip;]","og_url":"https:\/\/www.carptigernuts.com\/es\/granos\/habas\/","og_site_name":"CarpTigernuts.com","article_modified_time":"2019-10-19T09:53:40+00:00","og_image":[{"width":1024,"height":683,"url":"https:\/\/www.carptigernuts.com\/wp-content\/uploads\/particles-broad-beans.jpg","type":"image\/jpeg"}],"twitter_card":"summary_large_image","twitter_misc":{"Tiempo de lectura":"1 minuto"},"schema":{"@context":"https:\/\/schema.org","@graph":[{"@type":"WebPage","@id":"https:\/\/www.carptigernuts.com\/es\/granos\/habas\/","url":"https:\/\/www.carptigernuts.com\/es\/granos\/habas\/","name":"Habas \u25b7 Grano para la pesca de la carpa","isPartOf":{"@id":"https:\/\/www.carptigernuts.com\/de\/#website"},"primaryImageOfPage":{"@id":"https:\/\/www.carptigernuts.com\/es\/granos\/habas\/#primaryimage"},"image":{"@id":"https:\/\/www.carptigernuts.com\/es\/granos\/habas\/#primaryimage"},"thumbnailUrl":"https:\/\/www.carptigernuts.com\/wp-content\/uploads\/particles-broad-beans.jpg","datePublished":"2019-10-18T15:14:57+00:00","dateModified":"2019-10-19T09:53:40+00:00","breadcrumb":{"@id":"https:\/\/www.carptigernuts.com\/es\/granos\/habas\/#breadcrumb"},"inLanguage":"es","potentialAction":[{"@type":"ReadAction","target":["https:\/\/www.carptigernuts.com\/es\/granos\/habas\/"]}]},{"@type":"ImageObject","inLanguage":"es","@id":"https:\/\/www.carptigernuts.com\/es\/granos\/habas\/#primaryimage","url":"https:\/\/www.carptigernuts.com\/wp-content\/uploads\/particles-broad-beans.jpg","contentUrl":"https:\/\/www.carptigernuts.com\/wp-content\/uploads\/particles-broad-beans.jpg","width":1024,"height":683},{"@type":"BreadcrumbList","@id":"https:\/\/www.carptigernuts.com\/es\/granos\/habas\/#breadcrumb","itemListElement":[{"@type":"ListItem","position":1,"name":"Home","item":"https:\/\/www.carptigernuts.com\/es\/"},{"@type":"ListItem","position":2,"name":"Granos","item":"https:\/\/www.carptigernuts.com\/es\/granos\/"},{"@type":"ListItem","position":3,"name":"Habas"}]},{"@type":"WebSite","@id":"https:\/\/www.carptigernuts.com\/de\/#website","url":"https:\/\/www.carptigernuts.com\/de\/","name":"CarpTigernuts.com","description":"The tigernut: The king of the particles","publisher":{"@id":"https:\/\/www.carptigernuts.com\/de\/#organization"},"potentialAction":[{"@type":"SearchAction","target":{"@type":"EntryPoint","urlTemplate":"https:\/\/www.carptigernuts.com\/de\/?s={search_term_string}"},"query-input":{"@type":"PropertyValueSpecification","valueRequired":true,"valueName":"search_term_string"}}],"inLanguage":"es"},{"@type":"Organization","@id":"https:\/\/www.carptigernuts.com\/de\/#organization","name":"CarpTigernuts.com","url":"https:\/\/www.carptigernuts.com\/de\/","logo":{"@type":"ImageObject","inLanguage":"es","@id":"https:\/\/www.carptigernuts.com\/de\/#\/schema\/logo\/image\/","url":"https:\/\/www.carptigernuts.com\/wp-content\/uploads\/carptigernuts-logo.png","contentUrl":"https:\/\/www.carptigernuts.com\/wp-content\/uploads\/carptigernuts-logo.png","width":291,"height":150,"caption":"CarpTigernuts.com"},"image":{"@id":"https:\/\/www.carptigernuts.com\/de\/#\/schema\/logo\/image\/"}}]}},"jetpack_sharing_enabled":true,"_links":{"self":[{"href":"https:\/\/www.carptigernuts.com\/es\/wp-json\/wp\/v2\/pages\/3607","targetHints":{"allow":["GET"]}}],"collection":[{"href":"https:\/\/www.carptigernuts.com\/es\/wp-json\/wp\/v2\/pages"}],"about":[{"href":"https:\/\/www.carptigernuts.com\/es\/wp-json\/wp\/v2\/types\/page"}],"author":[{"embeddable":true,"href":"https:\/\/www.carptigernuts.com\/es\/wp-json\/wp\/v2\/users\/2"}],"replies":[{"embeddable":true,"href":"https:\/\/www.carptigernuts.com\/es\/wp-json\/wp\/v2\/comments?post=3607"}],"version-history":[{"count":2,"href":"https:\/\/www.carptigernuts.com\/es\/wp-json\/wp\/v2\/pages\/3607\/revisions"}],"predecessor-version":[{"id":3617,"href":"https:\/\/www.carptigernuts.com\/es\/wp-json\/wp\/v2\/pages\/3607\/revisions\/3617"}],"up":[{"embeddable":true,"href":"https:\/\/www.carptigernuts.com\/es\/wp-json\/wp\/v2\/pages\/3454"}],"wp:featuredmedia":[{"embeddable":true,"href":"https:\/\/www.carptigernuts.com\/es\/wp-json\/wp\/v2\/media\/390"}],"wp:attachment":[{"href":"https:\/\/www.carptigernuts.com\/es\/wp-json\/wp\/v2\/media?parent=3607"}],"curies":[{"name":"wp","href":"https:\/\/api.w.org\/{rel}","templated":true}]}}