{"id":3550,"date":"2019-10-18T16:51:52","date_gmt":"2019-10-18T14:51:52","guid":{"rendered":"https:\/\/www.carptigernuts.com\/?page_id=3550"},"modified":"2019-10-19T11:53:37","modified_gmt":"2019-10-19T09:53:37","slug":"harina-de-chufas","status":"publish","type":"page","link":"https:\/\/www.carptigernuts.com\/es\/derivados-chufa\/harina-de-chufas\/","title":{"rendered":"Harina de chufas"},"content":{"rendered":"\t\t<div data-elementor-type=\"wp-page\" data-elementor-id=\"3550\" class=\"elementor elementor-3550 elementor-308\" data-elementor-post-type=\"page\">\n\t\t\t\t\t\t<section class=\"elementor-section elementor-top-section elementor-element elementor-element-a112421 elementor-section-boxed elementor-section-height-default elementor-section-height-default\" data-id=\"a112421\" data-element_type=\"section\" data-e-type=\"section\">\n\t\t\t\t\t\t<div class=\"elementor-container elementor-column-gap-default\">\n\t\t\t\t\t<div class=\"elementor-column elementor-col-100 elementor-top-column elementor-element elementor-element-4ce4cea0\" data-id=\"4ce4cea0\" data-element_type=\"column\" data-e-type=\"column\">\n\t\t\t<div class=\"elementor-widget-wrap elementor-element-populated\">\n\t\t\t\t\t\t<div class=\"elementor-element elementor-element-508622d2 elementor-widget elementor-widget-heading\" data-id=\"508622d2\" data-element_type=\"widget\" data-e-type=\"widget\" data-widget_type=\"heading.default\">\n\t\t\t\t<div class=\"elementor-widget-container\">\n\t\t\t\t\t<h1 class=\"elementor-heading-title elementor-size-default\">Harina de chufas\n<\/h1>\t\t\t\t<\/div>\n\t\t\t\t<\/div>\n\t\t\t\t\t<\/div>\n\t\t<\/div>\n\t\t\t\t\t<\/div>\n\t\t<\/section>\n\t\t\t\t<section class=\"elementor-section elementor-top-section elementor-element elementor-element-4ab0b88e elementor-section-boxed elementor-section-height-default elementor-section-height-default\" data-id=\"4ab0b88e\" data-element_type=\"section\" data-e-type=\"section\" data-settings=\"{&quot;background_background&quot;:&quot;classic&quot;}\">\n\t\t\t\t\t\t<div class=\"elementor-container elementor-column-gap-default\">\n\t\t\t\t\t<div class=\"elementor-column elementor-col-50 elementor-top-column elementor-element elementor-element-13ab9c6\" data-id=\"13ab9c6\" data-element_type=\"column\" data-e-type=\"column\">\n\t\t\t<div class=\"elementor-widget-wrap elementor-element-populated\">\n\t\t\t\t\t\t<div class=\"elementor-element elementor-element-7a5d3418 elementor-widget elementor-widget-image\" data-id=\"7a5d3418\" data-element_type=\"widget\" data-e-type=\"widget\" data-widget_type=\"image.default\">\n\t\t\t\t<div class=\"elementor-widget-container\">\n\t\t\t\t\t\t\t\t\t\t\t\t\t\t\t<img fetchpriority=\"high\" decoding=\"async\" width=\"1024\" height=\"683\" src=\"https:\/\/www.carptigernuts.com\/wp-content\/uploads\/tigernuts-derivatives-tigernuts-flour.jpg\" class=\"attachment-large size-large wp-image-313\" alt=\"\" srcset=\"https:\/\/www.carptigernuts.com\/wp-content\/uploads\/tigernuts-derivatives-tigernuts-flour.jpg 1024w, https:\/\/www.carptigernuts.com\/wp-content\/uploads\/tigernuts-derivatives-tigernuts-flour-150x100.jpg 150w, https:\/\/www.carptigernuts.com\/wp-content\/uploads\/tigernuts-derivatives-tigernuts-flour-600x400.jpg 600w, https:\/\/www.carptigernuts.com\/wp-content\/uploads\/tigernuts-derivatives-tigernuts-flour-768x512.jpg 768w\" sizes=\"(max-width: 1024px) 100vw, 1024px\" \/>\t\t\t\t\t\t\t\t\t\t\t\t\t\t\t<\/div>\n\t\t\t\t<\/div>\n\t\t\t\t\t<\/div>\n\t\t<\/div>\n\t\t\t\t<div class=\"elementor-column elementor-col-50 elementor-top-column elementor-element elementor-element-3ceda8de\" data-id=\"3ceda8de\" data-element_type=\"column\" data-e-type=\"column\">\n\t\t\t<div class=\"elementor-widget-wrap elementor-element-populated\">\n\t\t\t\t\t\t<div class=\"elementor-element elementor-element-2bccc61c elementor-widget elementor-widget-text-editor\" data-id=\"2bccc61c\" data-element_type=\"widget\" data-e-type=\"widget\" data-widget_type=\"text-editor.default\">\n\t\t\t\t<div class=\"elementor-widget-container\">\n\t\t\t\t\t\t\t\t\t<p>Este excepcional producto desarrollado tras largas investigaciones, debido a que no es f\u00e1cil realizar la molturaci\u00f3n de un producto con un nivel de grasa tan elevado sin alterar sus propiedades, se ha convertido en muy popular entre los pescadores que buscan dar una textura suave y cremosa a sus creaciones, aprovechando al mismo tiempo el distintivo aroma que vuelve locas a las carpas. Puede ser usado como ingrediente base para diferentes mezclas, dado que, gracias a su alto contenido en grasas permite preservar la humedad de los otros ingredientes haci\u00e9ndolos parecer frescos a\u00fan despu\u00e9s de bastante tiempo<\/p><p>La harina de chufas es posiblemente la forma m\u00e1s eficaz de introducir las chufas en zonas donde no se utilice mucho el grano, dado que a las carpas les cuesta mucho menos tiempo de ingerir y se puede mezclar pr\u00e1cticamente con todos los ingredientes.<\/p>\t\t\t\t\t\t\t\t<\/div>\n\t\t\t\t<\/div>\n\t\t\t\t\t<\/div>\n\t\t<\/div>\n\t\t\t\t\t<\/div>\n\t\t<\/section>\n\t\t\t\t<section class=\"elementor-section elementor-top-section elementor-element elementor-element-1cd80f0a elementor-section-boxed elementor-section-height-default elementor-section-height-default\" data-id=\"1cd80f0a\" data-element_type=\"section\" data-e-type=\"section\">\n\t\t\t\t\t\t<div class=\"elementor-container elementor-column-gap-default\">\n\t\t\t\t\t<div class=\"elementor-column elementor-col-100 elementor-top-column elementor-element elementor-element-43408a21\" data-id=\"43408a21\" data-element_type=\"column\" data-e-type=\"column\">\n\t\t\t<div class=\"elementor-widget-wrap elementor-element-populated\">\n\t\t\t\t\t\t<div class=\"elementor-element elementor-element-3836ba79 elementor-widget elementor-widget-image\" data-id=\"3836ba79\" data-element_type=\"widget\" data-e-type=\"widget\" data-widget_type=\"image.default\">\n\t\t\t\t<div class=\"elementor-widget-container\">\n\t\t\t\t\t\t\t\t\t\t\t\t\t\t\t<img decoding=\"async\" width=\"1168\" height=\"876\" src=\"https:\/\/www.carptigernuts.com\/wp-content\/uploads\/carps-caught-with-tigernuts-12.jpg\" class=\"attachment-full size-full wp-image-258\" alt=\"\" srcset=\"https:\/\/www.carptigernuts.com\/wp-content\/uploads\/carps-caught-with-tigernuts-12.jpg 1168w, https:\/\/www.carptigernuts.com\/wp-content\/uploads\/carps-caught-with-tigernuts-12-150x113.jpg 150w, https:\/\/www.carptigernuts.com\/wp-content\/uploads\/carps-caught-with-tigernuts-12-600x450.jpg 600w, https:\/\/www.carptigernuts.com\/wp-content\/uploads\/carps-caught-with-tigernuts-12-768x576.jpg 768w\" sizes=\"(max-width: 1168px) 100vw, 1168px\" \/>\t\t\t\t\t\t\t\t\t\t\t\t\t\t\t<\/div>\n\t\t\t\t<\/div>\n\t\t\t\t\t<\/div>\n\t\t<\/div>\n\t\t\t\t\t<\/div>\n\t\t<\/section>\n\t\t\t\t<\/div>\n\t\t","protected":false},"excerpt":{"rendered":"<p>Harina de chufas Este excepcional producto desarrollado tras largas investigaciones, debido a que no es f\u00e1cil realizar la molturaci\u00f3n de un producto con un nivel de grasa tan elevado sin alterar sus propiedades, se ha convertido en muy popular entre los pescadores que buscan dar una textura suave y cremosa a sus creaciones, aprovechando al [&hellip;]<\/p>\n","protected":false},"author":2,"featured_media":313,"parent":3473,"menu_order":0,"comment_status":"closed","ping_status":"closed","template":"","meta":{"site-sidebar-layout":"no-sidebar","site-content-layout":"page-builder","ast-site-content-layout":"default","site-content-style":"default","site-sidebar-style":"default","ast-global-header-display":"","ast-banner-title-visibility":"","ast-main-header-display":"","ast-hfb-above-header-display":"","ast-hfb-below-header-display":"","ast-hfb-mobile-header-display":"","site-post-title":"disabled","ast-breadcrumbs-content":"","ast-featured-img":"disabled","footer-sml-layout":"","ast-disable-related-posts":"","theme-transparent-header-meta":"default","adv-header-id-meta":"","stick-header-meta":"","header-above-stick-meta":"","header-main-stick-meta":"","header-below-stick-meta":"","astra-migrate-meta-layouts":"default","ast-page-background-enabled":"default","ast-page-background-meta":{"desktop":{"background-color":"","background-image":"","background-repeat":"repeat","background-position":"center center","background-size":"auto","background-attachment":"scroll","background-type":"","background-media":"","overlay-type":"","overlay-color":"","overlay-opacity":"","overlay-gradient":""},"tablet":{"background-color":"","background-image":"","background-repeat":"repeat","background-position":"center center","background-size":"auto","background-attachment":"scroll","background-type":"","background-media":"","overlay-type":"","overlay-color":"","overlay-opacity":"","overlay-gradient":""},"mobile":{"background-color":"","background-image":"","background-repeat":"repeat","background-position":"center center","background-size":"auto","background-attachment":"scroll","background-type":"","background-media":"","overlay-type":"","overlay-color":"","overlay-opacity":"","overlay-gradient":""}},"ast-content-background-meta":{"desktop":{"background-color":"var(--ast-global-color-5)","background-image":"","background-repeat":"repeat","background-position":"center center","background-size":"auto","background-attachment":"scroll","background-type":"","background-media":"","overlay-type":"","overlay-color":"","overlay-opacity":"","overlay-gradient":""},"tablet":{"background-color":"var(--ast-global-color-5)","background-image":"","background-repeat":"repeat","background-position":"center center","background-size":"auto","background-attachment":"scroll","background-type":"","background-media":"","overlay-type":"","overlay-color":"","overlay-opacity":"","overlay-gradient":""},"mobile":{"background-color":"var(--ast-global-color-5)","background-image":"","background-repeat":"repeat","background-position":"center center","background-size":"auto","background-attachment":"scroll","background-type":"","background-media":"","overlay-type":"","overlay-color":"","overlay-opacity":"","overlay-gradient":""}},"footnotes":""},"class_list":["post-3550","page","type-page","status-publish","has-post-thumbnail","hentry"],"yoast_head":"<!-- This site is optimized with the Yoast SEO plugin v27.3 - https:\/\/yoast.com\/product\/yoast-seo-wordpress\/ -->\n<title>Harina de chufas \u25b7 para la pesca de la carpa<\/title>\n<meta name=\"robots\" content=\"index, follow, max-snippet:-1, max-image-preview:large, max-video-preview:-1\" \/>\n<link rel=\"canonical\" href=\"https:\/\/www.carptigernuts.com\/es\/derivados-chufa\/harina-de-chufas\/\" \/>\n<meta property=\"og:locale\" content=\"es_ES\" \/>\n<meta property=\"og:type\" content=\"article\" \/>\n<meta property=\"og:title\" content=\"Harina de chufas \u25b7 para la pesca de la carpa\" \/>\n<meta property=\"og:description\" content=\"Harina de chufas Este excepcional producto desarrollado tras largas investigaciones, debido a que no es f\u00e1cil realizar la molturaci\u00f3n de un producto con un nivel de grasa tan elevado sin alterar sus propiedades, se ha convertido en muy popular entre los pescadores que buscan dar una textura suave y cremosa a sus creaciones, aprovechando al [&hellip;]\" \/>\n<meta property=\"og:url\" content=\"https:\/\/www.carptigernuts.com\/es\/derivados-chufa\/harina-de-chufas\/\" \/>\n<meta property=\"og:site_name\" content=\"CarpTigernuts.com\" \/>\n<meta property=\"article:modified_time\" content=\"2019-10-19T09:53:37+00:00\" \/>\n<meta property=\"og:image\" content=\"https:\/\/www.carptigernuts.com\/wp-content\/uploads\/tigernuts-derivatives-tigernuts-flour.jpg\" \/>\n\t<meta property=\"og:image:width\" content=\"1024\" \/>\n\t<meta property=\"og:image:height\" content=\"683\" \/>\n\t<meta property=\"og:image:type\" content=\"image\/jpeg\" \/>\n<meta name=\"twitter:card\" content=\"summary_large_image\" \/>\n<meta name=\"twitter:label1\" content=\"Tiempo de lectura\" \/>\n\t<meta name=\"twitter:data1\" content=\"1 minuto\" \/>\n<script type=\"application\/ld+json\" class=\"yoast-schema-graph\">{\"@context\":\"https:\\\/\\\/schema.org\",\"@graph\":[{\"@type\":\"WebPage\",\"@id\":\"https:\\\/\\\/www.carptigernuts.com\\\/es\\\/derivados-chufa\\\/harina-de-chufas\\\/\",\"url\":\"https:\\\/\\\/www.carptigernuts.com\\\/es\\\/derivados-chufa\\\/harina-de-chufas\\\/\",\"name\":\"Harina de chufas \u25b7 para la pesca de la carpa\",\"isPartOf\":{\"@id\":\"https:\\\/\\\/www.carptigernuts.com\\\/de\\\/#website\"},\"primaryImageOfPage\":{\"@id\":\"https:\\\/\\\/www.carptigernuts.com\\\/es\\\/derivados-chufa\\\/harina-de-chufas\\\/#primaryimage\"},\"image\":{\"@id\":\"https:\\\/\\\/www.carptigernuts.com\\\/es\\\/derivados-chufa\\\/harina-de-chufas\\\/#primaryimage\"},\"thumbnailUrl\":\"https:\\\/\\\/www.carptigernuts.com\\\/wp-content\\\/uploads\\\/tigernuts-derivatives-tigernuts-flour.jpg\",\"datePublished\":\"2019-10-18T14:51:52+00:00\",\"dateModified\":\"2019-10-19T09:53:37+00:00\",\"breadcrumb\":{\"@id\":\"https:\\\/\\\/www.carptigernuts.com\\\/es\\\/derivados-chufa\\\/harina-de-chufas\\\/#breadcrumb\"},\"inLanguage\":\"es\",\"potentialAction\":[{\"@type\":\"ReadAction\",\"target\":[\"https:\\\/\\\/www.carptigernuts.com\\\/es\\\/derivados-chufa\\\/harina-de-chufas\\\/\"]}]},{\"@type\":\"ImageObject\",\"inLanguage\":\"es\",\"@id\":\"https:\\\/\\\/www.carptigernuts.com\\\/es\\\/derivados-chufa\\\/harina-de-chufas\\\/#primaryimage\",\"url\":\"https:\\\/\\\/www.carptigernuts.com\\\/wp-content\\\/uploads\\\/tigernuts-derivatives-tigernuts-flour.jpg\",\"contentUrl\":\"https:\\\/\\\/www.carptigernuts.com\\\/wp-content\\\/uploads\\\/tigernuts-derivatives-tigernuts-flour.jpg\",\"width\":1024,\"height\":683},{\"@type\":\"BreadcrumbList\",\"@id\":\"https:\\\/\\\/www.carptigernuts.com\\\/es\\\/derivados-chufa\\\/harina-de-chufas\\\/#breadcrumb\",\"itemListElement\":[{\"@type\":\"ListItem\",\"position\":1,\"name\":\"Home\",\"item\":\"https:\\\/\\\/www.carptigernuts.com\\\/es\\\/\"},{\"@type\":\"ListItem\",\"position\":2,\"name\":\"Derivados chufa\",\"item\":\"https:\\\/\\\/www.carptigernuts.com\\\/es\\\/derivados-chufa\\\/\"},{\"@type\":\"ListItem\",\"position\":3,\"name\":\"Harina de chufas\"}]},{\"@type\":\"WebSite\",\"@id\":\"https:\\\/\\\/www.carptigernuts.com\\\/de\\\/#website\",\"url\":\"https:\\\/\\\/www.carptigernuts.com\\\/de\\\/\",\"name\":\"CarpTigernuts.com\",\"description\":\"The tigernut: The king of the particles\",\"publisher\":{\"@id\":\"https:\\\/\\\/www.carptigernuts.com\\\/de\\\/#organization\"},\"potentialAction\":[{\"@type\":\"SearchAction\",\"target\":{\"@type\":\"EntryPoint\",\"urlTemplate\":\"https:\\\/\\\/www.carptigernuts.com\\\/de\\\/?s={search_term_string}\"},\"query-input\":{\"@type\":\"PropertyValueSpecification\",\"valueRequired\":true,\"valueName\":\"search_term_string\"}}],\"inLanguage\":\"es\"},{\"@type\":\"Organization\",\"@id\":\"https:\\\/\\\/www.carptigernuts.com\\\/de\\\/#organization\",\"name\":\"CarpTigernuts.com\",\"url\":\"https:\\\/\\\/www.carptigernuts.com\\\/de\\\/\",\"logo\":{\"@type\":\"ImageObject\",\"inLanguage\":\"es\",\"@id\":\"https:\\\/\\\/www.carptigernuts.com\\\/de\\\/#\\\/schema\\\/logo\\\/image\\\/\",\"url\":\"https:\\\/\\\/www.carptigernuts.com\\\/wp-content\\\/uploads\\\/carptigernuts-logo.png\",\"contentUrl\":\"https:\\\/\\\/www.carptigernuts.com\\\/wp-content\\\/uploads\\\/carptigernuts-logo.png\",\"width\":291,\"height\":150,\"caption\":\"CarpTigernuts.com\"},\"image\":{\"@id\":\"https:\\\/\\\/www.carptigernuts.com\\\/de\\\/#\\\/schema\\\/logo\\\/image\\\/\"}}]}<\/script>\n<!-- \/ Yoast SEO plugin. -->","yoast_head_json":{"title":"Harina de chufas \u25b7 para la pesca de la carpa","robots":{"index":"index","follow":"follow","max-snippet":"max-snippet:-1","max-image-preview":"max-image-preview:large","max-video-preview":"max-video-preview:-1"},"canonical":"https:\/\/www.carptigernuts.com\/es\/derivados-chufa\/harina-de-chufas\/","og_locale":"es_ES","og_type":"article","og_title":"Harina de chufas \u25b7 para la pesca de la carpa","og_description":"Harina de chufas Este excepcional producto desarrollado tras largas investigaciones, debido a que no es f\u00e1cil realizar la molturaci\u00f3n de un producto con un nivel de grasa tan elevado sin alterar sus propiedades, se ha convertido en muy popular entre los pescadores que buscan dar una textura suave y cremosa a sus creaciones, aprovechando al [&hellip;]","og_url":"https:\/\/www.carptigernuts.com\/es\/derivados-chufa\/harina-de-chufas\/","og_site_name":"CarpTigernuts.com","article_modified_time":"2019-10-19T09:53:37+00:00","og_image":[{"width":1024,"height":683,"url":"https:\/\/www.carptigernuts.com\/wp-content\/uploads\/tigernuts-derivatives-tigernuts-flour.jpg","type":"image\/jpeg"}],"twitter_card":"summary_large_image","twitter_misc":{"Tiempo de lectura":"1 minuto"},"schema":{"@context":"https:\/\/schema.org","@graph":[{"@type":"WebPage","@id":"https:\/\/www.carptigernuts.com\/es\/derivados-chufa\/harina-de-chufas\/","url":"https:\/\/www.carptigernuts.com\/es\/derivados-chufa\/harina-de-chufas\/","name":"Harina de chufas \u25b7 para la pesca de la carpa","isPartOf":{"@id":"https:\/\/www.carptigernuts.com\/de\/#website"},"primaryImageOfPage":{"@id":"https:\/\/www.carptigernuts.com\/es\/derivados-chufa\/harina-de-chufas\/#primaryimage"},"image":{"@id":"https:\/\/www.carptigernuts.com\/es\/derivados-chufa\/harina-de-chufas\/#primaryimage"},"thumbnailUrl":"https:\/\/www.carptigernuts.com\/wp-content\/uploads\/tigernuts-derivatives-tigernuts-flour.jpg","datePublished":"2019-10-18T14:51:52+00:00","dateModified":"2019-10-19T09:53:37+00:00","breadcrumb":{"@id":"https:\/\/www.carptigernuts.com\/es\/derivados-chufa\/harina-de-chufas\/#breadcrumb"},"inLanguage":"es","potentialAction":[{"@type":"ReadAction","target":["https:\/\/www.carptigernuts.com\/es\/derivados-chufa\/harina-de-chufas\/"]}]},{"@type":"ImageObject","inLanguage":"es","@id":"https:\/\/www.carptigernuts.com\/es\/derivados-chufa\/harina-de-chufas\/#primaryimage","url":"https:\/\/www.carptigernuts.com\/wp-content\/uploads\/tigernuts-derivatives-tigernuts-flour.jpg","contentUrl":"https:\/\/www.carptigernuts.com\/wp-content\/uploads\/tigernuts-derivatives-tigernuts-flour.jpg","width":1024,"height":683},{"@type":"BreadcrumbList","@id":"https:\/\/www.carptigernuts.com\/es\/derivados-chufa\/harina-de-chufas\/#breadcrumb","itemListElement":[{"@type":"ListItem","position":1,"name":"Home","item":"https:\/\/www.carptigernuts.com\/es\/"},{"@type":"ListItem","position":2,"name":"Derivados chufa","item":"https:\/\/www.carptigernuts.com\/es\/derivados-chufa\/"},{"@type":"ListItem","position":3,"name":"Harina de chufas"}]},{"@type":"WebSite","@id":"https:\/\/www.carptigernuts.com\/de\/#website","url":"https:\/\/www.carptigernuts.com\/de\/","name":"CarpTigernuts.com","description":"The tigernut: The king of the particles","publisher":{"@id":"https:\/\/www.carptigernuts.com\/de\/#organization"},"potentialAction":[{"@type":"SearchAction","target":{"@type":"EntryPoint","urlTemplate":"https:\/\/www.carptigernuts.com\/de\/?s={search_term_string}"},"query-input":{"@type":"PropertyValueSpecification","valueRequired":true,"valueName":"search_term_string"}}],"inLanguage":"es"},{"@type":"Organization","@id":"https:\/\/www.carptigernuts.com\/de\/#organization","name":"CarpTigernuts.com","url":"https:\/\/www.carptigernuts.com\/de\/","logo":{"@type":"ImageObject","inLanguage":"es","@id":"https:\/\/www.carptigernuts.com\/de\/#\/schema\/logo\/image\/","url":"https:\/\/www.carptigernuts.com\/wp-content\/uploads\/carptigernuts-logo.png","contentUrl":"https:\/\/www.carptigernuts.com\/wp-content\/uploads\/carptigernuts-logo.png","width":291,"height":150,"caption":"CarpTigernuts.com"},"image":{"@id":"https:\/\/www.carptigernuts.com\/de\/#\/schema\/logo\/image\/"}}]}},"jetpack_sharing_enabled":true,"_links":{"self":[{"href":"https:\/\/www.carptigernuts.com\/es\/wp-json\/wp\/v2\/pages\/3550","targetHints":{"allow":["GET"]}}],"collection":[{"href":"https:\/\/www.carptigernuts.com\/es\/wp-json\/wp\/v2\/pages"}],"about":[{"href":"https:\/\/www.carptigernuts.com\/es\/wp-json\/wp\/v2\/types\/page"}],"author":[{"embeddable":true,"href":"https:\/\/www.carptigernuts.com\/es\/wp-json\/wp\/v2\/users\/2"}],"replies":[{"embeddable":true,"href":"https:\/\/www.carptigernuts.com\/es\/wp-json\/wp\/v2\/comments?post=3550"}],"version-history":[{"count":2,"href":"https:\/\/www.carptigernuts.com\/es\/wp-json\/wp\/v2\/pages\/3550\/revisions"}],"predecessor-version":[{"id":3552,"href":"https:\/\/www.carptigernuts.com\/es\/wp-json\/wp\/v2\/pages\/3550\/revisions\/3552"}],"up":[{"embeddable":true,"href":"https:\/\/www.carptigernuts.com\/es\/wp-json\/wp\/v2\/pages\/3473"}],"wp:featuredmedia":[{"embeddable":true,"href":"https:\/\/www.carptigernuts.com\/es\/wp-json\/wp\/v2\/media\/313"}],"wp:attachment":[{"href":"https:\/\/www.carptigernuts.com\/es\/wp-json\/wp\/v2\/media?parent=3550"}],"curies":[{"name":"wp","href":"https:\/\/api.w.org\/{rel}","templated":true}]}}