{"id":3454,"date":"2019-10-18T16:18:48","date_gmt":"2019-10-18T14:18:48","guid":{"rendered":"https:\/\/www.carptigernuts.com\/?page_id=3454"},"modified":"2019-10-19T11:53:39","modified_gmt":"2019-10-19T09:53:39","slug":"granos","status":"publish","type":"page","link":"https:\/\/www.carptigernuts.com\/es\/granos\/","title":{"rendered":"Granos"},"content":{"rendered":"\t\t<div data-elementor-type=\"wp-page\" data-elementor-id=\"3454\" class=\"elementor elementor-3454 elementor-347\" data-elementor-post-type=\"page\">\n\t\t\t\t\t\t<section class=\"elementor-section elementor-top-section elementor-element elementor-element-7c392891 elementor-section-boxed elementor-section-height-default elementor-section-height-default\" data-id=\"7c392891\" data-element_type=\"section\" data-e-type=\"section\">\n\t\t\t\t\t\t<div class=\"elementor-container elementor-column-gap-default\">\n\t\t\t\t\t<div class=\"elementor-column elementor-col-100 elementor-top-column elementor-element elementor-element-6aa82aca\" data-id=\"6aa82aca\" data-element_type=\"column\" data-e-type=\"column\">\n\t\t\t<div class=\"elementor-widget-wrap elementor-element-populated\">\n\t\t\t\t\t\t<div class=\"elementor-element elementor-element-6921a4be elementor-widget elementor-widget-heading\" data-id=\"6921a4be\" data-element_type=\"widget\" data-e-type=\"widget\" data-widget_type=\"heading.default\">\n\t\t\t\t<div class=\"elementor-widget-container\">\n\t\t\t\t\t<h2 class=\"elementor-heading-title elementor-size-default\">Granos<\/h2>\t\t\t\t<\/div>\n\t\t\t\t<\/div>\n\t\t\t\t\t<\/div>\n\t\t<\/div>\n\t\t\t\t\t<\/div>\n\t\t<\/section>\n\t\t\t\t<section class=\"elementor-section elementor-top-section elementor-element elementor-element-17be4e03 elementor-section-boxed elementor-section-height-default elementor-section-height-default\" data-id=\"17be4e03\" data-element_type=\"section\" data-e-type=\"section\" data-settings=\"{&quot;background_background&quot;:&quot;classic&quot;}\">\n\t\t\t\t\t\t<div class=\"elementor-container elementor-column-gap-default\">\n\t\t\t\t\t<div class=\"elementor-column elementor-col-100 elementor-top-column elementor-element elementor-element-1d1b94ff\" data-id=\"1d1b94ff\" data-element_type=\"column\" data-e-type=\"column\">\n\t\t\t<div class=\"elementor-widget-wrap elementor-element-populated\">\n\t\t\t\t\t\t<div class=\"elementor-element elementor-element-5afd9244 elementor-posts--align-center elementor-grid-4 elementor-grid-tablet-2 elementor-grid-mobile-1 elementor-posts--thumbnail-top elementor-widget elementor-widget-posts\" data-id=\"5afd9244\" data-element_type=\"widget\" data-e-type=\"widget\" data-settings=\"{&quot;classic_columns&quot;:&quot;4&quot;,&quot;classic_columns_tablet&quot;:&quot;2&quot;,&quot;classic_columns_mobile&quot;:&quot;1&quot;,&quot;classic_row_gap&quot;:{&quot;unit&quot;:&quot;px&quot;,&quot;size&quot;:35,&quot;sizes&quot;:[]},&quot;classic_row_gap_tablet&quot;:{&quot;unit&quot;:&quot;px&quot;,&quot;size&quot;:&quot;&quot;,&quot;sizes&quot;:[]},&quot;classic_row_gap_mobile&quot;:{&quot;unit&quot;:&quot;px&quot;,&quot;size&quot;:&quot;&quot;,&quot;sizes&quot;:[]}}\" data-widget_type=\"posts.classic\">\n\t\t\t\t<div class=\"elementor-widget-container\">\n\t\t\t\t\t\t\t<div class=\"elementor-posts-container elementor-posts elementor-posts--skin-classic elementor-grid\" role=\"list\">\n\t\t\t\t<article class=\"elementor-post elementor-grid-item post-3607 page type-page status-publish has-post-thumbnail hentry\" role=\"listitem\">\n\t\t\t\t<a class=\"elementor-post__thumbnail__link\" href=\"https:\/\/www.carptigernuts.com\/es\/granos\/habas\/\" tabindex=\"-1\" >\n\t\t\t<div class=\"elementor-post__thumbnail\"><img fetchpriority=\"high\" decoding=\"async\" width=\"768\" height=\"512\" src=\"https:\/\/www.carptigernuts.com\/wp-content\/uploads\/particles-broad-beans-768x512.jpg\" class=\"attachment-medium_large size-medium_large wp-image-390\" alt=\"\" srcset=\"https:\/\/www.carptigernuts.com\/wp-content\/uploads\/particles-broad-beans-768x512.jpg 768w, https:\/\/www.carptigernuts.com\/wp-content\/uploads\/particles-broad-beans-150x100.jpg 150w, https:\/\/www.carptigernuts.com\/wp-content\/uploads\/particles-broad-beans-600x400.jpg 600w, https:\/\/www.carptigernuts.com\/wp-content\/uploads\/particles-broad-beans.jpg 1024w\" sizes=\"(max-width: 768px) 100vw, 768px\" \/><\/div>\n\t\t<\/a>\n\t\t\t\t<div class=\"elementor-post__text\">\n\t\t\t\t<h2 class=\"elementor-post__title\">\n\t\t\t<a href=\"https:\/\/www.carptigernuts.com\/es\/granos\/habas\/\" >\n\t\t\t\tHabas\t\t\t<\/a>\n\t\t<\/h2>\n\t\t\n\t\t<a class=\"elementor-post__read-more\" href=\"https:\/\/www.carptigernuts.com\/es\/granos\/habas\/\" aria-label=\"M\u00e1s informaci\u00f3n sobre Habas\" tabindex=\"-1\" >\n\t\t\tLEER M\u00c1S \u00bb\t\t<\/a>\n\n\t\t\t\t<\/div>\n\t\t\t\t<\/article>\n\t\t\t\t<article class=\"elementor-post elementor-grid-item post-3624 page type-page status-publish has-post-thumbnail hentry\" role=\"listitem\">\n\t\t\t\t<a class=\"elementor-post__thumbnail__link\" href=\"https:\/\/www.carptigernuts.com\/es\/granos\/cacahuete\/\" tabindex=\"-1\" >\n\t\t\t<div class=\"elementor-post__thumbnail\"><img decoding=\"async\" width=\"768\" height=\"512\" src=\"https:\/\/www.carptigernuts.com\/wp-content\/uploads\/particles-peanuts-768x512.jpg\" class=\"attachment-medium_large size-medium_large wp-image-404\" alt=\"\" srcset=\"https:\/\/www.carptigernuts.com\/wp-content\/uploads\/particles-peanuts-768x512.jpg 768w, https:\/\/www.carptigernuts.com\/wp-content\/uploads\/particles-peanuts-150x100.jpg 150w, https:\/\/www.carptigernuts.com\/wp-content\/uploads\/particles-peanuts-600x400.jpg 600w, https:\/\/www.carptigernuts.com\/wp-content\/uploads\/particles-peanuts.jpg 1024w\" sizes=\"(max-width: 768px) 100vw, 768px\" \/><\/div>\n\t\t<\/a>\n\t\t\t\t<div class=\"elementor-post__text\">\n\t\t\t\t<h2 class=\"elementor-post__title\">\n\t\t\t<a href=\"https:\/\/www.carptigernuts.com\/es\/granos\/cacahuete\/\" >\n\t\t\t\tCacahuete\t\t\t<\/a>\n\t\t<\/h2>\n\t\t\n\t\t<a class=\"elementor-post__read-more\" href=\"https:\/\/www.carptigernuts.com\/es\/granos\/cacahuete\/\" aria-label=\"M\u00e1s informaci\u00f3n sobre Cacahuete\" tabindex=\"-1\" >\n\t\t\tLEER M\u00c1S \u00bb\t\t<\/a>\n\n\t\t\t\t<\/div>\n\t\t\t\t<\/article>\n\t\t\t\t<article class=\"elementor-post elementor-grid-item post-3661 page type-page status-publish has-post-thumbnail hentry\" role=\"listitem\">\n\t\t\t\t<a class=\"elementor-post__thumbnail__link\" href=\"https:\/\/www.carptigernuts.com\/es\/granos\/guisante-rojo\/\" tabindex=\"-1\" >\n\t\t\t<div class=\"elementor-post__thumbnail\"><img decoding=\"async\" width=\"768\" height=\"512\" src=\"https:\/\/www.carptigernuts.com\/wp-content\/uploads\/particles-mapple-peas-768x512.jpg\" class=\"attachment-medium_large size-medium_large wp-image-418\" alt=\"Mapple Peas for Carp Fishing\" srcset=\"https:\/\/www.carptigernuts.com\/wp-content\/uploads\/particles-mapple-peas-768x512.jpg 768w, https:\/\/www.carptigernuts.com\/wp-content\/uploads\/particles-mapple-peas-150x100.jpg 150w, https:\/\/www.carptigernuts.com\/wp-content\/uploads\/particles-mapple-peas-600x400.jpg 600w, https:\/\/www.carptigernuts.com\/wp-content\/uploads\/particles-mapple-peas.jpg 1024w\" sizes=\"(max-width: 768px) 100vw, 768px\" \/><\/div>\n\t\t<\/a>\n\t\t\t\t<div class=\"elementor-post__text\">\n\t\t\t\t<h2 class=\"elementor-post__title\">\n\t\t\t<a href=\"https:\/\/www.carptigernuts.com\/es\/granos\/guisante-rojo\/\" >\n\t\t\t\tGuisante rojo\t\t\t<\/a>\n\t\t<\/h2>\n\t\t\n\t\t<a class=\"elementor-post__read-more\" href=\"https:\/\/www.carptigernuts.com\/es\/granos\/guisante-rojo\/\" aria-label=\"M\u00e1s informaci\u00f3n sobre Guisante rojo\" tabindex=\"-1\" >\n\t\t\tLEER M\u00c1S \u00bb\t\t<\/a>\n\n\t\t\t\t<\/div>\n\t\t\t\t<\/article>\n\t\t\t\t<article class=\"elementor-post elementor-grid-item post-3670 page type-page status-publish has-post-thumbnail hentry\" role=\"listitem\">\n\t\t\t\t<a class=\"elementor-post__thumbnail__link\" href=\"https:\/\/www.carptigernuts.com\/es\/granos\/maiz\/\" tabindex=\"-1\" >\n\t\t\t<div class=\"elementor-post__thumbnail\"><img loading=\"lazy\" decoding=\"async\" width=\"768\" height=\"512\" src=\"https:\/\/www.carptigernuts.com\/wp-content\/uploads\/particles-maize-768x512.jpg\" class=\"attachment-medium_large size-medium_large wp-image-362\" alt=\"\" srcset=\"https:\/\/www.carptigernuts.com\/wp-content\/uploads\/particles-maize-768x512.jpg 768w, https:\/\/www.carptigernuts.com\/wp-content\/uploads\/particles-maize-150x100.jpg 150w, https:\/\/www.carptigernuts.com\/wp-content\/uploads\/particles-maize-600x400.jpg 600w, https:\/\/www.carptigernuts.com\/wp-content\/uploads\/particles-maize.jpg 1024w\" sizes=\"(max-width: 768px) 100vw, 768px\" \/><\/div>\n\t\t<\/a>\n\t\t\t\t<div class=\"elementor-post__text\">\n\t\t\t\t<h2 class=\"elementor-post__title\">\n\t\t\t<a href=\"https:\/\/www.carptigernuts.com\/es\/granos\/maiz\/\" >\n\t\t\t\tMa\u00edz\t\t\t<\/a>\n\t\t<\/h2>\n\t\t\n\t\t<a class=\"elementor-post__read-more\" href=\"https:\/\/www.carptigernuts.com\/es\/granos\/maiz\/\" aria-label=\"M\u00e1s informaci\u00f3n sobre Ma\u00edz\" tabindex=\"-1\" >\n\t\t\tLEER M\u00c1S \u00bb\t\t<\/a>\n\n\t\t\t\t<\/div>\n\t\t\t\t<\/article>\n\t\t\t\t<article class=\"elementor-post elementor-grid-item post-3679 page type-page status-publish has-post-thumbnail hentry\" role=\"listitem\">\n\t\t\t\t<a class=\"elementor-post__thumbnail__link\" href=\"https:\/\/www.carptigernuts.com\/es\/granos\/altramuz\/\" tabindex=\"-1\" >\n\t\t\t<div class=\"elementor-post__thumbnail\"><img loading=\"lazy\" decoding=\"async\" width=\"768\" height=\"512\" src=\"https:\/\/www.carptigernuts.com\/wp-content\/uploads\/particles-lupin-768x512.jpg\" class=\"attachment-medium_large size-medium_large wp-image-411\" alt=\"\" srcset=\"https:\/\/www.carptigernuts.com\/wp-content\/uploads\/particles-lupin-768x512.jpg 768w, https:\/\/www.carptigernuts.com\/wp-content\/uploads\/particles-lupin-150x100.jpg 150w, https:\/\/www.carptigernuts.com\/wp-content\/uploads\/particles-lupin-600x400.jpg 600w, https:\/\/www.carptigernuts.com\/wp-content\/uploads\/particles-lupin.jpg 1024w\" sizes=\"(max-width: 768px) 100vw, 768px\" \/><\/div>\n\t\t<\/a>\n\t\t\t\t<div class=\"elementor-post__text\">\n\t\t\t\t<h2 class=\"elementor-post__title\">\n\t\t\t<a href=\"https:\/\/www.carptigernuts.com\/es\/granos\/altramuz\/\" >\n\t\t\t\tAltramuz\t\t\t<\/a>\n\t\t<\/h2>\n\t\t\n\t\t<a class=\"elementor-post__read-more\" href=\"https:\/\/www.carptigernuts.com\/es\/granos\/altramuz\/\" aria-label=\"M\u00e1s informaci\u00f3n sobre Altramuz\" tabindex=\"-1\" >\n\t\t\tLEER M\u00c1S \u00bb\t\t<\/a>\n\n\t\t\t\t<\/div>\n\t\t\t\t<\/article>\n\t\t\t\t<article class=\"elementor-post elementor-grid-item post-3689 page type-page status-publish has-post-thumbnail hentry\" role=\"listitem\">\n\t\t\t\t<a class=\"elementor-post__thumbnail__link\" href=\"https:\/\/www.carptigernuts.com\/es\/granos\/canamo\/\" tabindex=\"-1\" >\n\t\t\t<div class=\"elementor-post__thumbnail\"><img loading=\"lazy\" decoding=\"async\" width=\"768\" height=\"512\" src=\"https:\/\/www.carptigernuts.com\/wp-content\/uploads\/particles-hemp-768x512.jpg\" class=\"attachment-medium_large size-medium_large wp-image-425\" alt=\"\" srcset=\"https:\/\/www.carptigernuts.com\/wp-content\/uploads\/particles-hemp-768x512.jpg 768w, https:\/\/www.carptigernuts.com\/wp-content\/uploads\/particles-hemp-150x100.jpg 150w, https:\/\/www.carptigernuts.com\/wp-content\/uploads\/particles-hemp-600x400.jpg 600w, https:\/\/www.carptigernuts.com\/wp-content\/uploads\/particles-hemp.jpg 1024w\" sizes=\"(max-width: 768px) 100vw, 768px\" \/><\/div>\n\t\t<\/a>\n\t\t\t\t<div class=\"elementor-post__text\">\n\t\t\t\t<h2 class=\"elementor-post__title\">\n\t\t\t<a href=\"https:\/\/www.carptigernuts.com\/es\/granos\/canamo\/\" >\n\t\t\t\tC\u00e1\u00f1amo\t\t\t<\/a>\n\t\t<\/h2>\n\t\t\n\t\t<a class=\"elementor-post__read-more\" href=\"https:\/\/www.carptigernuts.com\/es\/granos\/canamo\/\" aria-label=\"M\u00e1s informaci\u00f3n sobre C\u00e1\u00f1amo\" tabindex=\"-1\" >\n\t\t\tLEER M\u00c1S \u00bb\t\t<\/a>\n\n\t\t\t\t<\/div>\n\t\t\t\t<\/article>\n\t\t\t\t<article class=\"elementor-post elementor-grid-item post-3698 page type-page status-publish has-post-thumbnail hentry\" role=\"listitem\">\n\t\t\t\t<a class=\"elementor-post__thumbnail__link\" href=\"https:\/\/www.carptigernuts.com\/es\/granos\/maiz-gigante\/\" tabindex=\"-1\" >\n\t\t\t<div class=\"elementor-post__thumbnail\"><img loading=\"lazy\" decoding=\"async\" width=\"700\" height=\"460\" src=\"https:\/\/www.carptigernuts.com\/wp-content\/uploads\/particles-giant-maize.jpg\" class=\"attachment-medium_large size-medium_large wp-image-354\" alt=\"\" srcset=\"https:\/\/www.carptigernuts.com\/wp-content\/uploads\/particles-giant-maize.jpg 700w, https:\/\/www.carptigernuts.com\/wp-content\/uploads\/particles-giant-maize-150x99.jpg 150w, https:\/\/www.carptigernuts.com\/wp-content\/uploads\/particles-giant-maize-600x394.jpg 600w\" sizes=\"(max-width: 700px) 100vw, 700px\" \/><\/div>\n\t\t<\/a>\n\t\t\t\t<div class=\"elementor-post__text\">\n\t\t\t\t<h2 class=\"elementor-post__title\">\n\t\t\t<a href=\"https:\/\/www.carptigernuts.com\/es\/granos\/maiz-gigante\/\" >\n\t\t\t\tMa\u00edz gigante\t\t\t<\/a>\n\t\t<\/h2>\n\t\t\n\t\t<a class=\"elementor-post__read-more\" href=\"https:\/\/www.carptigernuts.com\/es\/granos\/maiz-gigante\/\" aria-label=\"M\u00e1s informaci\u00f3n sobre Ma\u00edz gigante\" tabindex=\"-1\" >\n\t\t\tLEER M\u00c1S \u00bb\t\t<\/a>\n\n\t\t\t\t<\/div>\n\t\t\t\t<\/article>\n\t\t\t\t<article class=\"elementor-post elementor-grid-item post-3707 page type-page status-publish has-post-thumbnail hentry\" role=\"listitem\">\n\t\t\t\t<a class=\"elementor-post__thumbnail__link\" href=\"https:\/\/www.carptigernuts.com\/es\/granos\/garbanzo\/\" tabindex=\"-1\" >\n\t\t\t<div class=\"elementor-post__thumbnail\"><img loading=\"lazy\" decoding=\"async\" width=\"768\" height=\"512\" src=\"https:\/\/www.carptigernuts.com\/wp-content\/uploads\/particles-chickpeas-768x512.jpg\" class=\"attachment-medium_large size-medium_large wp-image-397\" alt=\"\" srcset=\"https:\/\/www.carptigernuts.com\/wp-content\/uploads\/particles-chickpeas-768x512.jpg 768w, https:\/\/www.carptigernuts.com\/wp-content\/uploads\/particles-chickpeas-150x100.jpg 150w, https:\/\/www.carptigernuts.com\/wp-content\/uploads\/particles-chickpeas-600x400.jpg 600w, https:\/\/www.carptigernuts.com\/wp-content\/uploads\/particles-chickpeas.jpg 1024w\" sizes=\"(max-width: 768px) 100vw, 768px\" \/><\/div>\n\t\t<\/a>\n\t\t\t\t<div class=\"elementor-post__text\">\n\t\t\t\t<h2 class=\"elementor-post__title\">\n\t\t\t<a href=\"https:\/\/www.carptigernuts.com\/es\/granos\/garbanzo\/\" >\n\t\t\t\tGarbanzo\t\t\t<\/a>\n\t\t<\/h2>\n\t\t\n\t\t<a class=\"elementor-post__read-more\" href=\"https:\/\/www.carptigernuts.com\/es\/granos\/garbanzo\/\" aria-label=\"M\u00e1s informaci\u00f3n sobre Garbanzo\" tabindex=\"-1\" >\n\t\t\tLEER M\u00c1S \u00bb\t\t<\/a>\n\n\t\t\t\t<\/div>\n\t\t\t\t<\/article>\n\t\t\t\t<\/div>\n\t\t\n\t\t\t\t\t\t<\/div>\n\t\t\t\t<\/div>\n\t\t\t\t\t<\/div>\n\t\t<\/div>\n\t\t\t\t\t<\/div>\n\t\t<\/section>\n\t\t\t\t<\/div>\n\t\t","protected":false},"excerpt":{"rendered":"<p>Granos<\/p>\n","protected":false},"author":2,"featured_media":0,"parent":0,"menu_order":0,"comment_status":"closed","ping_status":"closed","template":"","meta":{"site-sidebar-layout":"no-sidebar","site-content-layout":"page-builder","ast-site-content-layout":"default","site-content-style":"default","site-sidebar-style":"default","ast-global-header-display":"","ast-banner-title-visibility":"","ast-main-header-display":"","ast-hfb-above-header-display":"","ast-hfb-below-header-display":"","ast-hfb-mobile-header-display":"","site-post-title":"disabled","ast-breadcrumbs-content":"","ast-featured-img":"disabled","footer-sml-layout":"","ast-disable-related-posts":"","theme-transparent-header-meta":"default","adv-header-id-meta":"","stick-header-meta":"","header-above-stick-meta":"","header-main-stick-meta":"","header-below-stick-meta":"","astra-migrate-meta-layouts":"default","ast-page-background-enabled":"default","ast-page-background-meta":{"desktop":{"background-color":"","background-image":"","background-repeat":"repeat","background-position":"center center","background-size":"auto","background-attachment":"scroll","background-type":"","background-media":"","overlay-type":"","overlay-color":"","overlay-opacity":"","overlay-gradient":""},"tablet":{"background-color":"","background-image":"","background-repeat":"repeat","background-position":"center center","background-size":"auto","background-attachment":"scroll","background-type":"","background-media":"","overlay-type":"","overlay-color":"","overlay-opacity":"","overlay-gradient":""},"mobile":{"background-color":"","background-image":"","background-repeat":"repeat","background-position":"center center","background-size":"auto","background-attachment":"scroll","background-type":"","background-media":"","overlay-type":"","overlay-color":"","overlay-opacity":"","overlay-gradient":""}},"ast-content-background-meta":{"desktop":{"background-color":"var(--ast-global-color-5)","background-image":"","background-repeat":"repeat","background-position":"center center","background-size":"auto","background-attachment":"scroll","background-type":"","background-media":"","overlay-type":"","overlay-color":"","overlay-opacity":"","overlay-gradient":""},"tablet":{"background-color":"var(--ast-global-color-5)","background-image":"","background-repeat":"repeat","background-position":"center center","background-size":"auto","background-attachment":"scroll","background-type":"","background-media":"","overlay-type":"","overlay-color":"","overlay-opacity":"","overlay-gradient":""},"mobile":{"background-color":"var(--ast-global-color-5)","background-image":"","background-repeat":"repeat","background-position":"center center","background-size":"auto","background-attachment":"scroll","background-type":"","background-media":"","overlay-type":"","overlay-color":"","overlay-opacity":"","overlay-gradient":""}},"footnotes":""},"class_list":["post-3454","page","type-page","status-publish","hentry"],"yoast_head":"<!-- This site is optimized with the Yoast SEO plugin v27.3 - https:\/\/yoast.com\/product\/yoast-seo-wordpress\/ -->\n<title>Granos \u25b7 para la pesca de la carpa<\/title>\n<meta name=\"robots\" content=\"index, follow, max-snippet:-1, max-image-preview:large, max-video-preview:-1\" \/>\n<link rel=\"canonical\" href=\"https:\/\/www.carptigernuts.com\/es\/granos\/\" \/>\n<meta property=\"og:locale\" content=\"es_ES\" \/>\n<meta property=\"og:type\" content=\"article\" \/>\n<meta property=\"og:title\" content=\"Granos \u25b7 para la pesca de la carpa\" \/>\n<meta property=\"og:description\" content=\"Granos\" \/>\n<meta property=\"og:url\" content=\"https:\/\/www.carptigernuts.com\/es\/granos\/\" \/>\n<meta property=\"og:site_name\" content=\"CarpTigernuts.com\" \/>\n<meta property=\"article:modified_time\" content=\"2019-10-19T09:53:39+00:00\" \/>\n<meta name=\"twitter:card\" content=\"summary_large_image\" \/>\n<script type=\"application\/ld+json\" class=\"yoast-schema-graph\">{\"@context\":\"https:\\\/\\\/schema.org\",\"@graph\":[{\"@type\":\"WebPage\",\"@id\":\"https:\\\/\\\/www.carptigernuts.com\\\/es\\\/granos\\\/\",\"url\":\"https:\\\/\\\/www.carptigernuts.com\\\/es\\\/granos\\\/\",\"name\":\"Granos \u25b7 para la pesca de la carpa\",\"isPartOf\":{\"@id\":\"https:\\\/\\\/www.carptigernuts.com\\\/de\\\/#website\"},\"datePublished\":\"2019-10-18T14:18:48+00:00\",\"dateModified\":\"2019-10-19T09:53:39+00:00\",\"breadcrumb\":{\"@id\":\"https:\\\/\\\/www.carptigernuts.com\\\/es\\\/granos\\\/#breadcrumb\"},\"inLanguage\":\"es\",\"potentialAction\":[{\"@type\":\"ReadAction\",\"target\":[\"https:\\\/\\\/www.carptigernuts.com\\\/es\\\/granos\\\/\"]}]},{\"@type\":\"BreadcrumbList\",\"@id\":\"https:\\\/\\\/www.carptigernuts.com\\\/es\\\/granos\\\/#breadcrumb\",\"itemListElement\":[{\"@type\":\"ListItem\",\"position\":1,\"name\":\"Home\",\"item\":\"https:\\\/\\\/www.carptigernuts.com\\\/es\\\/\"},{\"@type\":\"ListItem\",\"position\":2,\"name\":\"Granos\"}]},{\"@type\":\"WebSite\",\"@id\":\"https:\\\/\\\/www.carptigernuts.com\\\/de\\\/#website\",\"url\":\"https:\\\/\\\/www.carptigernuts.com\\\/de\\\/\",\"name\":\"CarpTigernuts.com\",\"description\":\"The tigernut: The king of the particles\",\"publisher\":{\"@id\":\"https:\\\/\\\/www.carptigernuts.com\\\/de\\\/#organization\"},\"potentialAction\":[{\"@type\":\"SearchAction\",\"target\":{\"@type\":\"EntryPoint\",\"urlTemplate\":\"https:\\\/\\\/www.carptigernuts.com\\\/de\\\/?s={search_term_string}\"},\"query-input\":{\"@type\":\"PropertyValueSpecification\",\"valueRequired\":true,\"valueName\":\"search_term_string\"}}],\"inLanguage\":\"es\"},{\"@type\":\"Organization\",\"@id\":\"https:\\\/\\\/www.carptigernuts.com\\\/de\\\/#organization\",\"name\":\"CarpTigernuts.com\",\"url\":\"https:\\\/\\\/www.carptigernuts.com\\\/de\\\/\",\"logo\":{\"@type\":\"ImageObject\",\"inLanguage\":\"es\",\"@id\":\"https:\\\/\\\/www.carptigernuts.com\\\/de\\\/#\\\/schema\\\/logo\\\/image\\\/\",\"url\":\"https:\\\/\\\/www.carptigernuts.com\\\/wp-content\\\/uploads\\\/carptigernuts-logo.png\",\"contentUrl\":\"https:\\\/\\\/www.carptigernuts.com\\\/wp-content\\\/uploads\\\/carptigernuts-logo.png\",\"width\":291,\"height\":150,\"caption\":\"CarpTigernuts.com\"},\"image\":{\"@id\":\"https:\\\/\\\/www.carptigernuts.com\\\/de\\\/#\\\/schema\\\/logo\\\/image\\\/\"}}]}<\/script>\n<!-- \/ Yoast SEO plugin. -->","yoast_head_json":{"title":"Granos \u25b7 para la pesca de la carpa","robots":{"index":"index","follow":"follow","max-snippet":"max-snippet:-1","max-image-preview":"max-image-preview:large","max-video-preview":"max-video-preview:-1"},"canonical":"https:\/\/www.carptigernuts.com\/es\/granos\/","og_locale":"es_ES","og_type":"article","og_title":"Granos \u25b7 para la pesca de la carpa","og_description":"Granos","og_url":"https:\/\/www.carptigernuts.com\/es\/granos\/","og_site_name":"CarpTigernuts.com","article_modified_time":"2019-10-19T09:53:39+00:00","twitter_card":"summary_large_image","schema":{"@context":"https:\/\/schema.org","@graph":[{"@type":"WebPage","@id":"https:\/\/www.carptigernuts.com\/es\/granos\/","url":"https:\/\/www.carptigernuts.com\/es\/granos\/","name":"Granos \u25b7 para la pesca de la carpa","isPartOf":{"@id":"https:\/\/www.carptigernuts.com\/de\/#website"},"datePublished":"2019-10-18T14:18:48+00:00","dateModified":"2019-10-19T09:53:39+00:00","breadcrumb":{"@id":"https:\/\/www.carptigernuts.com\/es\/granos\/#breadcrumb"},"inLanguage":"es","potentialAction":[{"@type":"ReadAction","target":["https:\/\/www.carptigernuts.com\/es\/granos\/"]}]},{"@type":"BreadcrumbList","@id":"https:\/\/www.carptigernuts.com\/es\/granos\/#breadcrumb","itemListElement":[{"@type":"ListItem","position":1,"name":"Home","item":"https:\/\/www.carptigernuts.com\/es\/"},{"@type":"ListItem","position":2,"name":"Granos"}]},{"@type":"WebSite","@id":"https:\/\/www.carptigernuts.com\/de\/#website","url":"https:\/\/www.carptigernuts.com\/de\/","name":"CarpTigernuts.com","description":"The tigernut: The king of the particles","publisher":{"@id":"https:\/\/www.carptigernuts.com\/de\/#organization"},"potentialAction":[{"@type":"SearchAction","target":{"@type":"EntryPoint","urlTemplate":"https:\/\/www.carptigernuts.com\/de\/?s={search_term_string}"},"query-input":{"@type":"PropertyValueSpecification","valueRequired":true,"valueName":"search_term_string"}}],"inLanguage":"es"},{"@type":"Organization","@id":"https:\/\/www.carptigernuts.com\/de\/#organization","name":"CarpTigernuts.com","url":"https:\/\/www.carptigernuts.com\/de\/","logo":{"@type":"ImageObject","inLanguage":"es","@id":"https:\/\/www.carptigernuts.com\/de\/#\/schema\/logo\/image\/","url":"https:\/\/www.carptigernuts.com\/wp-content\/uploads\/carptigernuts-logo.png","contentUrl":"https:\/\/www.carptigernuts.com\/wp-content\/uploads\/carptigernuts-logo.png","width":291,"height":150,"caption":"CarpTigernuts.com"},"image":{"@id":"https:\/\/www.carptigernuts.com\/de\/#\/schema\/logo\/image\/"}}]}},"jetpack_sharing_enabled":true,"_links":{"self":[{"href":"https:\/\/www.carptigernuts.com\/es\/wp-json\/wp\/v2\/pages\/3454","targetHints":{"allow":["GET"]}}],"collection":[{"href":"https:\/\/www.carptigernuts.com\/es\/wp-json\/wp\/v2\/pages"}],"about":[{"href":"https:\/\/www.carptigernuts.com\/es\/wp-json\/wp\/v2\/types\/page"}],"author":[{"embeddable":true,"href":"https:\/\/www.carptigernuts.com\/es\/wp-json\/wp\/v2\/users\/2"}],"replies":[{"embeddable":true,"href":"https:\/\/www.carptigernuts.com\/es\/wp-json\/wp\/v2\/comments?post=3454"}],"version-history":[{"count":4,"href":"https:\/\/www.carptigernuts.com\/es\/wp-json\/wp\/v2\/pages\/3454\/revisions"}],"predecessor-version":[{"id":3754,"href":"https:\/\/www.carptigernuts.com\/es\/wp-json\/wp\/v2\/pages\/3454\/revisions\/3754"}],"wp:attachment":[{"href":"https:\/\/www.carptigernuts.com\/es\/wp-json\/wp\/v2\/media?parent=3454"}],"curies":[{"name":"wp","href":"https:\/\/api.w.org\/{rel}","templated":true}]}}