{"id":478,"date":"2019-10-18T15:12:45","date_gmt":"2019-10-18T13:12:45","guid":{"rendered":"https:\/\/www.carptigernuts.com\/?page_id=478"},"modified":"2019-10-19T11:53:48","modified_gmt":"2019-10-19T09:53:48","slug":"ueber-uns","status":"publish","type":"page","link":"https:\/\/www.carptigernuts.com\/de\/ueber-uns\/","title":{"rendered":"\u00dcber uns"},"content":{"rendered":"\t\t<div data-elementor-type=\"wp-page\" data-elementor-id=\"478\" class=\"elementor elementor-478 elementor-135\" data-elementor-post-type=\"page\">\n\t\t\t\t\t\t<section class=\"elementor-section elementor-top-section elementor-element elementor-element-3e10ffa5 elementor-section-boxed elementor-section-height-default elementor-section-height-default\" data-id=\"3e10ffa5\" data-element_type=\"section\" data-e-type=\"section\">\n\t\t\t\t\t\t<div class=\"elementor-container elementor-column-gap-default\">\n\t\t\t\t\t<div class=\"elementor-column elementor-col-100 elementor-top-column elementor-element elementor-element-614e086f\" data-id=\"614e086f\" data-element_type=\"column\" data-e-type=\"column\">\n\t\t\t<div class=\"elementor-widget-wrap elementor-element-populated\">\n\t\t\t\t\t\t<div class=\"elementor-element elementor-element-8ab653f elementor-widget elementor-widget-heading\" data-id=\"8ab653f\" data-element_type=\"widget\" data-e-type=\"widget\" data-widget_type=\"heading.default\">\n\t\t\t\t<div class=\"elementor-widget-container\">\n\t\t\t\t\t<h1 class=\"elementor-heading-title elementor-size-default\">\u00dcber uns<\/h1>\t\t\t\t<\/div>\n\t\t\t\t<\/div>\n\t\t\t\t\t<\/div>\n\t\t<\/div>\n\t\t\t\t\t<\/div>\n\t\t<\/section>\n\t\t\t\t<section class=\"elementor-section elementor-top-section elementor-element elementor-element-4c35a8fb elementor-section-boxed elementor-section-height-default elementor-section-height-default\" data-id=\"4c35a8fb\" data-element_type=\"section\" data-e-type=\"section\">\n\t\t\t\t\t\t<div class=\"elementor-container elementor-column-gap-default\">\n\t\t\t\t\t<div class=\"elementor-column elementor-col-66 elementor-top-column elementor-element elementor-element-67a6002b\" data-id=\"67a6002b\" data-element_type=\"column\" data-e-type=\"column\">\n\t\t\t<div class=\"elementor-widget-wrap elementor-element-populated\">\n\t\t\t\t\t\t<div class=\"elementor-element elementor-element-5838a58f elementor-widget elementor-widget-text-editor\" data-id=\"5838a58f\" data-element_type=\"widget\" data-e-type=\"widget\" data-widget_type=\"text-editor.default\">\n\t\t\t\t<div class=\"elementor-widget-container\">\n\t\t\t\t\t\t\t\t\t<p align=\"justify\">Nach vielen Jahren Arbeit mit einigen der erfolgreichsten Anglern und Firmen in Europa,\u00a0<strong>haben wir einen Katalog mit 100% nat\u00fcrlichen Produkten entwickelt, um Ihre Fangquote zu verbessern.<\/strong><\/p><p align=\"justify\">Die Spezialit\u00e4t von Tigernuts Traders sind\u00a0<strong>Partikel<\/strong>, speziell die\u00a0<strong>Tigern\u00fcsse<\/strong>, welche heutzutage ein weitverbreiteter und erfolgreicher Partikel sind. Ab dem Moment wo das Haar sich durchgesetzt hat, wurde die Tigernuss als K\u00f6der benutzt und seine hervorragenden Eigenschaften zum Karpfenangeln bekannt.<\/p><p>Wir k\u00f6nnen Ihnen folgende Partikel anbieten: Tigern\u00fcsse \/ Erdmandeln \/ Chufas (in allen Gr\u00f6ssen), Riesenmais, Mais, Hanf, Erdn\u00fcsse, Rote Erbsen, Lupine, Bohnen und Erbsen.<\/p><p><strong>Wir haben diese Partikel auch pr\u00e4pariert im Angebot.<\/strong>\u00a0Sie werden in einem speziellen Prozess con uns vorbereitet um eine viel l\u00e4ngere Haltbarkeit zu haben ohne Ihre Eigenschaften zu verlieren.<\/p><p>Durch diese Seite versuchen wir Ihnen mehr Information \u00fcber unsere Produkte zu vermitteln, wie man jedes Partikel verwendet und wie wir Ihre Angelausfl\u00fcge aangenehmer und erfolgreicher machen k\u00f6nnen.<\/p>\t\t\t\t\t\t\t\t<\/div>\n\t\t\t\t<\/div>\n\t\t\t\t\t<\/div>\n\t\t<\/div>\n\t\t\t\t<div class=\"elementor-column elementor-col-33 elementor-top-column elementor-element elementor-element-4e131e47\" data-id=\"4e131e47\" data-element_type=\"column\" data-e-type=\"column\">\n\t\t\t<div class=\"elementor-widget-wrap elementor-element-populated\">\n\t\t\t\t\t\t<div class=\"elementor-element elementor-element-d1d88d6 elementor-widget elementor-widget-image\" data-id=\"d1d88d6\" data-element_type=\"widget\" data-e-type=\"widget\" data-widget_type=\"image.default\">\n\t\t\t\t<div class=\"elementor-widget-container\">\n\t\t\t\t\t\t\t\t\t\t\t\t\t\t\t<img fetchpriority=\"high\" decoding=\"async\" width=\"670\" height=\"591\" src=\"https:\/\/www.carptigernuts.com\/wp-content\/uploads\/about-us-1.jpg\" class=\"attachment-full size-full wp-image-469\" alt=\"\" srcset=\"https:\/\/www.carptigernuts.com\/wp-content\/uploads\/about-us-1.jpg 670w, https:\/\/www.carptigernuts.com\/wp-content\/uploads\/about-us-1-150x132.jpg 150w, https:\/\/www.carptigernuts.com\/wp-content\/uploads\/about-us-1-600x529.jpg 600w\" sizes=\"(max-width: 670px) 100vw, 670px\" \/>\t\t\t\t\t\t\t\t\t\t\t\t\t\t\t<\/div>\n\t\t\t\t<\/div>\n\t\t\t\t\t<\/div>\n\t\t<\/div>\n\t\t\t\t\t<\/div>\n\t\t<\/section>\n\t\t\t\t<section class=\"elementor-section elementor-top-section elementor-element elementor-element-40a1b472 elementor-section-boxed elementor-section-height-default elementor-section-height-default\" data-id=\"40a1b472\" data-element_type=\"section\" data-e-type=\"section\">\n\t\t\t\t\t\t<div class=\"elementor-container elementor-column-gap-default\">\n\t\t\t\t\t<div class=\"elementor-column elementor-col-100 elementor-top-column elementor-element elementor-element-4964cc8f\" data-id=\"4964cc8f\" data-element_type=\"column\" data-e-type=\"column\">\n\t\t\t<div class=\"elementor-widget-wrap elementor-element-populated\">\n\t\t\t\t\t\t<div class=\"elementor-element elementor-element-3ee40cae elementor-widget elementor-widget-heading\" data-id=\"3ee40cae\" data-element_type=\"widget\" data-e-type=\"widget\" data-widget_type=\"heading.default\">\n\t\t\t\t<div class=\"elementor-widget-container\">\n\t\t\t\t\t<h2 class=\"elementor-heading-title elementor-size-default\">Neue Verpackung\n\n<\/h2>\t\t\t\t<\/div>\n\t\t\t\t<\/div>\n\t\t\t\t<div class=\"elementor-element elementor-element-495e45c3 elementor-widget elementor-widget-text-editor\" data-id=\"495e45c3\" data-element_type=\"widget\" data-e-type=\"widget\" data-widget_type=\"text-editor.default\">\n\t\t\t\t<div class=\"elementor-widget-container\">\n\t\t\t\t\t\t\t\t\t<p>Tigernuts Traders verwendet eine neue Verpackungsart, die niemals zuvor fuer diese Art von Produkten benutzt wurde und folgende Vorteile gegen\u00fcber der traditionellen Verpackung bietet:<\/p><ul><li>Sie verhindert komplett das Risiko von Insektenbefall<\/li><li>Es sind keine besonderen Lagerbedingungen n\u00f6tig<\/li><li>Ungezieferbehandlung ist nicht mehr notwendig<\/li><li>Kompletter Schutz w\u00e4hrend des Transportes und der Lagerung<\/li><li>Ansprechende Beutel und leicht zu handhaben<\/li><\/ul>\t\t\t\t\t\t\t\t<\/div>\n\t\t\t\t<\/div>\n\t\t\t\t\t<\/div>\n\t\t<\/div>\n\t\t\t\t\t<\/div>\n\t\t<\/section>\n\t\t\t\t<\/div>\n\t\t","protected":false},"excerpt":{"rendered":"<p>\u00dcber uns Nach vielen Jahren Arbeit mit einigen der erfolgreichsten Anglern und Firmen in Europa,\u00a0haben wir einen Katalog mit 100% nat\u00fcrlichen Produkten entwickelt, um Ihre Fangquote zu verbessern. Die Spezialit\u00e4t von Tigernuts Traders sind\u00a0Partikel, speziell die\u00a0Tigern\u00fcsse, welche heutzutage ein weitverbreiteter und erfolgreicher Partikel sind. Ab dem Moment wo das Haar sich durchgesetzt hat, wurde die [&hellip;]<\/p>\n","protected":false},"author":2,"featured_media":0,"parent":0,"menu_order":0,"comment_status":"closed","ping_status":"closed","template":"","meta":{"site-sidebar-layout":"no-sidebar","site-content-layout":"page-builder","ast-site-content-layout":"default","site-content-style":"default","site-sidebar-style":"default","ast-global-header-display":"","ast-banner-title-visibility":"","ast-main-header-display":"","ast-hfb-above-header-display":"","ast-hfb-below-header-display":"","ast-hfb-mobile-header-display":"","site-post-title":"disabled","ast-breadcrumbs-content":"","ast-featured-img":"disabled","footer-sml-layout":"","ast-disable-related-posts":"","theme-transparent-header-meta":"default","adv-header-id-meta":"","stick-header-meta":"","header-above-stick-meta":"","header-main-stick-meta":"","header-below-stick-meta":"","astra-migrate-meta-layouts":"default","ast-page-background-enabled":"default","ast-page-background-meta":{"desktop":{"background-color":"","background-image":"","background-repeat":"repeat","background-position":"center center","background-size":"auto","background-attachment":"scroll","background-type":"","background-media":"","overlay-type":"","overlay-color":"","overlay-opacity":"","overlay-gradient":""},"tablet":{"background-color":"","background-image":"","background-repeat":"repeat","background-position":"center center","background-size":"auto","background-attachment":"scroll","background-type":"","background-media":"","overlay-type":"","overlay-color":"","overlay-opacity":"","overlay-gradient":""},"mobile":{"background-color":"","background-image":"","background-repeat":"repeat","background-position":"center center","background-size":"auto","background-attachment":"scroll","background-type":"","background-media":"","overlay-type":"","overlay-color":"","overlay-opacity":"","overlay-gradient":""}},"ast-content-background-meta":{"desktop":{"background-color":"var(--ast-global-color-5)","background-image":"","background-repeat":"repeat","background-position":"center center","background-size":"auto","background-attachment":"scroll","background-type":"","background-media":"","overlay-type":"","overlay-color":"","overlay-opacity":"","overlay-gradient":""},"tablet":{"background-color":"var(--ast-global-color-5)","background-image":"","background-repeat":"repeat","background-position":"center center","background-size":"auto","background-attachment":"scroll","background-type":"","background-media":"","overlay-type":"","overlay-color":"","overlay-opacity":"","overlay-gradient":""},"mobile":{"background-color":"var(--ast-global-color-5)","background-image":"","background-repeat":"repeat","background-position":"center center","background-size":"auto","background-attachment":"scroll","background-type":"","background-media":"","overlay-type":"","overlay-color":"","overlay-opacity":"","overlay-gradient":""}},"footnotes":""},"class_list":["post-478","page","type-page","status-publish","hentry"],"yoast_head":"<!-- This site is optimized with the Yoast SEO plugin v27.3 - https:\/\/yoast.com\/product\/yoast-seo-wordpress\/ -->\n<title>Tigern\u00fcsse &amp; Partikel \u25b7 zum Karpfenfischen<\/title>\n<meta name=\"robots\" content=\"index, follow, max-snippet:-1, max-image-preview:large, max-video-preview:-1\" \/>\n<link rel=\"canonical\" href=\"https:\/\/www.carptigernuts.com\/de\/ueber-uns\/\" \/>\n<meta property=\"og:locale\" content=\"de_DE\" \/>\n<meta property=\"og:type\" content=\"article\" \/>\n<meta property=\"og:title\" content=\"Tigern\u00fcsse &amp; Partikel \u25b7 zum Karpfenfischen\" \/>\n<meta property=\"og:description\" content=\"\u00dcber uns Nach vielen Jahren Arbeit mit einigen der erfolgreichsten Anglern und Firmen in Europa,\u00a0haben wir einen Katalog mit 100% nat\u00fcrlichen Produkten entwickelt, um Ihre Fangquote zu verbessern. Die Spezialit\u00e4t von Tigernuts Traders sind\u00a0Partikel, speziell die\u00a0Tigern\u00fcsse, welche heutzutage ein weitverbreiteter und erfolgreicher Partikel sind. Ab dem Moment wo das Haar sich durchgesetzt hat, wurde die [&hellip;]\" \/>\n<meta property=\"og:url\" content=\"https:\/\/www.carptigernuts.com\/de\/ueber-uns\/\" \/>\n<meta property=\"og:site_name\" content=\"CarpTigernuts.com\" \/>\n<meta property=\"article:modified_time\" content=\"2019-10-19T09:53:48+00:00\" \/>\n<meta property=\"og:image\" content=\"https:\/\/www.carptigernuts.com\/wp-content\/uploads\/about-us-1.jpg\" \/>\n<meta name=\"twitter:card\" content=\"summary_large_image\" \/>\n<meta name=\"twitter:label1\" content=\"Gesch\u00e4tzte Lesezeit\" \/>\n\t<meta name=\"twitter:data1\" content=\"1\u00a0Minute\" \/>\n<script type=\"application\/ld+json\" class=\"yoast-schema-graph\">{\"@context\":\"https:\\\/\\\/schema.org\",\"@graph\":[{\"@type\":\"WebPage\",\"@id\":\"https:\\\/\\\/www.carptigernuts.com\\\/de\\\/ueber-uns\\\/\",\"url\":\"https:\\\/\\\/www.carptigernuts.com\\\/de\\\/ueber-uns\\\/\",\"name\":\"Tigern\u00fcsse & Partikel \u25b7 zum Karpfenfischen\",\"isPartOf\":{\"@id\":\"https:\\\/\\\/www.carptigernuts.com\\\/de\\\/#website\"},\"primaryImageOfPage\":{\"@id\":\"https:\\\/\\\/www.carptigernuts.com\\\/de\\\/ueber-uns\\\/#primaryimage\"},\"image\":{\"@id\":\"https:\\\/\\\/www.carptigernuts.com\\\/de\\\/ueber-uns\\\/#primaryimage\"},\"thumbnailUrl\":\"https:\\\/\\\/www.carptigernuts.com\\\/wp-content\\\/uploads\\\/about-us-1.jpg\",\"datePublished\":\"2019-10-18T13:12:45+00:00\",\"dateModified\":\"2019-10-19T09:53:48+00:00\",\"breadcrumb\":{\"@id\":\"https:\\\/\\\/www.carptigernuts.com\\\/de\\\/ueber-uns\\\/#breadcrumb\"},\"inLanguage\":\"de\",\"potentialAction\":[{\"@type\":\"ReadAction\",\"target\":[\"https:\\\/\\\/www.carptigernuts.com\\\/de\\\/ueber-uns\\\/\"]}]},{\"@type\":\"ImageObject\",\"inLanguage\":\"de\",\"@id\":\"https:\\\/\\\/www.carptigernuts.com\\\/de\\\/ueber-uns\\\/#primaryimage\",\"url\":\"https:\\\/\\\/www.carptigernuts.com\\\/wp-content\\\/uploads\\\/about-us-1.jpg\",\"contentUrl\":\"https:\\\/\\\/www.carptigernuts.com\\\/wp-content\\\/uploads\\\/about-us-1.jpg\"},{\"@type\":\"BreadcrumbList\",\"@id\":\"https:\\\/\\\/www.carptigernuts.com\\\/de\\\/ueber-uns\\\/#breadcrumb\",\"itemListElement\":[{\"@type\":\"ListItem\",\"position\":1,\"name\":\"Home\",\"item\":\"https:\\\/\\\/www.carptigernuts.com\\\/de\\\/\"},{\"@type\":\"ListItem\",\"position\":2,\"name\":\"\u00dcber uns\"}]},{\"@type\":\"WebSite\",\"@id\":\"https:\\\/\\\/www.carptigernuts.com\\\/de\\\/#website\",\"url\":\"https:\\\/\\\/www.carptigernuts.com\\\/de\\\/\",\"name\":\"CarpTigernuts.com\",\"description\":\"The tigernut: The king of the particles\",\"publisher\":{\"@id\":\"https:\\\/\\\/www.carptigernuts.com\\\/de\\\/#organization\"},\"potentialAction\":[{\"@type\":\"SearchAction\",\"target\":{\"@type\":\"EntryPoint\",\"urlTemplate\":\"https:\\\/\\\/www.carptigernuts.com\\\/de\\\/?s={search_term_string}\"},\"query-input\":{\"@type\":\"PropertyValueSpecification\",\"valueRequired\":true,\"valueName\":\"search_term_string\"}}],\"inLanguage\":\"de\"},{\"@type\":\"Organization\",\"@id\":\"https:\\\/\\\/www.carptigernuts.com\\\/de\\\/#organization\",\"name\":\"CarpTigernuts.com\",\"url\":\"https:\\\/\\\/www.carptigernuts.com\\\/de\\\/\",\"logo\":{\"@type\":\"ImageObject\",\"inLanguage\":\"de\",\"@id\":\"https:\\\/\\\/www.carptigernuts.com\\\/de\\\/#\\\/schema\\\/logo\\\/image\\\/\",\"url\":\"https:\\\/\\\/www.carptigernuts.com\\\/wp-content\\\/uploads\\\/carptigernuts-logo.png\",\"contentUrl\":\"https:\\\/\\\/www.carptigernuts.com\\\/wp-content\\\/uploads\\\/carptigernuts-logo.png\",\"width\":291,\"height\":150,\"caption\":\"CarpTigernuts.com\"},\"image\":{\"@id\":\"https:\\\/\\\/www.carptigernuts.com\\\/de\\\/#\\\/schema\\\/logo\\\/image\\\/\"}}]}<\/script>\n<!-- \/ Yoast SEO plugin. -->","yoast_head_json":{"title":"Tigern\u00fcsse & Partikel \u25b7 zum Karpfenfischen","robots":{"index":"index","follow":"follow","max-snippet":"max-snippet:-1","max-image-preview":"max-image-preview:large","max-video-preview":"max-video-preview:-1"},"canonical":"https:\/\/www.carptigernuts.com\/de\/ueber-uns\/","og_locale":"de_DE","og_type":"article","og_title":"Tigern\u00fcsse & Partikel \u25b7 zum Karpfenfischen","og_description":"\u00dcber uns Nach vielen Jahren Arbeit mit einigen der erfolgreichsten Anglern und Firmen in Europa,\u00a0haben wir einen Katalog mit 100% nat\u00fcrlichen Produkten entwickelt, um Ihre Fangquote zu verbessern. Die Spezialit\u00e4t von Tigernuts Traders sind\u00a0Partikel, speziell die\u00a0Tigern\u00fcsse, welche heutzutage ein weitverbreiteter und erfolgreicher Partikel sind. Ab dem Moment wo das Haar sich durchgesetzt hat, wurde die [&hellip;]","og_url":"https:\/\/www.carptigernuts.com\/de\/ueber-uns\/","og_site_name":"CarpTigernuts.com","article_modified_time":"2019-10-19T09:53:48+00:00","og_image":[{"url":"https:\/\/www.carptigernuts.com\/wp-content\/uploads\/about-us-1.jpg","type":"","width":"","height":""}],"twitter_card":"summary_large_image","twitter_misc":{"Gesch\u00e4tzte Lesezeit":"1\u00a0Minute"},"schema":{"@context":"https:\/\/schema.org","@graph":[{"@type":"WebPage","@id":"https:\/\/www.carptigernuts.com\/de\/ueber-uns\/","url":"https:\/\/www.carptigernuts.com\/de\/ueber-uns\/","name":"Tigern\u00fcsse & Partikel \u25b7 zum Karpfenfischen","isPartOf":{"@id":"https:\/\/www.carptigernuts.com\/de\/#website"},"primaryImageOfPage":{"@id":"https:\/\/www.carptigernuts.com\/de\/ueber-uns\/#primaryimage"},"image":{"@id":"https:\/\/www.carptigernuts.com\/de\/ueber-uns\/#primaryimage"},"thumbnailUrl":"https:\/\/www.carptigernuts.com\/wp-content\/uploads\/about-us-1.jpg","datePublished":"2019-10-18T13:12:45+00:00","dateModified":"2019-10-19T09:53:48+00:00","breadcrumb":{"@id":"https:\/\/www.carptigernuts.com\/de\/ueber-uns\/#breadcrumb"},"inLanguage":"de","potentialAction":[{"@type":"ReadAction","target":["https:\/\/www.carptigernuts.com\/de\/ueber-uns\/"]}]},{"@type":"ImageObject","inLanguage":"de","@id":"https:\/\/www.carptigernuts.com\/de\/ueber-uns\/#primaryimage","url":"https:\/\/www.carptigernuts.com\/wp-content\/uploads\/about-us-1.jpg","contentUrl":"https:\/\/www.carptigernuts.com\/wp-content\/uploads\/about-us-1.jpg"},{"@type":"BreadcrumbList","@id":"https:\/\/www.carptigernuts.com\/de\/ueber-uns\/#breadcrumb","itemListElement":[{"@type":"ListItem","position":1,"name":"Home","item":"https:\/\/www.carptigernuts.com\/de\/"},{"@type":"ListItem","position":2,"name":"\u00dcber uns"}]},{"@type":"WebSite","@id":"https:\/\/www.carptigernuts.com\/de\/#website","url":"https:\/\/www.carptigernuts.com\/de\/","name":"CarpTigernuts.com","description":"The tigernut: The king of the particles","publisher":{"@id":"https:\/\/www.carptigernuts.com\/de\/#organization"},"potentialAction":[{"@type":"SearchAction","target":{"@type":"EntryPoint","urlTemplate":"https:\/\/www.carptigernuts.com\/de\/?s={search_term_string}"},"query-input":{"@type":"PropertyValueSpecification","valueRequired":true,"valueName":"search_term_string"}}],"inLanguage":"de"},{"@type":"Organization","@id":"https:\/\/www.carptigernuts.com\/de\/#organization","name":"CarpTigernuts.com","url":"https:\/\/www.carptigernuts.com\/de\/","logo":{"@type":"ImageObject","inLanguage":"de","@id":"https:\/\/www.carptigernuts.com\/de\/#\/schema\/logo\/image\/","url":"https:\/\/www.carptigernuts.com\/wp-content\/uploads\/carptigernuts-logo.png","contentUrl":"https:\/\/www.carptigernuts.com\/wp-content\/uploads\/carptigernuts-logo.png","width":291,"height":150,"caption":"CarpTigernuts.com"},"image":{"@id":"https:\/\/www.carptigernuts.com\/de\/#\/schema\/logo\/image\/"}}]}},"jetpack_sharing_enabled":true,"_links":{"self":[{"href":"https:\/\/www.carptigernuts.com\/de\/wp-json\/wp\/v2\/pages\/478","targetHints":{"allow":["GET"]}}],"collection":[{"href":"https:\/\/www.carptigernuts.com\/de\/wp-json\/wp\/v2\/pages"}],"about":[{"href":"https:\/\/www.carptigernuts.com\/de\/wp-json\/wp\/v2\/types\/page"}],"author":[{"embeddable":true,"href":"https:\/\/www.carptigernuts.com\/de\/wp-json\/wp\/v2\/users\/2"}],"replies":[{"embeddable":true,"href":"https:\/\/www.carptigernuts.com\/de\/wp-json\/wp\/v2\/comments?post=478"}],"version-history":[{"count":3,"href":"https:\/\/www.carptigernuts.com\/de\/wp-json\/wp\/v2\/pages\/478\/revisions"}],"predecessor-version":[{"id":483,"href":"https:\/\/www.carptigernuts.com\/de\/wp-json\/wp\/v2\/pages\/478\/revisions\/483"}],"wp:attachment":[{"href":"https:\/\/www.carptigernuts.com\/de\/wp-json\/wp\/v2\/media?parent=478"}],"curies":[{"name":"wp","href":"https:\/\/api.w.org\/{rel}","templated":true}]}}