{"id":3708,"date":"2019-10-18T17:39:12","date_gmt":"2019-10-18T15:39:12","guid":{"rendered":"https:\/\/www.carptigernuts.com\/?page_id=3708"},"modified":"2019-10-19T11:53:44","modified_gmt":"2019-10-19T09:53:44","slug":"kichererbsen","status":"publish","type":"page","link":"https:\/\/www.carptigernuts.com\/de\/partikel\/kichererbsen\/","title":{"rendered":"Kichererbsen"},"content":{"rendered":"\t\t<div data-elementor-type=\"wp-page\" data-elementor-id=\"3708\" class=\"elementor elementor-3708 elementor-393\" data-elementor-post-type=\"page\">\n\t\t\t\t\t\t<section class=\"elementor-section elementor-top-section elementor-element elementor-element-33652e68 elementor-section-boxed elementor-section-height-default elementor-section-height-default\" data-id=\"33652e68\" data-element_type=\"section\" data-e-type=\"section\">\n\t\t\t\t\t\t<div class=\"elementor-container elementor-column-gap-default\">\n\t\t\t\t\t<div class=\"elementor-column elementor-col-100 elementor-top-column elementor-element elementor-element-4705b108\" data-id=\"4705b108\" data-element_type=\"column\" data-e-type=\"column\">\n\t\t\t<div class=\"elementor-widget-wrap elementor-element-populated\">\n\t\t\t\t\t\t<div class=\"elementor-element elementor-element-6377d29e elementor-widget elementor-widget-heading\" data-id=\"6377d29e\" data-element_type=\"widget\" data-e-type=\"widget\" data-widget_type=\"heading.default\">\n\t\t\t\t<div class=\"elementor-widget-container\">\n\t\t\t\t\t<h1 class=\"elementor-heading-title elementor-size-default\">Kichererbsen<\/h1>\t\t\t\t<\/div>\n\t\t\t\t<\/div>\n\t\t\t\t\t<\/div>\n\t\t<\/div>\n\t\t\t\t\t<\/div>\n\t\t<\/section>\n\t\t\t\t<section class=\"elementor-section elementor-top-section elementor-element elementor-element-4fc606b0 elementor-section-boxed elementor-section-height-default elementor-section-height-default\" data-id=\"4fc606b0\" data-element_type=\"section\" data-e-type=\"section\" data-settings=\"{&quot;background_background&quot;:&quot;classic&quot;}\">\n\t\t\t\t\t\t<div class=\"elementor-container elementor-column-gap-default\">\n\t\t\t\t\t<div class=\"elementor-column elementor-col-50 elementor-top-column elementor-element elementor-element-7e570c2c\" data-id=\"7e570c2c\" data-element_type=\"column\" data-e-type=\"column\">\n\t\t\t<div class=\"elementor-widget-wrap elementor-element-populated\">\n\t\t\t\t\t\t<div class=\"elementor-element elementor-element-14fcbd84 elementor-widget elementor-widget-image\" data-id=\"14fcbd84\" data-element_type=\"widget\" data-e-type=\"widget\" data-widget_type=\"image.default\">\n\t\t\t\t<div class=\"elementor-widget-container\">\n\t\t\t\t\t\t\t\t\t\t\t\t\t\t\t<img fetchpriority=\"high\" decoding=\"async\" width=\"1024\" height=\"683\" src=\"https:\/\/www.carptigernuts.com\/wp-content\/uploads\/particles-chickpeas.jpg\" class=\"attachment-large size-large wp-image-396\" alt=\"\" srcset=\"https:\/\/www.carptigernuts.com\/wp-content\/uploads\/particles-chickpeas.jpg 1024w, https:\/\/www.carptigernuts.com\/wp-content\/uploads\/particles-chickpeas-150x100.jpg 150w, https:\/\/www.carptigernuts.com\/wp-content\/uploads\/particles-chickpeas-600x400.jpg 600w, https:\/\/www.carptigernuts.com\/wp-content\/uploads\/particles-chickpeas-768x512.jpg 768w\" sizes=\"(max-width: 1024px) 100vw, 1024px\" \/>\t\t\t\t\t\t\t\t\t\t\t\t\t\t\t<\/div>\n\t\t\t\t<\/div>\n\t\t\t\t\t<\/div>\n\t\t<\/div>\n\t\t\t\t<div class=\"elementor-column elementor-col-50 elementor-top-column elementor-element elementor-element-fba4c25\" data-id=\"fba4c25\" data-element_type=\"column\" data-e-type=\"column\">\n\t\t\t<div class=\"elementor-widget-wrap elementor-element-populated\">\n\t\t\t\t\t\t<div class=\"elementor-element elementor-element-611a2a91 elementor-widget elementor-widget-text-editor\" data-id=\"611a2a91\" data-element_type=\"widget\" data-e-type=\"widget\" data-widget_type=\"text-editor.default\">\n\t\t\t\t<div class=\"elementor-widget-container\">\n\t\t\t\t\t\t\t\t\t<p>Zusammen mit dem Mais sind die Erbsen die bevorzugten Partikel der Angler. Sie sind der perfekte K\u00f6der f\u00fcr Anf\u00e4nger, leider lieben diesen K\u00f6der auch andere Fischarten und nicht nur die Karpfen. Die Gr\u00f6\u00dfe liegt bei 10mm.<\/p><ol><li>Die Erbsen in kaltem Wasser einweichen und mit einem Deckel abdecken. \u00dcber die Nacht einweichen lassen. Die Erbsen nehmen wieder ihre nat\u00fcrliche Feuchtigkeit auf, deshalb muss man gen\u00fcgend Wasser verwenden.<\/li><\/ol><p><strong>Wie lange sollte man die Erbsen einweichen?:<\/strong><span class=\"Apple-converted-space\">\u00a0<\/span>12 bis 18 Stunden<\/p><ol><li>Danach muss man wieder etwas Wasser dazugeben und in einen Kochtopf umf\u00fcllen um den Kochvorgang zu starten. Der Kochvorgang muss das Produkt aufweichen aber es darf nicht zerfallen.<\/li><\/ol><p><strong>Wie lande sollte man die Erbsen kochen?:<\/strong><span class=\"Apple-converted-space\">\u00a0<\/span>35 Minuten<\/p><ul type=\"circle\"><li>Sobald die Erbsen auf Raumtemperatur abgek\u00fchlt ist, geben wir sie in einen hermetischen Beh\u00e4lter wo wir ihn eine Nacht lang g\u00e4ren lassen. Man braucht ungef\u00e4hr 72 Stunden f\u00fcr die beste G\u00e4rung.<\/li><\/ul>\t\t\t\t\t\t\t\t<\/div>\n\t\t\t\t<\/div>\n\t\t\t\t\t<\/div>\n\t\t<\/div>\n\t\t\t\t\t<\/div>\n\t\t<\/section>\n\t\t\t\t<section class=\"elementor-section elementor-top-section elementor-element elementor-element-5eca5cd6 elementor-section-boxed elementor-section-height-default elementor-section-height-default\" data-id=\"5eca5cd6\" data-element_type=\"section\" data-e-type=\"section\">\n\t\t\t\t\t\t<div class=\"elementor-container elementor-column-gap-default\">\n\t\t\t\t\t<div class=\"elementor-column elementor-col-100 elementor-top-column elementor-element elementor-element-25905583\" data-id=\"25905583\" data-element_type=\"column\" data-e-type=\"column\">\n\t\t\t<div class=\"elementor-widget-wrap elementor-element-populated\">\n\t\t\t\t\t\t<div class=\"elementor-element elementor-element-1f2eb182 elementor-widget elementor-widget-image\" data-id=\"1f2eb182\" data-element_type=\"widget\" data-e-type=\"widget\" data-widget_type=\"image.default\">\n\t\t\t\t<div class=\"elementor-widget-container\">\n\t\t\t\t\t\t\t\t\t\t\t\t\t\t\t<img decoding=\"async\" width=\"1168\" height=\"876\" src=\"https:\/\/www.carptigernuts.com\/wp-content\/uploads\/carps-caught-with-tigernuts-04.jpg\" class=\"attachment-full size-full wp-image-225\" alt=\"\" srcset=\"https:\/\/www.carptigernuts.com\/wp-content\/uploads\/carps-caught-with-tigernuts-04.jpg 1168w, https:\/\/www.carptigernuts.com\/wp-content\/uploads\/carps-caught-with-tigernuts-04-150x113.jpg 150w, https:\/\/www.carptigernuts.com\/wp-content\/uploads\/carps-caught-with-tigernuts-04-600x450.jpg 600w, https:\/\/www.carptigernuts.com\/wp-content\/uploads\/carps-caught-with-tigernuts-04-768x576.jpg 768w\" sizes=\"(max-width: 1168px) 100vw, 1168px\" \/>\t\t\t\t\t\t\t\t\t\t\t\t\t\t\t<\/div>\n\t\t\t\t<\/div>\n\t\t\t\t\t<\/div>\n\t\t<\/div>\n\t\t\t\t\t<\/div>\n\t\t<\/section>\n\t\t\t\t<\/div>\n\t\t","protected":false},"excerpt":{"rendered":"<p>Kichererbsen Zusammen mit dem Mais sind die Erbsen die bevorzugten Partikel der Angler. Sie sind der perfekte K\u00f6der f\u00fcr Anf\u00e4nger, leider lieben diesen K\u00f6der auch andere Fischarten und nicht nur die Karpfen. Die Gr\u00f6\u00dfe liegt bei 10mm. Die Erbsen in kaltem Wasser einweichen und mit einem Deckel abdecken. \u00dcber die Nacht einweichen lassen. Die Erbsen [&hellip;]<\/p>\n","protected":false},"author":2,"featured_media":396,"parent":3459,"menu_order":0,"comment_status":"closed","ping_status":"closed","template":"","meta":{"site-sidebar-layout":"no-sidebar","site-content-layout":"page-builder","ast-site-content-layout":"default","site-content-style":"default","site-sidebar-style":"default","ast-global-header-display":"","ast-banner-title-visibility":"","ast-main-header-display":"","ast-hfb-above-header-display":"","ast-hfb-below-header-display":"","ast-hfb-mobile-header-display":"","site-post-title":"disabled","ast-breadcrumbs-content":"","ast-featured-img":"disabled","footer-sml-layout":"","ast-disable-related-posts":"","theme-transparent-header-meta":"default","adv-header-id-meta":"","stick-header-meta":"","header-above-stick-meta":"","header-main-stick-meta":"","header-below-stick-meta":"","astra-migrate-meta-layouts":"default","ast-page-background-enabled":"default","ast-page-background-meta":{"desktop":{"background-color":"","background-image":"","background-repeat":"repeat","background-position":"center center","background-size":"auto","background-attachment":"scroll","background-type":"","background-media":"","overlay-type":"","overlay-color":"","overlay-opacity":"","overlay-gradient":""},"tablet":{"background-color":"","background-image":"","background-repeat":"repeat","background-position":"center center","background-size":"auto","background-attachment":"scroll","background-type":"","background-media":"","overlay-type":"","overlay-color":"","overlay-opacity":"","overlay-gradient":""},"mobile":{"background-color":"","background-image":"","background-repeat":"repeat","background-position":"center center","background-size":"auto","background-attachment":"scroll","background-type":"","background-media":"","overlay-type":"","overlay-color":"","overlay-opacity":"","overlay-gradient":""}},"ast-content-background-meta":{"desktop":{"background-color":"var(--ast-global-color-5)","background-image":"","background-repeat":"repeat","background-position":"center center","background-size":"auto","background-attachment":"scroll","background-type":"","background-media":"","overlay-type":"","overlay-color":"","overlay-opacity":"","overlay-gradient":""},"tablet":{"background-color":"var(--ast-global-color-5)","background-image":"","background-repeat":"repeat","background-position":"center center","background-size":"auto","background-attachment":"scroll","background-type":"","background-media":"","overlay-type":"","overlay-color":"","overlay-opacity":"","overlay-gradient":""},"mobile":{"background-color":"var(--ast-global-color-5)","background-image":"","background-repeat":"repeat","background-position":"center center","background-size":"auto","background-attachment":"scroll","background-type":"","background-media":"","overlay-type":"","overlay-color":"","overlay-opacity":"","overlay-gradient":""}},"footnotes":""},"class_list":["post-3708","page","type-page","status-publish","has-post-thumbnail","hentry"],"yoast_head":"<!-- This site is optimized with the Yoast SEO plugin v27.3 - https:\/\/yoast.com\/product\/yoast-seo-wordpress\/ -->\n<title>Kichererbsen \u25b7 Partikel zum Karpfenfischen<\/title>\n<meta name=\"robots\" content=\"index, follow, max-snippet:-1, max-image-preview:large, max-video-preview:-1\" \/>\n<link rel=\"canonical\" href=\"https:\/\/www.carptigernuts.com\/de\/partikel\/kichererbsen\/\" \/>\n<meta property=\"og:locale\" content=\"de_DE\" \/>\n<meta property=\"og:type\" content=\"article\" \/>\n<meta property=\"og:title\" content=\"Kichererbsen \u25b7 Partikel zum Karpfenfischen\" \/>\n<meta property=\"og:description\" content=\"Kichererbsen Zusammen mit dem Mais sind die Erbsen die bevorzugten Partikel der Angler. Sie sind der perfekte K\u00f6der f\u00fcr Anf\u00e4nger, leider lieben diesen K\u00f6der auch andere Fischarten und nicht nur die Karpfen. Die Gr\u00f6\u00dfe liegt bei 10mm. Die Erbsen in kaltem Wasser einweichen und mit einem Deckel abdecken. \u00dcber die Nacht einweichen lassen. Die Erbsen [&hellip;]\" \/>\n<meta property=\"og:url\" content=\"https:\/\/www.carptigernuts.com\/de\/partikel\/kichererbsen\/\" \/>\n<meta property=\"og:site_name\" content=\"CarpTigernuts.com\" \/>\n<meta property=\"article:modified_time\" content=\"2019-10-19T09:53:44+00:00\" \/>\n<meta property=\"og:image\" content=\"https:\/\/www.carptigernuts.com\/wp-content\/uploads\/particles-chickpeas.jpg\" \/>\n\t<meta property=\"og:image:width\" content=\"1024\" \/>\n\t<meta property=\"og:image:height\" content=\"683\" \/>\n\t<meta property=\"og:image:type\" content=\"image\/jpeg\" \/>\n<meta name=\"twitter:card\" content=\"summary_large_image\" \/>\n<meta name=\"twitter:label1\" content=\"Gesch\u00e4tzte Lesezeit\" \/>\n\t<meta name=\"twitter:data1\" content=\"1\u00a0Minute\" \/>\n<script type=\"application\/ld+json\" class=\"yoast-schema-graph\">{\"@context\":\"https:\\\/\\\/schema.org\",\"@graph\":[{\"@type\":\"WebPage\",\"@id\":\"https:\\\/\\\/www.carptigernuts.com\\\/de\\\/partikel\\\/kichererbsen\\\/\",\"url\":\"https:\\\/\\\/www.carptigernuts.com\\\/de\\\/partikel\\\/kichererbsen\\\/\",\"name\":\"Kichererbsen \u25b7 Partikel zum Karpfenfischen\",\"isPartOf\":{\"@id\":\"https:\\\/\\\/www.carptigernuts.com\\\/de\\\/#website\"},\"primaryImageOfPage\":{\"@id\":\"https:\\\/\\\/www.carptigernuts.com\\\/de\\\/partikel\\\/kichererbsen\\\/#primaryimage\"},\"image\":{\"@id\":\"https:\\\/\\\/www.carptigernuts.com\\\/de\\\/partikel\\\/kichererbsen\\\/#primaryimage\"},\"thumbnailUrl\":\"https:\\\/\\\/www.carptigernuts.com\\\/wp-content\\\/uploads\\\/particles-chickpeas.jpg\",\"datePublished\":\"2019-10-18T15:39:12+00:00\",\"dateModified\":\"2019-10-19T09:53:44+00:00\",\"breadcrumb\":{\"@id\":\"https:\\\/\\\/www.carptigernuts.com\\\/de\\\/partikel\\\/kichererbsen\\\/#breadcrumb\"},\"inLanguage\":\"de\",\"potentialAction\":[{\"@type\":\"ReadAction\",\"target\":[\"https:\\\/\\\/www.carptigernuts.com\\\/de\\\/partikel\\\/kichererbsen\\\/\"]}]},{\"@type\":\"ImageObject\",\"inLanguage\":\"de\",\"@id\":\"https:\\\/\\\/www.carptigernuts.com\\\/de\\\/partikel\\\/kichererbsen\\\/#primaryimage\",\"url\":\"https:\\\/\\\/www.carptigernuts.com\\\/wp-content\\\/uploads\\\/particles-chickpeas.jpg\",\"contentUrl\":\"https:\\\/\\\/www.carptigernuts.com\\\/wp-content\\\/uploads\\\/particles-chickpeas.jpg\",\"width\":1024,\"height\":683},{\"@type\":\"BreadcrumbList\",\"@id\":\"https:\\\/\\\/www.carptigernuts.com\\\/de\\\/partikel\\\/kichererbsen\\\/#breadcrumb\",\"itemListElement\":[{\"@type\":\"ListItem\",\"position\":1,\"name\":\"Home\",\"item\":\"https:\\\/\\\/www.carptigernuts.com\\\/de\\\/\"},{\"@type\":\"ListItem\",\"position\":2,\"name\":\"Partikel\",\"item\":\"https:\\\/\\\/www.carptigernuts.com\\\/de\\\/partikel\\\/\"},{\"@type\":\"ListItem\",\"position\":3,\"name\":\"Kichererbsen\"}]},{\"@type\":\"WebSite\",\"@id\":\"https:\\\/\\\/www.carptigernuts.com\\\/de\\\/#website\",\"url\":\"https:\\\/\\\/www.carptigernuts.com\\\/de\\\/\",\"name\":\"CarpTigernuts.com\",\"description\":\"The tigernut: The king of the particles\",\"publisher\":{\"@id\":\"https:\\\/\\\/www.carptigernuts.com\\\/de\\\/#organization\"},\"potentialAction\":[{\"@type\":\"SearchAction\",\"target\":{\"@type\":\"EntryPoint\",\"urlTemplate\":\"https:\\\/\\\/www.carptigernuts.com\\\/de\\\/?s={search_term_string}\"},\"query-input\":{\"@type\":\"PropertyValueSpecification\",\"valueRequired\":true,\"valueName\":\"search_term_string\"}}],\"inLanguage\":\"de\"},{\"@type\":\"Organization\",\"@id\":\"https:\\\/\\\/www.carptigernuts.com\\\/de\\\/#organization\",\"name\":\"CarpTigernuts.com\",\"url\":\"https:\\\/\\\/www.carptigernuts.com\\\/de\\\/\",\"logo\":{\"@type\":\"ImageObject\",\"inLanguage\":\"de\",\"@id\":\"https:\\\/\\\/www.carptigernuts.com\\\/de\\\/#\\\/schema\\\/logo\\\/image\\\/\",\"url\":\"https:\\\/\\\/www.carptigernuts.com\\\/wp-content\\\/uploads\\\/carptigernuts-logo.png\",\"contentUrl\":\"https:\\\/\\\/www.carptigernuts.com\\\/wp-content\\\/uploads\\\/carptigernuts-logo.png\",\"width\":291,\"height\":150,\"caption\":\"CarpTigernuts.com\"},\"image\":{\"@id\":\"https:\\\/\\\/www.carptigernuts.com\\\/de\\\/#\\\/schema\\\/logo\\\/image\\\/\"}}]}<\/script>\n<!-- \/ Yoast SEO plugin. -->","yoast_head_json":{"title":"Kichererbsen \u25b7 Partikel zum Karpfenfischen","robots":{"index":"index","follow":"follow","max-snippet":"max-snippet:-1","max-image-preview":"max-image-preview:large","max-video-preview":"max-video-preview:-1"},"canonical":"https:\/\/www.carptigernuts.com\/de\/partikel\/kichererbsen\/","og_locale":"de_DE","og_type":"article","og_title":"Kichererbsen \u25b7 Partikel zum Karpfenfischen","og_description":"Kichererbsen Zusammen mit dem Mais sind die Erbsen die bevorzugten Partikel der Angler. Sie sind der perfekte K\u00f6der f\u00fcr Anf\u00e4nger, leider lieben diesen K\u00f6der auch andere Fischarten und nicht nur die Karpfen. Die Gr\u00f6\u00dfe liegt bei 10mm. Die Erbsen in kaltem Wasser einweichen und mit einem Deckel abdecken. \u00dcber die Nacht einweichen lassen. Die Erbsen [&hellip;]","og_url":"https:\/\/www.carptigernuts.com\/de\/partikel\/kichererbsen\/","og_site_name":"CarpTigernuts.com","article_modified_time":"2019-10-19T09:53:44+00:00","og_image":[{"width":1024,"height":683,"url":"https:\/\/www.carptigernuts.com\/wp-content\/uploads\/particles-chickpeas.jpg","type":"image\/jpeg"}],"twitter_card":"summary_large_image","twitter_misc":{"Gesch\u00e4tzte Lesezeit":"1\u00a0Minute"},"schema":{"@context":"https:\/\/schema.org","@graph":[{"@type":"WebPage","@id":"https:\/\/www.carptigernuts.com\/de\/partikel\/kichererbsen\/","url":"https:\/\/www.carptigernuts.com\/de\/partikel\/kichererbsen\/","name":"Kichererbsen \u25b7 Partikel zum Karpfenfischen","isPartOf":{"@id":"https:\/\/www.carptigernuts.com\/de\/#website"},"primaryImageOfPage":{"@id":"https:\/\/www.carptigernuts.com\/de\/partikel\/kichererbsen\/#primaryimage"},"image":{"@id":"https:\/\/www.carptigernuts.com\/de\/partikel\/kichererbsen\/#primaryimage"},"thumbnailUrl":"https:\/\/www.carptigernuts.com\/wp-content\/uploads\/particles-chickpeas.jpg","datePublished":"2019-10-18T15:39:12+00:00","dateModified":"2019-10-19T09:53:44+00:00","breadcrumb":{"@id":"https:\/\/www.carptigernuts.com\/de\/partikel\/kichererbsen\/#breadcrumb"},"inLanguage":"de","potentialAction":[{"@type":"ReadAction","target":["https:\/\/www.carptigernuts.com\/de\/partikel\/kichererbsen\/"]}]},{"@type":"ImageObject","inLanguage":"de","@id":"https:\/\/www.carptigernuts.com\/de\/partikel\/kichererbsen\/#primaryimage","url":"https:\/\/www.carptigernuts.com\/wp-content\/uploads\/particles-chickpeas.jpg","contentUrl":"https:\/\/www.carptigernuts.com\/wp-content\/uploads\/particles-chickpeas.jpg","width":1024,"height":683},{"@type":"BreadcrumbList","@id":"https:\/\/www.carptigernuts.com\/de\/partikel\/kichererbsen\/#breadcrumb","itemListElement":[{"@type":"ListItem","position":1,"name":"Home","item":"https:\/\/www.carptigernuts.com\/de\/"},{"@type":"ListItem","position":2,"name":"Partikel","item":"https:\/\/www.carptigernuts.com\/de\/partikel\/"},{"@type":"ListItem","position":3,"name":"Kichererbsen"}]},{"@type":"WebSite","@id":"https:\/\/www.carptigernuts.com\/de\/#website","url":"https:\/\/www.carptigernuts.com\/de\/","name":"CarpTigernuts.com","description":"The tigernut: The king of the particles","publisher":{"@id":"https:\/\/www.carptigernuts.com\/de\/#organization"},"potentialAction":[{"@type":"SearchAction","target":{"@type":"EntryPoint","urlTemplate":"https:\/\/www.carptigernuts.com\/de\/?s={search_term_string}"},"query-input":{"@type":"PropertyValueSpecification","valueRequired":true,"valueName":"search_term_string"}}],"inLanguage":"de"},{"@type":"Organization","@id":"https:\/\/www.carptigernuts.com\/de\/#organization","name":"CarpTigernuts.com","url":"https:\/\/www.carptigernuts.com\/de\/","logo":{"@type":"ImageObject","inLanguage":"de","@id":"https:\/\/www.carptigernuts.com\/de\/#\/schema\/logo\/image\/","url":"https:\/\/www.carptigernuts.com\/wp-content\/uploads\/carptigernuts-logo.png","contentUrl":"https:\/\/www.carptigernuts.com\/wp-content\/uploads\/carptigernuts-logo.png","width":291,"height":150,"caption":"CarpTigernuts.com"},"image":{"@id":"https:\/\/www.carptigernuts.com\/de\/#\/schema\/logo\/image\/"}}]}},"jetpack_sharing_enabled":true,"_links":{"self":[{"href":"https:\/\/www.carptigernuts.com\/de\/wp-json\/wp\/v2\/pages\/3708","targetHints":{"allow":["GET"]}}],"collection":[{"href":"https:\/\/www.carptigernuts.com\/de\/wp-json\/wp\/v2\/pages"}],"about":[{"href":"https:\/\/www.carptigernuts.com\/de\/wp-json\/wp\/v2\/types\/page"}],"author":[{"embeddable":true,"href":"https:\/\/www.carptigernuts.com\/de\/wp-json\/wp\/v2\/users\/2"}],"replies":[{"embeddable":true,"href":"https:\/\/www.carptigernuts.com\/de\/wp-json\/wp\/v2\/comments?post=3708"}],"version-history":[{"count":3,"href":"https:\/\/www.carptigernuts.com\/de\/wp-json\/wp\/v2\/pages\/3708\/revisions"}],"predecessor-version":[{"id":3716,"href":"https:\/\/www.carptigernuts.com\/de\/wp-json\/wp\/v2\/pages\/3708\/revisions\/3716"}],"up":[{"embeddable":true,"href":"https:\/\/www.carptigernuts.com\/de\/wp-json\/wp\/v2\/pages\/3459"}],"wp:featuredmedia":[{"embeddable":true,"href":"https:\/\/www.carptigernuts.com\/de\/wp-json\/wp\/v2\/media\/396"}],"wp:attachment":[{"href":"https:\/\/www.carptigernuts.com\/de\/wp-json\/wp\/v2\/media?parent=3708"}],"curies":[{"name":"wp","href":"https:\/\/api.w.org\/{rel}","templated":true}]}}