{"id":3690,"date":"2019-10-18T17:35:15","date_gmt":"2019-10-18T15:35:15","guid":{"rendered":"https:\/\/www.carptigernuts.com\/?page_id=3690"},"modified":"2019-10-19T11:53:44","modified_gmt":"2019-10-19T09:53:44","slug":"hanf","status":"publish","type":"page","link":"https:\/\/www.carptigernuts.com\/de\/partikel\/hanf\/","title":{"rendered":"Hanf"},"content":{"rendered":"\t\t<div data-elementor-type=\"wp-page\" data-elementor-id=\"3690\" class=\"elementor elementor-3690 elementor-421\" data-elementor-post-type=\"page\">\n\t\t\t\t\t\t<section class=\"elementor-section elementor-top-section elementor-element elementor-element-560ff1d3 elementor-section-boxed elementor-section-height-default elementor-section-height-default\" data-id=\"560ff1d3\" data-element_type=\"section\" data-e-type=\"section\">\n\t\t\t\t\t\t<div class=\"elementor-container elementor-column-gap-default\">\n\t\t\t\t\t<div class=\"elementor-column elementor-col-100 elementor-top-column elementor-element elementor-element-3d3ff080\" data-id=\"3d3ff080\" data-element_type=\"column\" data-e-type=\"column\">\n\t\t\t<div class=\"elementor-widget-wrap elementor-element-populated\">\n\t\t\t\t\t\t<div class=\"elementor-element elementor-element-58343c2d elementor-widget elementor-widget-heading\" data-id=\"58343c2d\" data-element_type=\"widget\" data-e-type=\"widget\" data-widget_type=\"heading.default\">\n\t\t\t\t<div class=\"elementor-widget-container\">\n\t\t\t\t\t<h1 class=\"elementor-heading-title elementor-size-default\">Hanf<\/h1>\t\t\t\t<\/div>\n\t\t\t\t<\/div>\n\t\t\t\t\t<\/div>\n\t\t<\/div>\n\t\t\t\t\t<\/div>\n\t\t<\/section>\n\t\t\t\t<section class=\"elementor-section elementor-top-section elementor-element elementor-element-175418e2 elementor-section-boxed elementor-section-height-default elementor-section-height-default\" data-id=\"175418e2\" data-element_type=\"section\" data-e-type=\"section\" data-settings=\"{&quot;background_background&quot;:&quot;classic&quot;}\">\n\t\t\t\t\t\t<div class=\"elementor-container elementor-column-gap-default\">\n\t\t\t\t\t<div class=\"elementor-column elementor-col-50 elementor-top-column elementor-element elementor-element-5a2d7202\" data-id=\"5a2d7202\" data-element_type=\"column\" data-e-type=\"column\">\n\t\t\t<div class=\"elementor-widget-wrap elementor-element-populated\">\n\t\t\t\t\t\t<div class=\"elementor-element elementor-element-2f419d51 elementor-widget elementor-widget-image\" data-id=\"2f419d51\" data-element_type=\"widget\" data-e-type=\"widget\" data-widget_type=\"image.default\">\n\t\t\t\t<div class=\"elementor-widget-container\">\n\t\t\t\t\t\t\t\t\t\t\t\t\t\t\t<img fetchpriority=\"high\" decoding=\"async\" width=\"1024\" height=\"683\" src=\"https:\/\/www.carptigernuts.com\/wp-content\/uploads\/particles-hemp.jpg\" class=\"attachment-large size-large wp-image-424\" alt=\"\" srcset=\"https:\/\/www.carptigernuts.com\/wp-content\/uploads\/particles-hemp.jpg 1024w, https:\/\/www.carptigernuts.com\/wp-content\/uploads\/particles-hemp-150x100.jpg 150w, https:\/\/www.carptigernuts.com\/wp-content\/uploads\/particles-hemp-600x400.jpg 600w, https:\/\/www.carptigernuts.com\/wp-content\/uploads\/particles-hemp-768x512.jpg 768w\" sizes=\"(max-width: 1024px) 100vw, 1024px\" \/>\t\t\t\t\t\t\t\t\t\t\t\t\t\t\t<\/div>\n\t\t\t\t<\/div>\n\t\t\t\t\t<\/div>\n\t\t<\/div>\n\t\t\t\t<div class=\"elementor-column elementor-col-50 elementor-top-column elementor-element elementor-element-6faf85a6\" data-id=\"6faf85a6\" data-element_type=\"column\" data-e-type=\"column\">\n\t\t\t<div class=\"elementor-widget-wrap elementor-element-populated\">\n\t\t\t\t\t\t<div class=\"elementor-element elementor-element-1f78a38a elementor-widget elementor-widget-text-editor\" data-id=\"1f78a38a\" data-element_type=\"widget\" data-e-type=\"widget\" data-widget_type=\"text-editor.default\">\n\t\t\t\t<div class=\"elementor-widget-container\">\n\t\t\t\t\t\t\t\t\t<p>Hanf ist ein kleiner schwarzer Samen, ungef\u00e4hr 5 mm Gro\u00df, welcher vor Gebrauch vorbereitet werden muss. Es gibt mehrere Formen Hanf vorzubereiten, wir schlagen Ihr die gel\u00e4ufigste vor:<\/p><ol><li>Den Hanf in Wasser einweichen und mit einem Deckel abdecken. \u00dcber die Nacht einweichen lassen. Der Hanf nimmt wieder seine nat\u00fcrliche Feuchtigkeit auf, deshalb muss man gen\u00fcgend Wasser verwenden.<\/li><\/ol><p><strong>Wie lange sollte man den Hanf einweichen?:<\/strong><span class=\"Apple-converted-space\">\u00a0<\/span>24 Stunden<\/p><ol><li>Danach muss man wieder etwas Wasser dazugeben und in einen Kochtopf umf\u00fcllen um den Kochvorgang zu starten. Der Kochvorgang muss das Produkt aufweichen aber es darf nicht zerfallen.<\/li><\/ol><p><strong>Wie lande sollte man den Hanf kochen?:<\/strong><span class=\"Apple-converted-space\">\u00a0<\/span>20 Minuten<\/p><ul type=\"circle\"><li>Sobald der Hanf auf Raumtemperatur abgek\u00fchlt ist, geben wir ihn in einen hermetischen Beh\u00e4lter wo wir ihn g\u00e4ren Lassen.<\/li><\/ul>\t\t\t\t\t\t\t\t<\/div>\n\t\t\t\t<\/div>\n\t\t\t\t\t<\/div>\n\t\t<\/div>\n\t\t\t\t\t<\/div>\n\t\t<\/section>\n\t\t\t\t<section class=\"elementor-section elementor-top-section elementor-element elementor-element-2cac3dc0 elementor-section-boxed elementor-section-height-default elementor-section-height-default\" data-id=\"2cac3dc0\" data-element_type=\"section\" data-e-type=\"section\">\n\t\t\t\t\t\t<div class=\"elementor-container elementor-column-gap-default\">\n\t\t\t\t\t<div class=\"elementor-column elementor-col-100 elementor-top-column elementor-element elementor-element-633f420d\" data-id=\"633f420d\" data-element_type=\"column\" data-e-type=\"column\">\n\t\t\t<div class=\"elementor-widget-wrap elementor-element-populated\">\n\t\t\t\t\t\t<div class=\"elementor-element elementor-element-4576af78 elementor-widget elementor-widget-image\" data-id=\"4576af78\" data-element_type=\"widget\" data-e-type=\"widget\" data-widget_type=\"image.default\">\n\t\t\t\t<div class=\"elementor-widget-container\">\n\t\t\t\t\t\t\t\t\t\t\t\t\t\t\t<img decoding=\"async\" width=\"1168\" height=\"876\" src=\"https:\/\/www.carptigernuts.com\/wp-content\/uploads\/carps-caught-with-tigernuts-03.jpg\" class=\"attachment-full size-full wp-image-221\" alt=\"\" srcset=\"https:\/\/www.carptigernuts.com\/wp-content\/uploads\/carps-caught-with-tigernuts-03.jpg 1168w, https:\/\/www.carptigernuts.com\/wp-content\/uploads\/carps-caught-with-tigernuts-03-150x113.jpg 150w, https:\/\/www.carptigernuts.com\/wp-content\/uploads\/carps-caught-with-tigernuts-03-600x450.jpg 600w, https:\/\/www.carptigernuts.com\/wp-content\/uploads\/carps-caught-with-tigernuts-03-768x576.jpg 768w\" sizes=\"(max-width: 1168px) 100vw, 1168px\" \/>\t\t\t\t\t\t\t\t\t\t\t\t\t\t\t<\/div>\n\t\t\t\t<\/div>\n\t\t\t\t\t<\/div>\n\t\t<\/div>\n\t\t\t\t\t<\/div>\n\t\t<\/section>\n\t\t\t\t<\/div>\n\t\t","protected":false},"excerpt":{"rendered":"<p>Hanf Hanf ist ein kleiner schwarzer Samen, ungef\u00e4hr 5 mm Gro\u00df, welcher vor Gebrauch vorbereitet werden muss. Es gibt mehrere Formen Hanf vorzubereiten, wir schlagen Ihr die gel\u00e4ufigste vor: Den Hanf in Wasser einweichen und mit einem Deckel abdecken. \u00dcber die Nacht einweichen lassen. Der Hanf nimmt wieder seine nat\u00fcrliche Feuchtigkeit auf, deshalb muss man [&hellip;]<\/p>\n","protected":false},"author":2,"featured_media":424,"parent":3459,"menu_order":0,"comment_status":"closed","ping_status":"closed","template":"","meta":{"site-sidebar-layout":"no-sidebar","site-content-layout":"page-builder","ast-site-content-layout":"default","site-content-style":"default","site-sidebar-style":"default","ast-global-header-display":"","ast-banner-title-visibility":"","ast-main-header-display":"","ast-hfb-above-header-display":"","ast-hfb-below-header-display":"","ast-hfb-mobile-header-display":"","site-post-title":"disabled","ast-breadcrumbs-content":"","ast-featured-img":"disabled","footer-sml-layout":"","ast-disable-related-posts":"","theme-transparent-header-meta":"default","adv-header-id-meta":"","stick-header-meta":"","header-above-stick-meta":"","header-main-stick-meta":"","header-below-stick-meta":"","astra-migrate-meta-layouts":"default","ast-page-background-enabled":"default","ast-page-background-meta":{"desktop":{"background-color":"","background-image":"","background-repeat":"repeat","background-position":"center center","background-size":"auto","background-attachment":"scroll","background-type":"","background-media":"","overlay-type":"","overlay-color":"","overlay-opacity":"","overlay-gradient":""},"tablet":{"background-color":"","background-image":"","background-repeat":"repeat","background-position":"center center","background-size":"auto","background-attachment":"scroll","background-type":"","background-media":"","overlay-type":"","overlay-color":"","overlay-opacity":"","overlay-gradient":""},"mobile":{"background-color":"","background-image":"","background-repeat":"repeat","background-position":"center center","background-size":"auto","background-attachment":"scroll","background-type":"","background-media":"","overlay-type":"","overlay-color":"","overlay-opacity":"","overlay-gradient":""}},"ast-content-background-meta":{"desktop":{"background-color":"var(--ast-global-color-5)","background-image":"","background-repeat":"repeat","background-position":"center center","background-size":"auto","background-attachment":"scroll","background-type":"","background-media":"","overlay-type":"","overlay-color":"","overlay-opacity":"","overlay-gradient":""},"tablet":{"background-color":"var(--ast-global-color-5)","background-image":"","background-repeat":"repeat","background-position":"center center","background-size":"auto","background-attachment":"scroll","background-type":"","background-media":"","overlay-type":"","overlay-color":"","overlay-opacity":"","overlay-gradient":""},"mobile":{"background-color":"var(--ast-global-color-5)","background-image":"","background-repeat":"repeat","background-position":"center center","background-size":"auto","background-attachment":"scroll","background-type":"","background-media":"","overlay-type":"","overlay-color":"","overlay-opacity":"","overlay-gradient":""}},"footnotes":""},"class_list":["post-3690","page","type-page","status-publish","has-post-thumbnail","hentry"],"yoast_head":"<!-- This site is optimized with the Yoast SEO plugin v27.3 - https:\/\/yoast.com\/product\/yoast-seo-wordpress\/ -->\n<title>Hanf \u25b7 Partikel zum Karpfenfischen<\/title>\n<meta name=\"robots\" content=\"index, follow, max-snippet:-1, max-image-preview:large, max-video-preview:-1\" \/>\n<link rel=\"canonical\" href=\"https:\/\/www.carptigernuts.com\/de\/partikel\/hanf\/\" \/>\n<meta property=\"og:locale\" content=\"de_DE\" \/>\n<meta property=\"og:type\" content=\"article\" \/>\n<meta property=\"og:title\" content=\"Hanf \u25b7 Partikel zum Karpfenfischen\" \/>\n<meta property=\"og:description\" content=\"Hanf Hanf ist ein kleiner schwarzer Samen, ungef\u00e4hr 5 mm Gro\u00df, welcher vor Gebrauch vorbereitet werden muss. Es gibt mehrere Formen Hanf vorzubereiten, wir schlagen Ihr die gel\u00e4ufigste vor: Den Hanf in Wasser einweichen und mit einem Deckel abdecken. \u00dcber die Nacht einweichen lassen. Der Hanf nimmt wieder seine nat\u00fcrliche Feuchtigkeit auf, deshalb muss man [&hellip;]\" \/>\n<meta property=\"og:url\" content=\"https:\/\/www.carptigernuts.com\/de\/partikel\/hanf\/\" \/>\n<meta property=\"og:site_name\" content=\"CarpTigernuts.com\" \/>\n<meta property=\"article:modified_time\" content=\"2019-10-19T09:53:44+00:00\" \/>\n<meta property=\"og:image\" content=\"https:\/\/www.carptigernuts.com\/wp-content\/uploads\/particles-hemp.jpg\" \/>\n\t<meta property=\"og:image:width\" content=\"1024\" \/>\n\t<meta property=\"og:image:height\" content=\"683\" \/>\n\t<meta property=\"og:image:type\" content=\"image\/jpeg\" \/>\n<meta name=\"twitter:card\" content=\"summary_large_image\" \/>\n<meta name=\"twitter:label1\" content=\"Gesch\u00e4tzte Lesezeit\" \/>\n\t<meta name=\"twitter:data1\" content=\"1\u00a0Minute\" \/>\n<script type=\"application\/ld+json\" class=\"yoast-schema-graph\">{\"@context\":\"https:\\\/\\\/schema.org\",\"@graph\":[{\"@type\":\"WebPage\",\"@id\":\"https:\\\/\\\/www.carptigernuts.com\\\/de\\\/partikel\\\/hanf\\\/\",\"url\":\"https:\\\/\\\/www.carptigernuts.com\\\/de\\\/partikel\\\/hanf\\\/\",\"name\":\"Hanf \u25b7 Partikel zum Karpfenfischen\",\"isPartOf\":{\"@id\":\"https:\\\/\\\/www.carptigernuts.com\\\/de\\\/#website\"},\"primaryImageOfPage\":{\"@id\":\"https:\\\/\\\/www.carptigernuts.com\\\/de\\\/partikel\\\/hanf\\\/#primaryimage\"},\"image\":{\"@id\":\"https:\\\/\\\/www.carptigernuts.com\\\/de\\\/partikel\\\/hanf\\\/#primaryimage\"},\"thumbnailUrl\":\"https:\\\/\\\/www.carptigernuts.com\\\/wp-content\\\/uploads\\\/particles-hemp.jpg\",\"datePublished\":\"2019-10-18T15:35:15+00:00\",\"dateModified\":\"2019-10-19T09:53:44+00:00\",\"breadcrumb\":{\"@id\":\"https:\\\/\\\/www.carptigernuts.com\\\/de\\\/partikel\\\/hanf\\\/#breadcrumb\"},\"inLanguage\":\"de\",\"potentialAction\":[{\"@type\":\"ReadAction\",\"target\":[\"https:\\\/\\\/www.carptigernuts.com\\\/de\\\/partikel\\\/hanf\\\/\"]}]},{\"@type\":\"ImageObject\",\"inLanguage\":\"de\",\"@id\":\"https:\\\/\\\/www.carptigernuts.com\\\/de\\\/partikel\\\/hanf\\\/#primaryimage\",\"url\":\"https:\\\/\\\/www.carptigernuts.com\\\/wp-content\\\/uploads\\\/particles-hemp.jpg\",\"contentUrl\":\"https:\\\/\\\/www.carptigernuts.com\\\/wp-content\\\/uploads\\\/particles-hemp.jpg\",\"width\":1024,\"height\":683},{\"@type\":\"BreadcrumbList\",\"@id\":\"https:\\\/\\\/www.carptigernuts.com\\\/de\\\/partikel\\\/hanf\\\/#breadcrumb\",\"itemListElement\":[{\"@type\":\"ListItem\",\"position\":1,\"name\":\"Home\",\"item\":\"https:\\\/\\\/www.carptigernuts.com\\\/de\\\/\"},{\"@type\":\"ListItem\",\"position\":2,\"name\":\"Partikel\",\"item\":\"https:\\\/\\\/www.carptigernuts.com\\\/de\\\/partikel\\\/\"},{\"@type\":\"ListItem\",\"position\":3,\"name\":\"Hanf\"}]},{\"@type\":\"WebSite\",\"@id\":\"https:\\\/\\\/www.carptigernuts.com\\\/de\\\/#website\",\"url\":\"https:\\\/\\\/www.carptigernuts.com\\\/de\\\/\",\"name\":\"CarpTigernuts.com\",\"description\":\"The tigernut: The king of the particles\",\"publisher\":{\"@id\":\"https:\\\/\\\/www.carptigernuts.com\\\/de\\\/#organization\"},\"potentialAction\":[{\"@type\":\"SearchAction\",\"target\":{\"@type\":\"EntryPoint\",\"urlTemplate\":\"https:\\\/\\\/www.carptigernuts.com\\\/de\\\/?s={search_term_string}\"},\"query-input\":{\"@type\":\"PropertyValueSpecification\",\"valueRequired\":true,\"valueName\":\"search_term_string\"}}],\"inLanguage\":\"de\"},{\"@type\":\"Organization\",\"@id\":\"https:\\\/\\\/www.carptigernuts.com\\\/de\\\/#organization\",\"name\":\"CarpTigernuts.com\",\"url\":\"https:\\\/\\\/www.carptigernuts.com\\\/de\\\/\",\"logo\":{\"@type\":\"ImageObject\",\"inLanguage\":\"de\",\"@id\":\"https:\\\/\\\/www.carptigernuts.com\\\/de\\\/#\\\/schema\\\/logo\\\/image\\\/\",\"url\":\"https:\\\/\\\/www.carptigernuts.com\\\/wp-content\\\/uploads\\\/carptigernuts-logo.png\",\"contentUrl\":\"https:\\\/\\\/www.carptigernuts.com\\\/wp-content\\\/uploads\\\/carptigernuts-logo.png\",\"width\":291,\"height\":150,\"caption\":\"CarpTigernuts.com\"},\"image\":{\"@id\":\"https:\\\/\\\/www.carptigernuts.com\\\/de\\\/#\\\/schema\\\/logo\\\/image\\\/\"}}]}<\/script>\n<!-- \/ Yoast SEO plugin. -->","yoast_head_json":{"title":"Hanf \u25b7 Partikel zum Karpfenfischen","robots":{"index":"index","follow":"follow","max-snippet":"max-snippet:-1","max-image-preview":"max-image-preview:large","max-video-preview":"max-video-preview:-1"},"canonical":"https:\/\/www.carptigernuts.com\/de\/partikel\/hanf\/","og_locale":"de_DE","og_type":"article","og_title":"Hanf \u25b7 Partikel zum Karpfenfischen","og_description":"Hanf Hanf ist ein kleiner schwarzer Samen, ungef\u00e4hr 5 mm Gro\u00df, welcher vor Gebrauch vorbereitet werden muss. Es gibt mehrere Formen Hanf vorzubereiten, wir schlagen Ihr die gel\u00e4ufigste vor: Den Hanf in Wasser einweichen und mit einem Deckel abdecken. \u00dcber die Nacht einweichen lassen. Der Hanf nimmt wieder seine nat\u00fcrliche Feuchtigkeit auf, deshalb muss man [&hellip;]","og_url":"https:\/\/www.carptigernuts.com\/de\/partikel\/hanf\/","og_site_name":"CarpTigernuts.com","article_modified_time":"2019-10-19T09:53:44+00:00","og_image":[{"width":1024,"height":683,"url":"https:\/\/www.carptigernuts.com\/wp-content\/uploads\/particles-hemp.jpg","type":"image\/jpeg"}],"twitter_card":"summary_large_image","twitter_misc":{"Gesch\u00e4tzte Lesezeit":"1\u00a0Minute"},"schema":{"@context":"https:\/\/schema.org","@graph":[{"@type":"WebPage","@id":"https:\/\/www.carptigernuts.com\/de\/partikel\/hanf\/","url":"https:\/\/www.carptigernuts.com\/de\/partikel\/hanf\/","name":"Hanf \u25b7 Partikel zum Karpfenfischen","isPartOf":{"@id":"https:\/\/www.carptigernuts.com\/de\/#website"},"primaryImageOfPage":{"@id":"https:\/\/www.carptigernuts.com\/de\/partikel\/hanf\/#primaryimage"},"image":{"@id":"https:\/\/www.carptigernuts.com\/de\/partikel\/hanf\/#primaryimage"},"thumbnailUrl":"https:\/\/www.carptigernuts.com\/wp-content\/uploads\/particles-hemp.jpg","datePublished":"2019-10-18T15:35:15+00:00","dateModified":"2019-10-19T09:53:44+00:00","breadcrumb":{"@id":"https:\/\/www.carptigernuts.com\/de\/partikel\/hanf\/#breadcrumb"},"inLanguage":"de","potentialAction":[{"@type":"ReadAction","target":["https:\/\/www.carptigernuts.com\/de\/partikel\/hanf\/"]}]},{"@type":"ImageObject","inLanguage":"de","@id":"https:\/\/www.carptigernuts.com\/de\/partikel\/hanf\/#primaryimage","url":"https:\/\/www.carptigernuts.com\/wp-content\/uploads\/particles-hemp.jpg","contentUrl":"https:\/\/www.carptigernuts.com\/wp-content\/uploads\/particles-hemp.jpg","width":1024,"height":683},{"@type":"BreadcrumbList","@id":"https:\/\/www.carptigernuts.com\/de\/partikel\/hanf\/#breadcrumb","itemListElement":[{"@type":"ListItem","position":1,"name":"Home","item":"https:\/\/www.carptigernuts.com\/de\/"},{"@type":"ListItem","position":2,"name":"Partikel","item":"https:\/\/www.carptigernuts.com\/de\/partikel\/"},{"@type":"ListItem","position":3,"name":"Hanf"}]},{"@type":"WebSite","@id":"https:\/\/www.carptigernuts.com\/de\/#website","url":"https:\/\/www.carptigernuts.com\/de\/","name":"CarpTigernuts.com","description":"The tigernut: The king of the particles","publisher":{"@id":"https:\/\/www.carptigernuts.com\/de\/#organization"},"potentialAction":[{"@type":"SearchAction","target":{"@type":"EntryPoint","urlTemplate":"https:\/\/www.carptigernuts.com\/de\/?s={search_term_string}"},"query-input":{"@type":"PropertyValueSpecification","valueRequired":true,"valueName":"search_term_string"}}],"inLanguage":"de"},{"@type":"Organization","@id":"https:\/\/www.carptigernuts.com\/de\/#organization","name":"CarpTigernuts.com","url":"https:\/\/www.carptigernuts.com\/de\/","logo":{"@type":"ImageObject","inLanguage":"de","@id":"https:\/\/www.carptigernuts.com\/de\/#\/schema\/logo\/image\/","url":"https:\/\/www.carptigernuts.com\/wp-content\/uploads\/carptigernuts-logo.png","contentUrl":"https:\/\/www.carptigernuts.com\/wp-content\/uploads\/carptigernuts-logo.png","width":291,"height":150,"caption":"CarpTigernuts.com"},"image":{"@id":"https:\/\/www.carptigernuts.com\/de\/#\/schema\/logo\/image\/"}}]}},"jetpack_sharing_enabled":true,"_links":{"self":[{"href":"https:\/\/www.carptigernuts.com\/de\/wp-json\/wp\/v2\/pages\/3690","targetHints":{"allow":["GET"]}}],"collection":[{"href":"https:\/\/www.carptigernuts.com\/de\/wp-json\/wp\/v2\/pages"}],"about":[{"href":"https:\/\/www.carptigernuts.com\/de\/wp-json\/wp\/v2\/types\/page"}],"author":[{"embeddable":true,"href":"https:\/\/www.carptigernuts.com\/de\/wp-json\/wp\/v2\/users\/2"}],"replies":[{"embeddable":true,"href":"https:\/\/www.carptigernuts.com\/de\/wp-json\/wp\/v2\/comments?post=3690"}],"version-history":[{"count":2,"href":"https:\/\/www.carptigernuts.com\/de\/wp-json\/wp\/v2\/pages\/3690\/revisions"}],"predecessor-version":[{"id":3696,"href":"https:\/\/www.carptigernuts.com\/de\/wp-json\/wp\/v2\/pages\/3690\/revisions\/3696"}],"up":[{"embeddable":true,"href":"https:\/\/www.carptigernuts.com\/de\/wp-json\/wp\/v2\/pages\/3459"}],"wp:featuredmedia":[{"embeddable":true,"href":"https:\/\/www.carptigernuts.com\/de\/wp-json\/wp\/v2\/media\/424"}],"wp:attachment":[{"href":"https:\/\/www.carptigernuts.com\/de\/wp-json\/wp\/v2\/media?parent=3690"}],"curies":[{"name":"wp","href":"https:\/\/api.w.org\/{rel}","templated":true}]}}