{"id":3662,"date":"2019-10-18T17:28:24","date_gmt":"2019-10-18T15:28:24","guid":{"rendered":"https:\/\/www.carptigernuts.com\/?page_id=3662"},"modified":"2019-10-19T11:53:44","modified_gmt":"2019-10-19T09:53:44","slug":"rote-erbsen","status":"publish","type":"page","link":"https:\/\/www.carptigernuts.com\/de\/partikel\/rote-erbsen\/","title":{"rendered":"Rote Erbsen"},"content":{"rendered":"\t\t<div data-elementor-type=\"wp-page\" data-elementor-id=\"3662\" class=\"elementor elementor-3662 elementor-414\" data-elementor-post-type=\"page\">\n\t\t\t\t\t\t<section class=\"elementor-section elementor-top-section elementor-element elementor-element-111744b9 elementor-section-boxed elementor-section-height-default elementor-section-height-default\" data-id=\"111744b9\" data-element_type=\"section\" data-e-type=\"section\">\n\t\t\t\t\t\t<div class=\"elementor-container elementor-column-gap-default\">\n\t\t\t\t\t<div class=\"elementor-column elementor-col-100 elementor-top-column elementor-element elementor-element-43edd9f6\" data-id=\"43edd9f6\" data-element_type=\"column\" data-e-type=\"column\">\n\t\t\t<div class=\"elementor-widget-wrap elementor-element-populated\">\n\t\t\t\t\t\t<div class=\"elementor-element elementor-element-2786d060 elementor-widget elementor-widget-heading\" data-id=\"2786d060\" data-element_type=\"widget\" data-e-type=\"widget\" data-widget_type=\"heading.default\">\n\t\t\t\t<div class=\"elementor-widget-container\">\n\t\t\t\t\t<h1 class=\"elementor-heading-title elementor-size-default\">Rote Erbsen\n<\/h1>\t\t\t\t<\/div>\n\t\t\t\t<\/div>\n\t\t\t\t\t<\/div>\n\t\t<\/div>\n\t\t\t\t\t<\/div>\n\t\t<\/section>\n\t\t\t\t<section class=\"elementor-section elementor-top-section elementor-element elementor-element-4493834e elementor-section-boxed elementor-section-height-default elementor-section-height-default\" data-id=\"4493834e\" data-element_type=\"section\" data-e-type=\"section\" data-settings=\"{&quot;background_background&quot;:&quot;classic&quot;}\">\n\t\t\t\t\t\t<div class=\"elementor-container elementor-column-gap-default\">\n\t\t\t\t\t<div class=\"elementor-column elementor-col-50 elementor-top-column elementor-element elementor-element-33e20307\" data-id=\"33e20307\" data-element_type=\"column\" data-e-type=\"column\">\n\t\t\t<div class=\"elementor-widget-wrap elementor-element-populated\">\n\t\t\t\t\t\t<div class=\"elementor-element elementor-element-7008ae2e elementor-widget elementor-widget-image\" data-id=\"7008ae2e\" data-element_type=\"widget\" data-e-type=\"widget\" data-widget_type=\"image.default\">\n\t\t\t\t<div class=\"elementor-widget-container\">\n\t\t\t\t\t\t\t\t\t\t\t\t\t\t\t<img fetchpriority=\"high\" decoding=\"async\" width=\"1024\" height=\"683\" src=\"https:\/\/www.carptigernuts.com\/wp-content\/uploads\/particles-mapple-peas.jpg\" class=\"attachment-large size-large wp-image-417\" alt=\"Mapple Peas for Carp Fishing\" srcset=\"https:\/\/www.carptigernuts.com\/wp-content\/uploads\/particles-mapple-peas.jpg 1024w, https:\/\/www.carptigernuts.com\/wp-content\/uploads\/particles-mapple-peas-150x100.jpg 150w, https:\/\/www.carptigernuts.com\/wp-content\/uploads\/particles-mapple-peas-600x400.jpg 600w, https:\/\/www.carptigernuts.com\/wp-content\/uploads\/particles-mapple-peas-768x512.jpg 768w\" sizes=\"(max-width: 1024px) 100vw, 1024px\" \/>\t\t\t\t\t\t\t\t\t\t\t\t\t\t\t<\/div>\n\t\t\t\t<\/div>\n\t\t\t\t\t<\/div>\n\t\t<\/div>\n\t\t\t\t<div class=\"elementor-column elementor-col-50 elementor-top-column elementor-element elementor-element-678b7b8e\" data-id=\"678b7b8e\" data-element_type=\"column\" data-e-type=\"column\">\n\t\t\t<div class=\"elementor-widget-wrap elementor-element-populated\">\n\t\t\t\t\t\t<div class=\"elementor-element elementor-element-333394ed elementor-widget elementor-widget-text-editor\" data-id=\"333394ed\" data-element_type=\"widget\" data-e-type=\"widget\" data-widget_type=\"text-editor.default\">\n\t\t\t\t<div class=\"elementor-widget-container\">\n\t\t\t\t\t\t\t\t\t<p>Genauseo wie der Mais und die Bohnen sind die roten Erbsen ein K\u00f6der welcher Sofort funktioniert. Eines der Fehler ist die roten Bohen zu viel zu ben\u00fctzen, was in einem l\u00e4ngerem Zeitraum die Fangquote verringert. Deshalb wird dieser Partikel in der letzten Zeit nicht mehr so viel ben\u00fctzt. Si haben ein Gr\u00f6\u00dfe von ungef\u00e4hr 7 mm.<br \/>Uno de los principales errores que se produce en con este grano es utilizar demasiados para pescar, lo que limita las capturas. Posiblemente por este motivo los guisantes rojos han ca\u00eddo un poco en el olvido de los pescadores, pero, pese a eso, sigue siendo un excelente grano. Tiene un di\u00e1metro aproximado de 7 mm.<\/p><ul><li>Die Erbsen in Wasser einweichen und mit einem Deckel abdecken. \u00dcber die Nacht einweichen lassen. Die Erbsen nehmen wieder ihre nat\u00fcrliche Feuchtigkeit auf, deshalb muss man gen\u00fcgend Wasser verwenden.<\/li><\/ul><p><strong>Wie lange sollte man die Erbsen einweichen?:<\/strong><span class=\"Apple-converted-space\">\u00a0<\/span>12 Stunden<\/p><ul><li>Danach muss man wieder etwas Wasser dazugeben und in einen Kochtopf umf\u00fcllen um den Kochvorgang zu starten. Der Kochvorgang muss das Produkt aufweichen aber es darf nicht zerfallen.<\/li><\/ul><p><strong>Wie lande sollte man die Erbsen kochen?:<\/strong><span class=\"Apple-converted-space\">\u00a0<\/span>30 Minuten<\/p><ul type=\"circle\"><li>Sobald die Erbsen auf Raumtemperatur abgek\u00fchlt ist, geben wir sie in einen hermetischen Beh\u00e4lter wo wir ihn eine Nacht lang g\u00e4ren lassen. Man braucht ungef\u00e4hr 48 Stunden f\u00fcr die beste G\u00e4rung.<\/li><\/ul>\t\t\t\t\t\t\t\t<\/div>\n\t\t\t\t<\/div>\n\t\t\t\t\t<\/div>\n\t\t<\/div>\n\t\t\t\t\t<\/div>\n\t\t<\/section>\n\t\t\t\t<section class=\"elementor-section elementor-top-section elementor-element elementor-element-313dcf42 elementor-section-boxed elementor-section-height-default elementor-section-height-default\" data-id=\"313dcf42\" data-element_type=\"section\" data-e-type=\"section\">\n\t\t\t\t\t\t<div class=\"elementor-container elementor-column-gap-default\">\n\t\t\t\t\t<div class=\"elementor-column elementor-col-100 elementor-top-column elementor-element elementor-element-ad942e9\" data-id=\"ad942e9\" data-element_type=\"column\" data-e-type=\"column\">\n\t\t\t<div class=\"elementor-widget-wrap elementor-element-populated\">\n\t\t\t\t\t\t<div class=\"elementor-element elementor-element-5536cb1 elementor-widget elementor-widget-image\" data-id=\"5536cb1\" data-element_type=\"widget\" data-e-type=\"widget\" data-widget_type=\"image.default\">\n\t\t\t\t<div class=\"elementor-widget-container\">\n\t\t\t\t\t\t\t\t\t\t\t\t\t\t\t<img decoding=\"async\" width=\"1168\" height=\"876\" src=\"https:\/\/www.carptigernuts.com\/wp-content\/uploads\/carps-caught-with-tigernuts-06.jpg\" class=\"attachment-large size-large wp-image-233\" alt=\"\" srcset=\"https:\/\/www.carptigernuts.com\/wp-content\/uploads\/carps-caught-with-tigernuts-06.jpg 1168w, https:\/\/www.carptigernuts.com\/wp-content\/uploads\/carps-caught-with-tigernuts-06-150x113.jpg 150w, https:\/\/www.carptigernuts.com\/wp-content\/uploads\/carps-caught-with-tigernuts-06-600x450.jpg 600w, https:\/\/www.carptigernuts.com\/wp-content\/uploads\/carps-caught-with-tigernuts-06-768x576.jpg 768w\" sizes=\"(max-width: 1168px) 100vw, 1168px\" \/>\t\t\t\t\t\t\t\t\t\t\t\t\t\t\t<\/div>\n\t\t\t\t<\/div>\n\t\t\t\t\t<\/div>\n\t\t<\/div>\n\t\t\t\t\t<\/div>\n\t\t<\/section>\n\t\t\t\t<\/div>\n\t\t","protected":false},"excerpt":{"rendered":"<p>Rote Erbsen Genauseo wie der Mais und die Bohnen sind die roten Erbsen ein K\u00f6der welcher Sofort funktioniert. Eines der Fehler ist die roten Bohen zu viel zu ben\u00fctzen, was in einem l\u00e4ngerem Zeitraum die Fangquote verringert. Deshalb wird dieser Partikel in der letzten Zeit nicht mehr so viel ben\u00fctzt. Si haben ein Gr\u00f6\u00dfe von [&hellip;]<\/p>\n","protected":false},"author":2,"featured_media":417,"parent":3459,"menu_order":0,"comment_status":"closed","ping_status":"closed","template":"","meta":{"site-sidebar-layout":"no-sidebar","site-content-layout":"page-builder","ast-site-content-layout":"default","site-content-style":"default","site-sidebar-style":"default","ast-global-header-display":"","ast-banner-title-visibility":"","ast-main-header-display":"","ast-hfb-above-header-display":"","ast-hfb-below-header-display":"","ast-hfb-mobile-header-display":"","site-post-title":"disabled","ast-breadcrumbs-content":"","ast-featured-img":"disabled","footer-sml-layout":"","ast-disable-related-posts":"","theme-transparent-header-meta":"default","adv-header-id-meta":"","stick-header-meta":"","header-above-stick-meta":"","header-main-stick-meta":"","header-below-stick-meta":"","astra-migrate-meta-layouts":"default","ast-page-background-enabled":"default","ast-page-background-meta":{"desktop":{"background-color":"","background-image":"","background-repeat":"repeat","background-position":"center center","background-size":"auto","background-attachment":"scroll","background-type":"","background-media":"","overlay-type":"","overlay-color":"","overlay-opacity":"","overlay-gradient":""},"tablet":{"background-color":"","background-image":"","background-repeat":"repeat","background-position":"center center","background-size":"auto","background-attachment":"scroll","background-type":"","background-media":"","overlay-type":"","overlay-color":"","overlay-opacity":"","overlay-gradient":""},"mobile":{"background-color":"","background-image":"","background-repeat":"repeat","background-position":"center center","background-size":"auto","background-attachment":"scroll","background-type":"","background-media":"","overlay-type":"","overlay-color":"","overlay-opacity":"","overlay-gradient":""}},"ast-content-background-meta":{"desktop":{"background-color":"var(--ast-global-color-5)","background-image":"","background-repeat":"repeat","background-position":"center center","background-size":"auto","background-attachment":"scroll","background-type":"","background-media":"","overlay-type":"","overlay-color":"","overlay-opacity":"","overlay-gradient":""},"tablet":{"background-color":"var(--ast-global-color-5)","background-image":"","background-repeat":"repeat","background-position":"center center","background-size":"auto","background-attachment":"scroll","background-type":"","background-media":"","overlay-type":"","overlay-color":"","overlay-opacity":"","overlay-gradient":""},"mobile":{"background-color":"var(--ast-global-color-5)","background-image":"","background-repeat":"repeat","background-position":"center center","background-size":"auto","background-attachment":"scroll","background-type":"","background-media":"","overlay-type":"","overlay-color":"","overlay-opacity":"","overlay-gradient":""}},"footnotes":""},"class_list":["post-3662","page","type-page","status-publish","has-post-thumbnail","hentry"],"yoast_head":"<!-- This site is optimized with the Yoast SEO plugin v27.3 - https:\/\/yoast.com\/product\/yoast-seo-wordpress\/ -->\n<title>Rote Erbsen \u25b7 Partikel zum Karpfenfischen<\/title>\n<meta name=\"robots\" content=\"index, follow, max-snippet:-1, max-image-preview:large, max-video-preview:-1\" \/>\n<link rel=\"canonical\" href=\"https:\/\/www.carptigernuts.com\/de\/partikel\/rote-erbsen\/\" \/>\n<meta property=\"og:locale\" content=\"de_DE\" \/>\n<meta property=\"og:type\" content=\"article\" \/>\n<meta property=\"og:title\" content=\"Rote Erbsen \u25b7 Partikel zum Karpfenfischen\" \/>\n<meta property=\"og:description\" content=\"Rote Erbsen Genauseo wie der Mais und die Bohnen sind die roten Erbsen ein K\u00f6der welcher Sofort funktioniert. Eines der Fehler ist die roten Bohen zu viel zu ben\u00fctzen, was in einem l\u00e4ngerem Zeitraum die Fangquote verringert. Deshalb wird dieser Partikel in der letzten Zeit nicht mehr so viel ben\u00fctzt. Si haben ein Gr\u00f6\u00dfe von [&hellip;]\" \/>\n<meta property=\"og:url\" content=\"https:\/\/www.carptigernuts.com\/de\/partikel\/rote-erbsen\/\" \/>\n<meta property=\"og:site_name\" content=\"CarpTigernuts.com\" \/>\n<meta property=\"article:modified_time\" content=\"2019-10-19T09:53:44+00:00\" \/>\n<meta property=\"og:image\" content=\"https:\/\/www.carptigernuts.com\/wp-content\/uploads\/particles-mapple-peas.jpg\" \/>\n\t<meta property=\"og:image:width\" content=\"1024\" \/>\n\t<meta property=\"og:image:height\" content=\"683\" \/>\n\t<meta property=\"og:image:type\" content=\"image\/jpeg\" \/>\n<meta name=\"twitter:card\" content=\"summary_large_image\" \/>\n<meta name=\"twitter:label1\" content=\"Gesch\u00e4tzte Lesezeit\" \/>\n\t<meta name=\"twitter:data1\" content=\"1\u00a0Minute\" \/>\n<script type=\"application\/ld+json\" class=\"yoast-schema-graph\">{\"@context\":\"https:\\\/\\\/schema.org\",\"@graph\":[{\"@type\":\"WebPage\",\"@id\":\"https:\\\/\\\/www.carptigernuts.com\\\/de\\\/partikel\\\/rote-erbsen\\\/\",\"url\":\"https:\\\/\\\/www.carptigernuts.com\\\/de\\\/partikel\\\/rote-erbsen\\\/\",\"name\":\"Rote Erbsen \u25b7 Partikel zum Karpfenfischen\",\"isPartOf\":{\"@id\":\"https:\\\/\\\/www.carptigernuts.com\\\/de\\\/#website\"},\"primaryImageOfPage\":{\"@id\":\"https:\\\/\\\/www.carptigernuts.com\\\/de\\\/partikel\\\/rote-erbsen\\\/#primaryimage\"},\"image\":{\"@id\":\"https:\\\/\\\/www.carptigernuts.com\\\/de\\\/partikel\\\/rote-erbsen\\\/#primaryimage\"},\"thumbnailUrl\":\"https:\\\/\\\/www.carptigernuts.com\\\/wp-content\\\/uploads\\\/particles-mapple-peas.jpg\",\"datePublished\":\"2019-10-18T15:28:24+00:00\",\"dateModified\":\"2019-10-19T09:53:44+00:00\",\"breadcrumb\":{\"@id\":\"https:\\\/\\\/www.carptigernuts.com\\\/de\\\/partikel\\\/rote-erbsen\\\/#breadcrumb\"},\"inLanguage\":\"de\",\"potentialAction\":[{\"@type\":\"ReadAction\",\"target\":[\"https:\\\/\\\/www.carptigernuts.com\\\/de\\\/partikel\\\/rote-erbsen\\\/\"]}]},{\"@type\":\"ImageObject\",\"inLanguage\":\"de\",\"@id\":\"https:\\\/\\\/www.carptigernuts.com\\\/de\\\/partikel\\\/rote-erbsen\\\/#primaryimage\",\"url\":\"https:\\\/\\\/www.carptigernuts.com\\\/wp-content\\\/uploads\\\/particles-mapple-peas.jpg\",\"contentUrl\":\"https:\\\/\\\/www.carptigernuts.com\\\/wp-content\\\/uploads\\\/particles-mapple-peas.jpg\",\"width\":1024,\"height\":683,\"caption\":\"Mapple Peas for Carp Fishing\"},{\"@type\":\"BreadcrumbList\",\"@id\":\"https:\\\/\\\/www.carptigernuts.com\\\/de\\\/partikel\\\/rote-erbsen\\\/#breadcrumb\",\"itemListElement\":[{\"@type\":\"ListItem\",\"position\":1,\"name\":\"Home\",\"item\":\"https:\\\/\\\/www.carptigernuts.com\\\/de\\\/\"},{\"@type\":\"ListItem\",\"position\":2,\"name\":\"Partikel\",\"item\":\"https:\\\/\\\/www.carptigernuts.com\\\/de\\\/partikel\\\/\"},{\"@type\":\"ListItem\",\"position\":3,\"name\":\"Rote Erbsen\"}]},{\"@type\":\"WebSite\",\"@id\":\"https:\\\/\\\/www.carptigernuts.com\\\/de\\\/#website\",\"url\":\"https:\\\/\\\/www.carptigernuts.com\\\/de\\\/\",\"name\":\"CarpTigernuts.com\",\"description\":\"The tigernut: The king of the particles\",\"publisher\":{\"@id\":\"https:\\\/\\\/www.carptigernuts.com\\\/de\\\/#organization\"},\"potentialAction\":[{\"@type\":\"SearchAction\",\"target\":{\"@type\":\"EntryPoint\",\"urlTemplate\":\"https:\\\/\\\/www.carptigernuts.com\\\/de\\\/?s={search_term_string}\"},\"query-input\":{\"@type\":\"PropertyValueSpecification\",\"valueRequired\":true,\"valueName\":\"search_term_string\"}}],\"inLanguage\":\"de\"},{\"@type\":\"Organization\",\"@id\":\"https:\\\/\\\/www.carptigernuts.com\\\/de\\\/#organization\",\"name\":\"CarpTigernuts.com\",\"url\":\"https:\\\/\\\/www.carptigernuts.com\\\/de\\\/\",\"logo\":{\"@type\":\"ImageObject\",\"inLanguage\":\"de\",\"@id\":\"https:\\\/\\\/www.carptigernuts.com\\\/de\\\/#\\\/schema\\\/logo\\\/image\\\/\",\"url\":\"https:\\\/\\\/www.carptigernuts.com\\\/wp-content\\\/uploads\\\/carptigernuts-logo.png\",\"contentUrl\":\"https:\\\/\\\/www.carptigernuts.com\\\/wp-content\\\/uploads\\\/carptigernuts-logo.png\",\"width\":291,\"height\":150,\"caption\":\"CarpTigernuts.com\"},\"image\":{\"@id\":\"https:\\\/\\\/www.carptigernuts.com\\\/de\\\/#\\\/schema\\\/logo\\\/image\\\/\"}}]}<\/script>\n<!-- \/ Yoast SEO plugin. -->","yoast_head_json":{"title":"Rote Erbsen \u25b7 Partikel zum Karpfenfischen","robots":{"index":"index","follow":"follow","max-snippet":"max-snippet:-1","max-image-preview":"max-image-preview:large","max-video-preview":"max-video-preview:-1"},"canonical":"https:\/\/www.carptigernuts.com\/de\/partikel\/rote-erbsen\/","og_locale":"de_DE","og_type":"article","og_title":"Rote Erbsen \u25b7 Partikel zum Karpfenfischen","og_description":"Rote Erbsen Genauseo wie der Mais und die Bohnen sind die roten Erbsen ein K\u00f6der welcher Sofort funktioniert. Eines der Fehler ist die roten Bohen zu viel zu ben\u00fctzen, was in einem l\u00e4ngerem Zeitraum die Fangquote verringert. Deshalb wird dieser Partikel in der letzten Zeit nicht mehr so viel ben\u00fctzt. Si haben ein Gr\u00f6\u00dfe von [&hellip;]","og_url":"https:\/\/www.carptigernuts.com\/de\/partikel\/rote-erbsen\/","og_site_name":"CarpTigernuts.com","article_modified_time":"2019-10-19T09:53:44+00:00","og_image":[{"width":1024,"height":683,"url":"https:\/\/www.carptigernuts.com\/wp-content\/uploads\/particles-mapple-peas.jpg","type":"image\/jpeg"}],"twitter_card":"summary_large_image","twitter_misc":{"Gesch\u00e4tzte Lesezeit":"1\u00a0Minute"},"schema":{"@context":"https:\/\/schema.org","@graph":[{"@type":"WebPage","@id":"https:\/\/www.carptigernuts.com\/de\/partikel\/rote-erbsen\/","url":"https:\/\/www.carptigernuts.com\/de\/partikel\/rote-erbsen\/","name":"Rote Erbsen \u25b7 Partikel zum Karpfenfischen","isPartOf":{"@id":"https:\/\/www.carptigernuts.com\/de\/#website"},"primaryImageOfPage":{"@id":"https:\/\/www.carptigernuts.com\/de\/partikel\/rote-erbsen\/#primaryimage"},"image":{"@id":"https:\/\/www.carptigernuts.com\/de\/partikel\/rote-erbsen\/#primaryimage"},"thumbnailUrl":"https:\/\/www.carptigernuts.com\/wp-content\/uploads\/particles-mapple-peas.jpg","datePublished":"2019-10-18T15:28:24+00:00","dateModified":"2019-10-19T09:53:44+00:00","breadcrumb":{"@id":"https:\/\/www.carptigernuts.com\/de\/partikel\/rote-erbsen\/#breadcrumb"},"inLanguage":"de","potentialAction":[{"@type":"ReadAction","target":["https:\/\/www.carptigernuts.com\/de\/partikel\/rote-erbsen\/"]}]},{"@type":"ImageObject","inLanguage":"de","@id":"https:\/\/www.carptigernuts.com\/de\/partikel\/rote-erbsen\/#primaryimage","url":"https:\/\/www.carptigernuts.com\/wp-content\/uploads\/particles-mapple-peas.jpg","contentUrl":"https:\/\/www.carptigernuts.com\/wp-content\/uploads\/particles-mapple-peas.jpg","width":1024,"height":683,"caption":"Mapple Peas for Carp Fishing"},{"@type":"BreadcrumbList","@id":"https:\/\/www.carptigernuts.com\/de\/partikel\/rote-erbsen\/#breadcrumb","itemListElement":[{"@type":"ListItem","position":1,"name":"Home","item":"https:\/\/www.carptigernuts.com\/de\/"},{"@type":"ListItem","position":2,"name":"Partikel","item":"https:\/\/www.carptigernuts.com\/de\/partikel\/"},{"@type":"ListItem","position":3,"name":"Rote Erbsen"}]},{"@type":"WebSite","@id":"https:\/\/www.carptigernuts.com\/de\/#website","url":"https:\/\/www.carptigernuts.com\/de\/","name":"CarpTigernuts.com","description":"The tigernut: The king of the particles","publisher":{"@id":"https:\/\/www.carptigernuts.com\/de\/#organization"},"potentialAction":[{"@type":"SearchAction","target":{"@type":"EntryPoint","urlTemplate":"https:\/\/www.carptigernuts.com\/de\/?s={search_term_string}"},"query-input":{"@type":"PropertyValueSpecification","valueRequired":true,"valueName":"search_term_string"}}],"inLanguage":"de"},{"@type":"Organization","@id":"https:\/\/www.carptigernuts.com\/de\/#organization","name":"CarpTigernuts.com","url":"https:\/\/www.carptigernuts.com\/de\/","logo":{"@type":"ImageObject","inLanguage":"de","@id":"https:\/\/www.carptigernuts.com\/de\/#\/schema\/logo\/image\/","url":"https:\/\/www.carptigernuts.com\/wp-content\/uploads\/carptigernuts-logo.png","contentUrl":"https:\/\/www.carptigernuts.com\/wp-content\/uploads\/carptigernuts-logo.png","width":291,"height":150,"caption":"CarpTigernuts.com"},"image":{"@id":"https:\/\/www.carptigernuts.com\/de\/#\/schema\/logo\/image\/"}}]}},"jetpack_sharing_enabled":true,"_links":{"self":[{"href":"https:\/\/www.carptigernuts.com\/de\/wp-json\/wp\/v2\/pages\/3662","targetHints":{"allow":["GET"]}}],"collection":[{"href":"https:\/\/www.carptigernuts.com\/de\/wp-json\/wp\/v2\/pages"}],"about":[{"href":"https:\/\/www.carptigernuts.com\/de\/wp-json\/wp\/v2\/types\/page"}],"author":[{"embeddable":true,"href":"https:\/\/www.carptigernuts.com\/de\/wp-json\/wp\/v2\/users\/2"}],"replies":[{"embeddable":true,"href":"https:\/\/www.carptigernuts.com\/de\/wp-json\/wp\/v2\/comments?post=3662"}],"version-history":[{"count":5,"href":"https:\/\/www.carptigernuts.com\/de\/wp-json\/wp\/v2\/pages\/3662\/revisions"}],"predecessor-version":[{"id":3773,"href":"https:\/\/www.carptigernuts.com\/de\/wp-json\/wp\/v2\/pages\/3662\/revisions\/3773"}],"up":[{"embeddable":true,"href":"https:\/\/www.carptigernuts.com\/de\/wp-json\/wp\/v2\/pages\/3459"}],"wp:featuredmedia":[{"embeddable":true,"href":"https:\/\/www.carptigernuts.com\/de\/wp-json\/wp\/v2\/media\/417"}],"wp:attachment":[{"href":"https:\/\/www.carptigernuts.com\/de\/wp-json\/wp\/v2\/media?parent=3662"}],"curies":[{"name":"wp","href":"https:\/\/api.w.org\/{rel}","templated":true}]}}