{"id":3478,"date":"2019-10-18T16:26:42","date_gmt":"2019-10-18T14:26:42","guid":{"rendered":"https:\/\/www.carptigernuts.com\/?page_id=3478"},"modified":"2019-10-19T11:53:46","modified_gmt":"2019-10-19T09:53:46","slug":"subprodukte-der-tigernuesse","status":"publish","type":"page","link":"https:\/\/www.carptigernuts.com\/de\/subprodukte-der-tigernuesse\/","title":{"rendered":"Subprodukte"},"content":{"rendered":"\t\t<div data-elementor-type=\"wp-page\" data-elementor-id=\"3478\" class=\"elementor elementor-3478 elementor-198\" data-elementor-post-type=\"page\">\n\t\t\t\t\t\t<section class=\"elementor-section elementor-top-section elementor-element elementor-element-540a2aec elementor-section-boxed elementor-section-height-default elementor-section-height-default\" data-id=\"540a2aec\" data-element_type=\"section\" data-e-type=\"section\">\n\t\t\t\t\t\t<div class=\"elementor-container elementor-column-gap-default\">\n\t\t\t\t\t<div class=\"elementor-column elementor-col-100 elementor-top-column elementor-element elementor-element-77956867\" data-id=\"77956867\" data-element_type=\"column\" data-e-type=\"column\">\n\t\t\t<div class=\"elementor-widget-wrap elementor-element-populated\">\n\t\t\t\t\t\t<div class=\"elementor-element elementor-element-28d052f3 elementor-widget elementor-widget-heading\" data-id=\"28d052f3\" data-element_type=\"widget\" data-e-type=\"widget\" data-widget_type=\"heading.default\">\n\t\t\t\t<div class=\"elementor-widget-container\">\n\t\t\t\t\t<h1 class=\"elementor-heading-title elementor-size-default\">Subprodukte der Tigern\u00fcsse<\/h1>\t\t\t\t<\/div>\n\t\t\t\t<\/div>\n\t\t\t\t<div class=\"elementor-element elementor-element-7b26723b elementor-widget elementor-widget-text-editor\" data-id=\"7b26723b\" data-element_type=\"widget\" data-e-type=\"widget\" data-widget_type=\"text-editor.default\">\n\t\t\t\t<div class=\"elementor-widget-container\">\n\t\t\t\t\t\t\t\t\t<p>Wie auf der Seite bez\u00fcglich der Tigern\u00fcsse als Partikel schon erw\u00e4hnt wurde,\u00a0<strong>sind die Tigern\u00fcsse wohl eines der besten und effektivsten Partikel zum Karpfenangeln<\/strong>. Tigernuts Traders versucht immer den Kunden neue L\u00f6sungen anzubieten und deshalb haben wir vor einigen Jahren einige Produkte aus den Tigen\u00fcssen entwickelt. Dies erm\u00f6glicht unseren Kunden Ihre eigenen Boilies anzufertigen oder den Geschmack der Partikel intensiver zu machen.<\/p><p>Wir bieten folgende\u00a0<strong>Produkte zum Karpfenangeln<\/strong>\u00a0an:<\/p>\t\t\t\t\t\t\t\t<\/div>\n\t\t\t\t<\/div>\n\t\t\t\t\t<\/div>\n\t\t<\/div>\n\t\t\t\t\t<\/div>\n\t\t<\/section>\n\t\t\t\t<section class=\"elementor-section elementor-top-section elementor-element elementor-element-13e7d746 elementor-section-boxed elementor-section-height-default elementor-section-height-default\" data-id=\"13e7d746\" data-element_type=\"section\" data-e-type=\"section\" data-settings=\"{&quot;background_background&quot;:&quot;classic&quot;}\">\n\t\t\t\t\t\t<div class=\"elementor-container elementor-column-gap-default\">\n\t\t\t\t\t<div class=\"elementor-column elementor-col-100 elementor-top-column elementor-element elementor-element-5316f6aa\" data-id=\"5316f6aa\" data-element_type=\"column\" data-e-type=\"column\">\n\t\t\t<div class=\"elementor-widget-wrap elementor-element-populated\">\n\t\t\t\t\t\t<div class=\"elementor-element elementor-element-2592f56b elementor-posts--align-center elementor-grid-3 elementor-grid-tablet-2 elementor-grid-mobile-1 elementor-posts--thumbnail-top elementor-widget elementor-widget-posts\" data-id=\"2592f56b\" data-element_type=\"widget\" data-e-type=\"widget\" data-settings=\"{&quot;classic_columns&quot;:&quot;3&quot;,&quot;classic_columns_tablet&quot;:&quot;2&quot;,&quot;classic_columns_mobile&quot;:&quot;1&quot;,&quot;classic_row_gap&quot;:{&quot;unit&quot;:&quot;px&quot;,&quot;size&quot;:35,&quot;sizes&quot;:[]},&quot;classic_row_gap_tablet&quot;:{&quot;unit&quot;:&quot;px&quot;,&quot;size&quot;:&quot;&quot;,&quot;sizes&quot;:[]},&quot;classic_row_gap_mobile&quot;:{&quot;unit&quot;:&quot;px&quot;,&quot;size&quot;:&quot;&quot;,&quot;sizes&quot;:[]}}\" data-widget_type=\"posts.classic\">\n\t\t\t\t<div class=\"elementor-widget-container\">\n\t\t\t\t\t\t\t<div class=\"elementor-posts-container elementor-posts elementor-posts--skin-classic elementor-grid\" role=\"list\">\n\t\t\t\t<article class=\"elementor-post elementor-grid-item post-3534 page type-page status-publish has-post-thumbnail hentry\" role=\"listitem\">\n\t\t\t\t<a class=\"elementor-post__thumbnail__link\" href=\"https:\/\/www.carptigernuts.com\/de\/subprodukte-der-tigernuesse\/zerstossene-erdmandeln\/\" tabindex=\"-1\" >\n\t\t\t<div class=\"elementor-post__thumbnail\"><img fetchpriority=\"high\" decoding=\"async\" width=\"700\" height=\"460\" src=\"https:\/\/www.carptigernuts.com\/wp-content\/uploads\/tigernuts-derivatives-crushed-tigernuts.jpg\" class=\"attachment-medium_large size-medium_large wp-image-277\" alt=\"\" srcset=\"https:\/\/www.carptigernuts.com\/wp-content\/uploads\/tigernuts-derivatives-crushed-tigernuts.jpg 700w, https:\/\/www.carptigernuts.com\/wp-content\/uploads\/tigernuts-derivatives-crushed-tigernuts-150x99.jpg 150w, https:\/\/www.carptigernuts.com\/wp-content\/uploads\/tigernuts-derivatives-crushed-tigernuts-600x394.jpg 600w\" sizes=\"(max-width: 700px) 100vw, 700px\" \/><\/div>\n\t\t<\/a>\n\t\t\t\t<div class=\"elementor-post__text\">\n\t\t\t\t<h2 class=\"elementor-post__title\">\n\t\t\t<a href=\"https:\/\/www.carptigernuts.com\/de\/subprodukte-der-tigernuesse\/zerstossene-erdmandeln\/\" >\n\t\t\t\tZerstossene Erdmandeln\t\t\t<\/a>\n\t\t<\/h2>\n\t\t\n\t\t<a class=\"elementor-post__read-more\" href=\"https:\/\/www.carptigernuts.com\/de\/subprodukte-der-tigernuesse\/zerstossene-erdmandeln\/\" aria-label=\"Mehr \u00fcber Zerstossene Erdmandeln\" tabindex=\"-1\" >\n\t\t\tWEITERLESEN \u00bb\t\t<\/a>\n\n\t\t\t\t<\/div>\n\t\t\t\t<\/article>\n\t\t\t\t<article class=\"elementor-post elementor-grid-item post-3543 page type-page status-publish has-post-thumbnail hentry\" role=\"listitem\">\n\t\t\t\t<a class=\"elementor-post__thumbnail__link\" href=\"https:\/\/www.carptigernuts.com\/de\/subprodukte-der-tigernuesse\/geschaelte-erdmandeln\/\" tabindex=\"-1\" >\n\t\t\t<div class=\"elementor-post__thumbnail\"><img decoding=\"async\" width=\"768\" height=\"512\" src=\"https:\/\/www.carptigernuts.com\/wp-content\/uploads\/tigernuts-derivatives-skinned-tigernuts-768x512.jpg\" class=\"attachment-medium_large size-medium_large wp-image-285\" alt=\"\" srcset=\"https:\/\/www.carptigernuts.com\/wp-content\/uploads\/tigernuts-derivatives-skinned-tigernuts-768x512.jpg 768w, https:\/\/www.carptigernuts.com\/wp-content\/uploads\/tigernuts-derivatives-skinned-tigernuts-150x100.jpg 150w, https:\/\/www.carptigernuts.com\/wp-content\/uploads\/tigernuts-derivatives-skinned-tigernuts-600x400.jpg 600w, https:\/\/www.carptigernuts.com\/wp-content\/uploads\/tigernuts-derivatives-skinned-tigernuts.jpg 1024w\" sizes=\"(max-width: 768px) 100vw, 768px\" \/><\/div>\n\t\t<\/a>\n\t\t\t\t<div class=\"elementor-post__text\">\n\t\t\t\t<h2 class=\"elementor-post__title\">\n\t\t\t<a href=\"https:\/\/www.carptigernuts.com\/de\/subprodukte-der-tigernuesse\/geschaelte-erdmandeln\/\" >\n\t\t\t\tGesch\u00e4lte Erdmandeln\t\t\t<\/a>\n\t\t<\/h2>\n\t\t\n\t\t<a class=\"elementor-post__read-more\" href=\"https:\/\/www.carptigernuts.com\/de\/subprodukte-der-tigernuesse\/geschaelte-erdmandeln\/\" aria-label=\"Mehr \u00fcber Gesch\u00e4lte Erdmandeln\" tabindex=\"-1\" >\n\t\t\tWEITERLESEN \u00bb\t\t<\/a>\n\n\t\t\t\t<\/div>\n\t\t\t\t<\/article>\n\t\t\t\t<article class=\"elementor-post elementor-grid-item post-3553 page type-page status-publish has-post-thumbnail hentry\" role=\"listitem\">\n\t\t\t\t<a class=\"elementor-post__thumbnail__link\" href=\"https:\/\/www.carptigernuts.com\/de\/subprodukte-der-tigernuesse\/tigernussmehl\/\" tabindex=\"-1\" >\n\t\t\t<div class=\"elementor-post__thumbnail\"><img decoding=\"async\" width=\"768\" height=\"512\" src=\"https:\/\/www.carptigernuts.com\/wp-content\/uploads\/tigernuts-derivatives-tigernuts-flour-768x512.jpg\" class=\"attachment-medium_large size-medium_large wp-image-312\" alt=\"\" srcset=\"https:\/\/www.carptigernuts.com\/wp-content\/uploads\/tigernuts-derivatives-tigernuts-flour-768x512.jpg 768w, https:\/\/www.carptigernuts.com\/wp-content\/uploads\/tigernuts-derivatives-tigernuts-flour-150x100.jpg 150w, https:\/\/www.carptigernuts.com\/wp-content\/uploads\/tigernuts-derivatives-tigernuts-flour-600x400.jpg 600w, https:\/\/www.carptigernuts.com\/wp-content\/uploads\/tigernuts-derivatives-tigernuts-flour.jpg 1024w\" sizes=\"(max-width: 768px) 100vw, 768px\" \/><\/div>\n\t\t<\/a>\n\t\t\t\t<div class=\"elementor-post__text\">\n\t\t\t\t<h2 class=\"elementor-post__title\">\n\t\t\t<a href=\"https:\/\/www.carptigernuts.com\/de\/subprodukte-der-tigernuesse\/tigernussmehl\/\" >\n\t\t\t\tTigernussmehl\t\t\t<\/a>\n\t\t<\/h2>\n\t\t\n\t\t<a class=\"elementor-post__read-more\" href=\"https:\/\/www.carptigernuts.com\/de\/subprodukte-der-tigernuesse\/tigernussmehl\/\" aria-label=\"Mehr \u00fcber Tigernussmehl\" tabindex=\"-1\" >\n\t\t\tWEITERLESEN \u00bb\t\t<\/a>\n\n\t\t\t\t<\/div>\n\t\t\t\t<\/article>\n\t\t\t\t<article class=\"elementor-post elementor-grid-item post-3562 page type-page status-publish has-post-thumbnail hentry\" role=\"listitem\">\n\t\t\t\t<a class=\"elementor-post__thumbnail__link\" href=\"https:\/\/www.carptigernuts.com\/de\/subprodukte-der-tigernuesse\/tigernussmilch\/\" tabindex=\"-1\" >\n\t\t\t<div class=\"elementor-post__thumbnail\"><img loading=\"lazy\" decoding=\"async\" width=\"768\" height=\"512\" src=\"https:\/\/www.carptigernuts.com\/wp-content\/uploads\/tigernuts-derivatives-tigernuts-extract-2-768x512.jpg\" class=\"attachment-medium_large size-medium_large wp-image-305\" alt=\"\" srcset=\"https:\/\/www.carptigernuts.com\/wp-content\/uploads\/tigernuts-derivatives-tigernuts-extract-2-768x512.jpg 768w, https:\/\/www.carptigernuts.com\/wp-content\/uploads\/tigernuts-derivatives-tigernuts-extract-2-150x100.jpg 150w, https:\/\/www.carptigernuts.com\/wp-content\/uploads\/tigernuts-derivatives-tigernuts-extract-2-600x400.jpg 600w, https:\/\/www.carptigernuts.com\/wp-content\/uploads\/tigernuts-derivatives-tigernuts-extract-2.jpg 1024w\" sizes=\"(max-width: 768px) 100vw, 768px\" \/><\/div>\n\t\t<\/a>\n\t\t\t\t<div class=\"elementor-post__text\">\n\t\t\t\t<h2 class=\"elementor-post__title\">\n\t\t\t<a href=\"https:\/\/www.carptigernuts.com\/de\/subprodukte-der-tigernuesse\/tigernussmilch\/\" >\n\t\t\t\tTigernussmilch Sirup\t\t\t<\/a>\n\t\t<\/h2>\n\t\t\n\t\t<a class=\"elementor-post__read-more\" href=\"https:\/\/www.carptigernuts.com\/de\/subprodukte-der-tigernuesse\/tigernussmilch\/\" aria-label=\"Mehr \u00fcber Tigernussmilch Sirup\" tabindex=\"-1\" >\n\t\t\tWEITERLESEN \u00bb\t\t<\/a>\n\n\t\t\t\t<\/div>\n\t\t\t\t<\/article>\n\t\t\t\t<article class=\"elementor-post elementor-grid-item post-3572 page type-page status-publish has-post-thumbnail hentry\" role=\"listitem\">\n\t\t\t\t<a class=\"elementor-post__thumbnail__link\" href=\"https:\/\/www.carptigernuts.com\/de\/subprodukte-der-tigernuesse\/tigernuts-meal\/\" tabindex=\"-1\" >\n\t\t\t<div class=\"elementor-post__thumbnail\"><img loading=\"lazy\" decoding=\"async\" width=\"768\" height=\"512\" src=\"https:\/\/www.carptigernuts.com\/wp-content\/uploads\/tigernuts-derivatives-tigernuts-meal-768x512.jpg\" class=\"attachment-medium_large size-medium_large wp-image-205\" alt=\"\" srcset=\"https:\/\/www.carptigernuts.com\/wp-content\/uploads\/tigernuts-derivatives-tigernuts-meal-768x512.jpg 768w, https:\/\/www.carptigernuts.com\/wp-content\/uploads\/tigernuts-derivatives-tigernuts-meal-150x100.jpg 150w, https:\/\/www.carptigernuts.com\/wp-content\/uploads\/tigernuts-derivatives-tigernuts-meal-600x400.jpg 600w, https:\/\/www.carptigernuts.com\/wp-content\/uploads\/tigernuts-derivatives-tigernuts-meal.jpg 1024w\" sizes=\"(max-width: 768px) 100vw, 768px\" \/><\/div>\n\t\t<\/a>\n\t\t\t\t<div class=\"elementor-post__text\">\n\t\t\t\t<h2 class=\"elementor-post__title\">\n\t\t\t<a href=\"https:\/\/www.carptigernuts.com\/de\/subprodukte-der-tigernuesse\/tigernuts-meal\/\" >\n\t\t\t\tTigernuts Meal\t\t\t<\/a>\n\t\t<\/h2>\n\t\t\n\t\t<a class=\"elementor-post__read-more\" href=\"https:\/\/www.carptigernuts.com\/de\/subprodukte-der-tigernuesse\/tigernuts-meal\/\" aria-label=\"Mehr \u00fcber Tigernuts Meal\" tabindex=\"-1\" >\n\t\t\tWEITERLESEN \u00bb\t\t<\/a>\n\n\t\t\t\t<\/div>\n\t\t\t\t<\/article>\n\t\t\t\t<article class=\"elementor-post elementor-grid-item post-3581 page type-page status-publish has-post-thumbnail hentry\" role=\"listitem\">\n\t\t\t\t<a class=\"elementor-post__thumbnail__link\" href=\"https:\/\/www.carptigernuts.com\/de\/subprodukte-der-tigernuesse\/tigernussoel\/\" tabindex=\"-1\" >\n\t\t\t<div class=\"elementor-post__thumbnail\"><img loading=\"lazy\" decoding=\"async\" width=\"768\" height=\"512\" src=\"https:\/\/www.carptigernuts.com\/wp-content\/uploads\/tigernuts-derivatives-tigernuts-oil-768x512.jpg\" class=\"attachment-medium_large size-medium_large wp-image-292\" alt=\"\" srcset=\"https:\/\/www.carptigernuts.com\/wp-content\/uploads\/tigernuts-derivatives-tigernuts-oil-768x512.jpg 768w, https:\/\/www.carptigernuts.com\/wp-content\/uploads\/tigernuts-derivatives-tigernuts-oil-150x100.jpg 150w, https:\/\/www.carptigernuts.com\/wp-content\/uploads\/tigernuts-derivatives-tigernuts-oil-600x400.jpg 600w, https:\/\/www.carptigernuts.com\/wp-content\/uploads\/tigernuts-derivatives-tigernuts-oil.jpg 1024w\" sizes=\"(max-width: 768px) 100vw, 768px\" \/><\/div>\n\t\t<\/a>\n\t\t\t\t<div class=\"elementor-post__text\">\n\t\t\t\t<h2 class=\"elementor-post__title\">\n\t\t\t<a href=\"https:\/\/www.carptigernuts.com\/de\/subprodukte-der-tigernuesse\/tigernussoel\/\" >\n\t\t\t\tTigernuss\u00f6l\t\t\t<\/a>\n\t\t<\/h2>\n\t\t\n\t\t<a class=\"elementor-post__read-more\" href=\"https:\/\/www.carptigernuts.com\/de\/subprodukte-der-tigernuesse\/tigernussoel\/\" aria-label=\"Mehr \u00fcber Tigernuss\u00f6l\" tabindex=\"-1\" >\n\t\t\tWEITERLESEN \u00bb\t\t<\/a>\n\n\t\t\t\t<\/div>\n\t\t\t\t<\/article>\n\t\t\t\t<\/div>\n\t\t\n\t\t\t\t\t\t<\/div>\n\t\t\t\t<\/div>\n\t\t\t\t\t<\/div>\n\t\t<\/div>\n\t\t\t\t\t<\/div>\n\t\t<\/section>\n\t\t\t\t<\/div>\n\t\t","protected":false},"excerpt":{"rendered":"<p>Subprodukte der Tigern\u00fcsse Wie auf der Seite bez\u00fcglich der Tigern\u00fcsse als Partikel schon erw\u00e4hnt wurde,\u00a0sind die Tigern\u00fcsse wohl eines der besten und effektivsten Partikel zum Karpfenangeln. Tigernuts Traders versucht immer den Kunden neue L\u00f6sungen anzubieten und deshalb haben wir vor einigen Jahren einige Produkte aus den Tigen\u00fcssen entwickelt. Dies erm\u00f6glicht unseren Kunden Ihre eigenen Boilies<\/p>\n","protected":false},"author":2,"featured_media":0,"parent":0,"menu_order":0,"comment_status":"closed","ping_status":"closed","template":"","meta":{"site-sidebar-layout":"no-sidebar","site-content-layout":"page-builder","ast-site-content-layout":"default","site-content-style":"default","site-sidebar-style":"default","ast-global-header-display":"","ast-banner-title-visibility":"","ast-main-header-display":"","ast-hfb-above-header-display":"","ast-hfb-below-header-display":"","ast-hfb-mobile-header-display":"","site-post-title":"disabled","ast-breadcrumbs-content":"","ast-featured-img":"disabled","footer-sml-layout":"","ast-disable-related-posts":"","theme-transparent-header-meta":"default","adv-header-id-meta":"","stick-header-meta":"","header-above-stick-meta":"","header-main-stick-meta":"","header-below-stick-meta":"","astra-migrate-meta-layouts":"default","ast-page-background-enabled":"default","ast-page-background-meta":{"desktop":{"background-color":"","background-image":"","background-repeat":"repeat","background-position":"center center","background-size":"auto","background-attachment":"scroll","background-type":"","background-media":"","overlay-type":"","overlay-color":"","overlay-opacity":"","overlay-gradient":""},"tablet":{"background-color":"","background-image":"","background-repeat":"repeat","background-position":"center center","background-size":"auto","background-attachment":"scroll","background-type":"","background-media":"","overlay-type":"","overlay-color":"","overlay-opacity":"","overlay-gradient":""},"mobile":{"background-color":"","background-image":"","background-repeat":"repeat","background-position":"center center","background-size":"auto","background-attachment":"scroll","background-type":"","background-media":"","overlay-type":"","overlay-color":"","overlay-opacity":"","overlay-gradient":""}},"ast-content-background-meta":{"desktop":{"background-color":"var(--ast-global-color-5)","background-image":"","background-repeat":"repeat","background-position":"center center","background-size":"auto","background-attachment":"scroll","background-type":"","background-media":"","overlay-type":"","overlay-color":"","overlay-opacity":"","overlay-gradient":""},"tablet":{"background-color":"var(--ast-global-color-5)","background-image":"","background-repeat":"repeat","background-position":"center center","background-size":"auto","background-attachment":"scroll","background-type":"","background-media":"","overlay-type":"","overlay-color":"","overlay-opacity":"","overlay-gradient":""},"mobile":{"background-color":"var(--ast-global-color-5)","background-image":"","background-repeat":"repeat","background-position":"center center","background-size":"auto","background-attachment":"scroll","background-type":"","background-media":"","overlay-type":"","overlay-color":"","overlay-opacity":"","overlay-gradient":""}},"footnotes":""},"class_list":["post-3478","page","type-page","status-publish","hentry"],"yoast_head":"<!-- This site is optimized with the Yoast SEO plugin v27.3 - https:\/\/yoast.com\/product\/yoast-seo-wordpress\/ -->\n<title>Subprodukte der Tigern\u00fcsse \u25b7 zum Karpfenfischen<\/title>\n<meta name=\"robots\" content=\"index, follow, max-snippet:-1, max-image-preview:large, max-video-preview:-1\" \/>\n<link rel=\"canonical\" href=\"https:\/\/www.carptigernuts.com\/de\/subprodukte-der-tigernuesse\/\" \/>\n<meta property=\"og:locale\" content=\"de_DE\" \/>\n<meta property=\"og:type\" content=\"article\" \/>\n<meta property=\"og:title\" content=\"Subprodukte der Tigern\u00fcsse \u25b7 zum Karpfenfischen\" \/>\n<meta property=\"og:description\" content=\"Subprodukte der Tigern\u00fcsse Wie auf der Seite bez\u00fcglich der Tigern\u00fcsse als Partikel schon erw\u00e4hnt wurde,\u00a0sind die Tigern\u00fcsse wohl eines der besten und effektivsten Partikel zum Karpfenangeln. Tigernuts Traders versucht immer den Kunden neue L\u00f6sungen anzubieten und deshalb haben wir vor einigen Jahren einige Produkte aus den Tigen\u00fcssen entwickelt. Dies erm\u00f6glicht unseren Kunden Ihre eigenen Boilies\" \/>\n<meta property=\"og:url\" content=\"https:\/\/www.carptigernuts.com\/de\/subprodukte-der-tigernuesse\/\" \/>\n<meta property=\"og:site_name\" content=\"CarpTigernuts.com\" \/>\n<meta property=\"article:modified_time\" content=\"2019-10-19T09:53:46+00:00\" \/>\n<meta name=\"twitter:card\" content=\"summary_large_image\" \/>\n<script type=\"application\/ld+json\" class=\"yoast-schema-graph\">{\"@context\":\"https:\\\/\\\/schema.org\",\"@graph\":[{\"@type\":\"WebPage\",\"@id\":\"https:\\\/\\\/www.carptigernuts.com\\\/de\\\/subprodukte-der-tigernuesse\\\/\",\"url\":\"https:\\\/\\\/www.carptigernuts.com\\\/de\\\/subprodukte-der-tigernuesse\\\/\",\"name\":\"Subprodukte der Tigern\u00fcsse \u25b7 zum Karpfenfischen\",\"isPartOf\":{\"@id\":\"https:\\\/\\\/www.carptigernuts.com\\\/de\\\/#website\"},\"datePublished\":\"2019-10-18T14:26:42+00:00\",\"dateModified\":\"2019-10-19T09:53:46+00:00\",\"breadcrumb\":{\"@id\":\"https:\\\/\\\/www.carptigernuts.com\\\/de\\\/subprodukte-der-tigernuesse\\\/#breadcrumb\"},\"inLanguage\":\"de\",\"potentialAction\":[{\"@type\":\"ReadAction\",\"target\":[\"https:\\\/\\\/www.carptigernuts.com\\\/de\\\/subprodukte-der-tigernuesse\\\/\"]}]},{\"@type\":\"BreadcrumbList\",\"@id\":\"https:\\\/\\\/www.carptigernuts.com\\\/de\\\/subprodukte-der-tigernuesse\\\/#breadcrumb\",\"itemListElement\":[{\"@type\":\"ListItem\",\"position\":1,\"name\":\"Home\",\"item\":\"https:\\\/\\\/www.carptigernuts.com\\\/de\\\/\"},{\"@type\":\"ListItem\",\"position\":2,\"name\":\"Subprodukte\"}]},{\"@type\":\"WebSite\",\"@id\":\"https:\\\/\\\/www.carptigernuts.com\\\/de\\\/#website\",\"url\":\"https:\\\/\\\/www.carptigernuts.com\\\/de\\\/\",\"name\":\"CarpTigernuts.com\",\"description\":\"The tigernut: The king of the particles\",\"publisher\":{\"@id\":\"https:\\\/\\\/www.carptigernuts.com\\\/de\\\/#organization\"},\"potentialAction\":[{\"@type\":\"SearchAction\",\"target\":{\"@type\":\"EntryPoint\",\"urlTemplate\":\"https:\\\/\\\/www.carptigernuts.com\\\/de\\\/?s={search_term_string}\"},\"query-input\":{\"@type\":\"PropertyValueSpecification\",\"valueRequired\":true,\"valueName\":\"search_term_string\"}}],\"inLanguage\":\"de\"},{\"@type\":\"Organization\",\"@id\":\"https:\\\/\\\/www.carptigernuts.com\\\/de\\\/#organization\",\"name\":\"CarpTigernuts.com\",\"url\":\"https:\\\/\\\/www.carptigernuts.com\\\/de\\\/\",\"logo\":{\"@type\":\"ImageObject\",\"inLanguage\":\"de\",\"@id\":\"https:\\\/\\\/www.carptigernuts.com\\\/de\\\/#\\\/schema\\\/logo\\\/image\\\/\",\"url\":\"https:\\\/\\\/www.carptigernuts.com\\\/wp-content\\\/uploads\\\/carptigernuts-logo.png\",\"contentUrl\":\"https:\\\/\\\/www.carptigernuts.com\\\/wp-content\\\/uploads\\\/carptigernuts-logo.png\",\"width\":291,\"height\":150,\"caption\":\"CarpTigernuts.com\"},\"image\":{\"@id\":\"https:\\\/\\\/www.carptigernuts.com\\\/de\\\/#\\\/schema\\\/logo\\\/image\\\/\"}}]}<\/script>\n<!-- \/ Yoast SEO plugin. -->","yoast_head_json":{"title":"Subprodukte der Tigern\u00fcsse \u25b7 zum Karpfenfischen","robots":{"index":"index","follow":"follow","max-snippet":"max-snippet:-1","max-image-preview":"max-image-preview:large","max-video-preview":"max-video-preview:-1"},"canonical":"https:\/\/www.carptigernuts.com\/de\/subprodukte-der-tigernuesse\/","og_locale":"de_DE","og_type":"article","og_title":"Subprodukte der Tigern\u00fcsse \u25b7 zum Karpfenfischen","og_description":"Subprodukte der Tigern\u00fcsse Wie auf der Seite bez\u00fcglich der Tigern\u00fcsse als Partikel schon erw\u00e4hnt wurde,\u00a0sind die Tigern\u00fcsse wohl eines der besten und effektivsten Partikel zum Karpfenangeln. Tigernuts Traders versucht immer den Kunden neue L\u00f6sungen anzubieten und deshalb haben wir vor einigen Jahren einige Produkte aus den Tigen\u00fcssen entwickelt. Dies erm\u00f6glicht unseren Kunden Ihre eigenen Boilies","og_url":"https:\/\/www.carptigernuts.com\/de\/subprodukte-der-tigernuesse\/","og_site_name":"CarpTigernuts.com","article_modified_time":"2019-10-19T09:53:46+00:00","twitter_card":"summary_large_image","schema":{"@context":"https:\/\/schema.org","@graph":[{"@type":"WebPage","@id":"https:\/\/www.carptigernuts.com\/de\/subprodukte-der-tigernuesse\/","url":"https:\/\/www.carptigernuts.com\/de\/subprodukte-der-tigernuesse\/","name":"Subprodukte der Tigern\u00fcsse \u25b7 zum Karpfenfischen","isPartOf":{"@id":"https:\/\/www.carptigernuts.com\/de\/#website"},"datePublished":"2019-10-18T14:26:42+00:00","dateModified":"2019-10-19T09:53:46+00:00","breadcrumb":{"@id":"https:\/\/www.carptigernuts.com\/de\/subprodukte-der-tigernuesse\/#breadcrumb"},"inLanguage":"de","potentialAction":[{"@type":"ReadAction","target":["https:\/\/www.carptigernuts.com\/de\/subprodukte-der-tigernuesse\/"]}]},{"@type":"BreadcrumbList","@id":"https:\/\/www.carptigernuts.com\/de\/subprodukte-der-tigernuesse\/#breadcrumb","itemListElement":[{"@type":"ListItem","position":1,"name":"Home","item":"https:\/\/www.carptigernuts.com\/de\/"},{"@type":"ListItem","position":2,"name":"Subprodukte"}]},{"@type":"WebSite","@id":"https:\/\/www.carptigernuts.com\/de\/#website","url":"https:\/\/www.carptigernuts.com\/de\/","name":"CarpTigernuts.com","description":"The tigernut: The king of the particles","publisher":{"@id":"https:\/\/www.carptigernuts.com\/de\/#organization"},"potentialAction":[{"@type":"SearchAction","target":{"@type":"EntryPoint","urlTemplate":"https:\/\/www.carptigernuts.com\/de\/?s={search_term_string}"},"query-input":{"@type":"PropertyValueSpecification","valueRequired":true,"valueName":"search_term_string"}}],"inLanguage":"de"},{"@type":"Organization","@id":"https:\/\/www.carptigernuts.com\/de\/#organization","name":"CarpTigernuts.com","url":"https:\/\/www.carptigernuts.com\/de\/","logo":{"@type":"ImageObject","inLanguage":"de","@id":"https:\/\/www.carptigernuts.com\/de\/#\/schema\/logo\/image\/","url":"https:\/\/www.carptigernuts.com\/wp-content\/uploads\/carptigernuts-logo.png","contentUrl":"https:\/\/www.carptigernuts.com\/wp-content\/uploads\/carptigernuts-logo.png","width":291,"height":150,"caption":"CarpTigernuts.com"},"image":{"@id":"https:\/\/www.carptigernuts.com\/de\/#\/schema\/logo\/image\/"}}]}},"jetpack_sharing_enabled":true,"_links":{"self":[{"href":"https:\/\/www.carptigernuts.com\/de\/wp-json\/wp\/v2\/pages\/3478","targetHints":{"allow":["GET"]}}],"collection":[{"href":"https:\/\/www.carptigernuts.com\/de\/wp-json\/wp\/v2\/pages"}],"about":[{"href":"https:\/\/www.carptigernuts.com\/de\/wp-json\/wp\/v2\/types\/page"}],"author":[{"embeddable":true,"href":"https:\/\/www.carptigernuts.com\/de\/wp-json\/wp\/v2\/users\/2"}],"replies":[{"embeddable":true,"href":"https:\/\/www.carptigernuts.com\/de\/wp-json\/wp\/v2\/comments?post=3478"}],"version-history":[{"count":6,"href":"https:\/\/www.carptigernuts.com\/de\/wp-json\/wp\/v2\/pages\/3478\/revisions"}],"predecessor-version":[{"id":3768,"href":"https:\/\/www.carptigernuts.com\/de\/wp-json\/wp\/v2\/pages\/3478\/revisions\/3768"}],"wp:attachment":[{"href":"https:\/\/www.carptigernuts.com\/de\/wp-json\/wp\/v2\/media?parent=3478"}],"curies":[{"name":"wp","href":"https:\/\/api.w.org\/{rel}","templated":true}]}}